{"id":816,"date":"2022-05-29T00:00:42","date_gmt":"2022-05-29T05:00:42","guid":{"rendered":"https:\/\/opm01.com\/01\/ventajas-de-la-residencia-en-dubai\/"},"modified":"2023-02-15T13:41:27","modified_gmt":"2023-02-15T18:41:27","slug":"vantaggi-della-residenza-a-dubai","status":"publish","type":"product","link":"https:\/\/opm01.com\/it\/prodotto\/vantaggi-della-residenza-a-dubai\/","title":{"rendered":"Vantaggi della residenza a Dubai"},"content":{"rendered":"<h1 style=\"font-size: 2em;\">Dubai non \u00e8 presente in nessuna lista nera, quindi la residenza a Dubai \u00e8 molto favorevole, anche se ci sono alcuni svantaggi.<\/h1>\n<p>L&#8217;Emirato non figura in nessuna lista nera. Ha diverse zone economiche speciali e zone franche. Uno dei principali vantaggi della residenza a Dubai \u00e8 la favorevole politica fiscale applicata.<\/p>\n<p>Nell&#8217;Emirato l&#8217;imposta sul reddito \u00e8 dovuta per i profitti superiori a Dh 375000 (100,000 USD)\u00a0 per le persone fisiche o le societ\u00e0 che sono residenti fiscali. Dubai ha firmato trattati con quasi 80 Paesi per evitare la doppia imposizione.<\/p>\n<p>Esistono due modi per ottenere la residenza a Dubai. Il metodo pi\u00f9 comune \u00e8 quello di registrare una societ\u00e0 a proprio nome a Dubai o in una delle zone franche che operano negli EAU. Questo visto residenziale \u00e8 valido per tre anni. Ma pu\u00f2 essere rinnovato per lo stesso periodo. Con questo visto si ha un permesso di lavoro e si pu\u00f2 richiedere il visto di soggiorno (con supplemento di prezzo) per i propri familiari stretti, compresi il coniuge e i figli di et\u00e0 inferiore ai 18 anni.<\/p>\n<p>Un altro modo per ottenere la residenza a Dubai \u00e8 l&#8217;acquisto di una propriet\u00e0 nell&#8217;Emirato. L&#8217;importo minimo di acquisto \u00e8 di 275.000 dollari USA. Con questa opzione, il visto residenziale \u00e8 valido per due anni. Con questo visto non si pu\u00f2 lavorare a Dubai, ma \u00e8 rinnovabile, a patto che si mantenga la propriet\u00e0.<\/p>\n<h2>Residenza a Dubai al miglior prezzo<\/h2>\n<p>Perch\u00e9 pagare di pi\u00f9 per una residenza a Dubai? Con Caporaso &amp; Partners puoi trattare direttamente con l&#8217;International Free Zone Authority di Dubai ed evitare di essere truffato o sovraccaricato. Ti addebitiamo solo il costo di una consulenza iniziale e di una consulenza successiva. In questo modo pagherai le tasse ufficiali negli EAU per ottenere un visto di residenza a Dubai o per incorporare la tua societ\u00e0 nella Dubai International Free Zone.<\/p>\n<p>&nbsp;<\/p>\n<p><strong>I 5 svantaggi della residenza a Dubai rispetto alla residenza a Panama sono:<\/strong><\/p>\n<p>1. \u00c8 obbligatorio entrare nel Paese due volte l&#8217;anno;<\/p>\n<p>2. Deve essere rinnovato ogni anno;<\/p>\n<p>3. Non d\u00e0 mai il diritto di ottenere la cittadinanza;<\/p>\n<p>4. Costo elevato dei programmi di rilascio dei visti;<\/p>\n<p>5. Costo della vita elevato.<\/p>\n<form style=\"max-width: 300px; border-radius: 10px; padding: 5px;\" action=\"https:\/\/www.paypal.com\/cgi-bin\/webscr\" method=\"post\" target=\"_top\"><input style=\"max-width: 300px; border-radius: 10px; padding: 5px;\" name=\"cmd\" type=\"hidden\" value=\"_s-xclick\" \/><br \/>\n<input style=\"max-width: 300px; border-radius: 10px; padding: 5px;\" name=\"hosted_button_id\" type=\"hidden\" value=\"F4V9VVN5H6MHN\" \/><\/p>\n<table>\n<tbody>\n<tr>\n<td><input style=\"max-width: 300px; border-radius: 10px; padding: 5px;\" name=\"on0\" type=\"hidden\" value=\"Consulenze telefoniche\" \/>Consulenze telefoniche<\/td>\n<\/tr>\n<tr>\n<td><select style=\"max-width: 300px; border-radius: 10px; padding: 5px;\" name=\"os0\"><option value=\"10 Minuti\">10 Minuti \u20ac50.00 EUR<\/option><option value=\"20 Minuti\">20 Minuti \u20ac80.00 EUR<\/option><option value=\"30 Minuti\">30 Minuti \u20ac120.00 EUR<\/option><\/select><\/td>\n<\/tr>\n<tr>\n<td><input style=\"max-width: 300px; border-radius: 10px; padding: 5px;\" name=\"on1\" type=\"hidden\" value=\"Inserire numero telefonico\" \/>Inserire numero telefonico<\/td>\n<\/tr>\n<tr>\n<td><input style=\"max-width: 300px; border-radius: 10px; padding: 5px;\" maxlength=\"200\" name=\"os1\" type=\"text\" \/><\/td>\n<\/tr>\n<\/tbody>\n<\/table>\n<p><input style=\"max-width: 300px; border-radius: 10px; padding: 5px;\" name=\"currency_code\" type=\"hidden\" value=\"EUR\" \/><br \/>\n<input style=\"max-width: 300px; border-radius: 10px; padding: 5px;\" alt=\"PayPal - The safer, easier way to pay online!\" name=\"submit\" src=\"https:\/\/www.paypalobjects.com\/en_US\/i\/btn\/btn_buynowCC_LG.gif\" type=\"image\" \/><br \/>\n<img decoding=\"async\" style=\"max-width: 300px; border-radius: 10px; padding: 5px;\" src=\"https:\/\/www.paypalobjects.com\/es_XC\/i\/scr\/pixel.gif\" alt=\"\" width=\"1\" height=\"1\" border=\"0\" \/><\/p>\n<\/form>\n<h3><strong>Guida per ottenere la residenza a Dubai<\/strong><\/h3>\n<p>Per ottenere la residenza a Dubai\u00a0 preferiamo procedere nella seguente forma:<\/p>\n<h3><strong>Consulenza telefonica previa, dove analizziamo le tue esigenze e ti proponiamo le opzioni disponibili<\/strong><\/h3>\n<p>Costo 50.00 EUR o equivalente in altra moneta.<\/p>\n<h3><strong>Pacchetto di consulenza valido per 30 giorni (fair use)<\/strong><\/h3>\n<p>Una volta deciso di procedere alla richiesta della residenza a Dubai, \u00e8 necessario acquistare un pacchetto di consulenze valido per 30 giorni. In questa fase ti spieghiamo come applicare e pagare direttamente alle autorit\u00e0 (senza intermediari) per la tua societ\u00e0 e la tua residenza a Dubai. Per quanto possibile, compiliamo i moduli o ti mostriamo come farlo. Inoltre, ti prepariamo per il colloquio con i funzionari. Durante i 30 giorni ti seguiremo (si applica la clausola di uso corretto o di non abuso) nel processo di apertura di una societ\u00e0 e di residenza a Dubai.<\/p>\n<p>Costo di 350 EUR o equivalente in altra valuta.<\/p>\n<p>In ogni caso, abbiamo esperienza e contatti stabiliti nella Free Zone di Dubai\u00a0 per soddisfare le tue esigenze. Questo sistema si \u00e8 dimostrato il pi\u00f9 efficace e ti eviter\u00e0 di perdere denaro con intermediari non sempre professionali.<\/p>\n<div id=\"gtx-trans\" style=\"position: absolute; left: 128px; top: -2px;\">\n<div class=\"gtx-trans-icon\"><\/div>\n<\/div>\n<p>&nbsp;<\/p>\n","protected":false},"excerpt":{"rendered":"<h2>Sempre pi\u00f9 persone apprezzano i vantaggi della residenza a Dubai. Dubai \u00e8 uno dei centri d&#8217;affari pi\u00f9 importanti del mondo<\/h2>\n<p>A Dubai non viene pagata alcuna imposta sul reddito, n\u00e9 sono previste imposte sulle societ\u00e0 per le persone fisiche o giuridiche che sono residenti fiscali.<\/p>\n<p>&nbsp;<\/p>\n","protected":false},"featured_media":4355,"template":"","meta":{"inline_featured_image":false},"product_brand":[],"product_cat":[124],"product_tag":[],"class_list":{"0":"post-816","1":"product","2":"type-product","3":"status-publish","4":"has-post-thumbnail","6":"product_cat-immigrazione-it","8":"first","9":"instock","10":"shipping-taxable","11":"purchasable","12":"product-type-variable"},"_links":{"self":[{"href":"https:\/\/opm01.com\/it\/wp-json\/wp\/v2\/product\/816","targetHints":{"allow":["GET"]}}],"collection":[{"href":"https:\/\/opm01.com\/it\/wp-json\/wp\/v2\/product"}],"about":[{"href":"https:\/\/opm01.com\/it\/wp-json\/wp\/v2\/types\/product"}],"version-history":[{"count":2,"href":"https:\/\/opm01.com\/it\/wp-json\/wp\/v2\/product\/816\/revisions"}],"predecessor-version":[{"id":2395,"href":"https:\/\/opm01.com\/it\/wp-json\/wp\/v2\/product\/816\/revisions\/2395"}],"wp:featuredmedia":[{"embeddable":true,"href":"https:\/\/opm01.com\/it\/wp-json\/wp\/v2\/media\/4355"}],"wp:attachment":[{"href":"https:\/\/opm01.com\/it\/wp-json\/wp\/v2\/media?parent=816"}],"wp:term":[{"taxonomy":"product_brand","embeddable":true,"href":"https:\/\/opm01.com\/it\/wp-json\/wp\/v2\/product_brand?post=816"},{"taxonomy":"product_cat","embeddable":true,"href":"https:\/\/opm01.com\/it\/wp-json\/wp\/v2\/product_cat?post=816"},{"taxonomy":"product_tag","embeddable":true,"href":"https:\/\/opm01.com\/it\/wp-json\/wp\/v2\/product_tag?post=816"}],"curies":[{"name":"wp","href":"https:\/\/api.w.org\/{rel}","templated":true}]}}