{"id":776,"date":"2022-05-25T05:15:39","date_gmt":"2022-05-25T10:15:39","guid":{"rendered":"https:\/\/opm01.com\/01\/fusion-por-absorcion-de-las-sociedades-en-panama\/"},"modified":"2022-09-28T10:40:45","modified_gmt":"2022-09-28T15:40:45","slug":"fusione-per-incorporazione-di-societa-a-panama","status":"publish","type":"product","link":"https:\/\/opm01.com\/it\/prodotto\/fusione-per-incorporazione-di-societa-a-panama\/","title":{"rendered":"Fusione per incorporazione di societ\u00e0 a Panama"},"content":{"rendered":"<h2>La fusione per incorporazione di societ\u00e0 a Panama \u00e8 una delle strategie di consolidamento delle imprese.<\/h2>\n<p>Con la fusione per incorporazione di societ\u00e0 a Panama, i proprietari delle aziende cercano soprattutto di risparmiare sul pagamento delle imposte annuali e di ridurre i costi generali. \u00c8 importante consultare preventivamente un avvocato e un commercialista specializzato per evitare che l&#8217;operazione generi imposte.<\/p>\n<p>Il processo di fusione per incorporazione di societ\u00e0 a Panama non d\u00e0 origine a una nuova societ\u00e0, ma piuttosto a una societ\u00e0 che assume il patrimonio della societ\u00e0 che ha cessato di esistere. Tra le caratteristiche del processo vi \u00e8 lo scioglimento della societ\u00e0 assorbita. Questa operazione viene generalmente effettuata tra societ\u00e0 dello stesso gruppo e possono essere pi\u00f9 di due.<\/p>\n<p>La societ\u00e0 consolidata dovr\u00e0 rispettare gli obblighi precedentemente assunti dalla societ\u00e0 incorporata. Ci\u00f2 significa che, se esistevano debiti e passivit\u00e0, spetter\u00e0 ora alla societ\u00e0 acquirente assumerli.<\/p>\n<p>Allo stesso tempo, se una delle due societ\u00e0 partecipanti alla fusione \u00e8 stata coinvolta in procedimenti giudiziari o amministrativi, la societ\u00e0 consolidata ne assumer\u00e0 la responsabilit\u00e0.<\/p>\n<h2>3 tipi di fusione<\/h2>\n<p>Esistono tre tipi di fusione:<\/p>\n<p>1. Fusioni orizzontali, in cui due o pi\u00f9 aziende operano nello stesso settore.<\/p>\n<p>2. Una fusione verticale si verifica quando una delle due aziende \u00e8 cliente dell&#8217;altra, in un settore in cui \u00e8 fornitore.<\/p>\n<p>3. Il terzo tipo di fusione \u00e8 la fusione conglomerale. Ci\u00f2 si verifica quando le aziende non sono n\u00e9 concorrenti n\u00e9 hanno alcun tipo di rapporto commerciale tra loro.<\/p>\n<p>Oggi la fusione per incorporazione di societ\u00e0 a Panama \u00e8 molto richiesta per ridurre i costi delle tasse annuali, dell&#8217;agente residente e della contabilit\u00e0.<\/p>\n<p>In passato si creava una societ\u00e0 per ogni attivit\u00e0 o propriet\u00e0. Invece, ora potrebbe essere pi\u00f9 conveniente raggruppare queste aziende.<\/p>\n<p>L&#8217;intero processo deve essere analizzato attentamente, sia dal punto di vista fiscale, se la fusione comporta una tassazione, sia tenendo conto del livello di convenienza. Una fusione mal concepita pu\u00f2 causare gravi danni economici e di credibilit\u00e0 ai proprietari di queste aziende.<\/p>\n<p>Pertanto, consigliamo sempre di consultare un esperto prima di procedere a una fusione per incorporazione di societ\u00e0 a Panama.<\/p>\n<div id=\"gtx-trans\" style=\"position: absolute; left: -49px; top: -2px;\">\n<div class=\"gtx-trans-icon\"><\/div>\n<\/div>\n","protected":false},"excerpt":{"rendered":"<h2>Le fusioni per incorporazione potrebbero essere una soluzione per ridurre tasse e spese<\/h2>\n<p>Le fusioni per incorporazione delle societ\u00e0 sono oggi molto popolari a Panama, al fine di ridurre i costi<\/p>\n","protected":false},"featured_media":4334,"template":"","meta":{"inline_featured_image":false},"product_brand":[],"product_cat":[83],"product_tag":[],"class_list":{"0":"post-776","1":"product","2":"type-product","3":"status-publish","4":"has-post-thumbnail","6":"product_cat-sociedades-offshore-it","8":"first","9":"instock","10":"shipping-taxable","11":"purchasable","12":"product-type-variable"},"_links":{"self":[{"href":"https:\/\/opm01.com\/it\/wp-json\/wp\/v2\/product\/776","targetHints":{"allow":["GET"]}}],"collection":[{"href":"https:\/\/opm01.com\/it\/wp-json\/wp\/v2\/product"}],"about":[{"href":"https:\/\/opm01.com\/it\/wp-json\/wp\/v2\/types\/product"}],"version-history":[{"count":1,"href":"https:\/\/opm01.com\/it\/wp-json\/wp\/v2\/product\/776\/revisions"}],"predecessor-version":[{"id":3672,"href":"https:\/\/opm01.com\/it\/wp-json\/wp\/v2\/product\/776\/revisions\/3672"}],"wp:featuredmedia":[{"embeddable":true,"href":"https:\/\/opm01.com\/it\/wp-json\/wp\/v2\/media\/4334"}],"wp:attachment":[{"href":"https:\/\/opm01.com\/it\/wp-json\/wp\/v2\/media?parent=776"}],"wp:term":[{"taxonomy":"product_brand","embeddable":true,"href":"https:\/\/opm01.com\/it\/wp-json\/wp\/v2\/product_brand?post=776"},{"taxonomy":"product_cat","embeddable":true,"href":"https:\/\/opm01.com\/it\/wp-json\/wp\/v2\/product_cat?post=776"},{"taxonomy":"product_tag","embeddable":true,"href":"https:\/\/opm01.com\/it\/wp-json\/wp\/v2\/product_tag?post=776"}],"curies":[{"name":"wp","href":"https:\/\/api.w.org\/{rel}","templated":true}]}}