{"id":770,"date":"2022-05-25T05:02:14","date_gmt":"2022-05-25T10:02:14","guid":{"rendered":"https:\/\/opm01.com\/01\/como-obtener-la-visa-de-residente-en-colombia\/"},"modified":"2022-09-28T14:16:53","modified_gmt":"2022-09-28T19:16:53","slug":"come-ottenere-un-visto-di-residenza-in-colombia","status":"publish","type":"product","link":"https:\/\/opm01.com\/it\/prodotto\/come-ottenere-un-visto-di-residenza-in-colombia\/","title":{"rendered":"Ottenere un visto di residenza in Colombia"},"content":{"rendered":"<h2><strong>Tipi di visto di residenza in Colombia<\/strong><\/h2>\n<p>Esistono principlamente tre tipi di visti di residenza in Colombia: per migranti, per visitatori e per residenti. Tra i visti per migranti ci sono: per studenti, per contratti di lavoro, per pensionati, per coniugi di cittadini colombiani, per soci-proprietari di aziende, per religiosi, per residenti di Paesi che fanno parte del Mercosur.<\/p>\n<p>I visti per visitatori includono quelli per scambi accademici, stage\/praticanti, cure mediche e accompagnatori, volontariato (per cooperanti o volontari di un&#8217;organizzazione non governativa o no-profit) e per transazioni commerciali.<\/p>\n<h3><strong>Categorie di visto per residenti in Colombia<\/strong><\/h3>\n<p>Questo visto prevede cinque categorie. Possiamo aiutarti a scegliere quello pi\u00f9 adatto alle tue caratteristiche ed esigenze. Abbiamo trattato centinaia di visti e conosciamo nel dettaglio tutti i passaggi da seguire.<\/p>\n<p>La prima variante \u00e8 destinata ai cittadini colombiani di ritorno. Questo vale per coloro che sono andati a vivere in un altro Paese e l\u00ec sono stati costretti a rinunciare alla cittadinanza colombiana. Se ora vogliono tornare in Colombia, dovranno richiedere un visto di residenza.<\/p>\n<p>Un altro gruppo che pu\u00f2 richiedere un visto di residenza in Colombia \u00e8 quello dei genitori di un cittadino colombiano. Qualsiasi straniero che abbia un figlio colombiano, per nascita o adozione, pu\u00f2 richiedere un visto di residenza.<\/p>\n<p>La terza categoria \u00e8 riservata ai titolari di visti M-1, che sono visti di matrimonio, e M-3, detti visti Mercosur. Uno straniero che sia stato titolare di uno di questi due visti per un periodo di almeno due anni ininterrotti pu\u00f2 richiedere un visto di residenza in Colombia.<\/p>\n<p>La quarta categoria, invece, \u00e8 riservata agli stranieri che siano stati in possesso di un visto per migranti per un periodo di cinque anni. Questi visti comprendono i visti per studenti, per lavoro e per pensionati.<\/p>\n<p>Un quinto gruppo che pu\u00f2 beneficiare di un visto per residenti in Colombia \u00e8 quello degli investitori. Se intendi investire un minimo di 650 volte il salario mensile minimo in Colombia, puoi fare la domanda. Tieni presente che, nel 2022, il salario minimo mensile nel Paese \u00e8 fissato a 1.000.000 di pesos colombiani. Pertanto, l&#8217;investimento deve essere di almeno 650 milioni di pesos. Questo, al tasso di cambio attuale, corrisponde a circa 159.000 USD.<\/p>\n<h3><strong>Come si richiede un visto di residenza in Colombia?<\/strong><\/h3>\n<p>Esistono due modi per richiedere questo tipo di visto. La prima modalit\u00e0 \u00e8 quella online, mentre la seconda consiste nel presentare la domanda direttamente presso qualsiasi consolato colombiano nel mondo. Il processo non \u00e8 complicato. Tuttavia, \u00e8 essenziale che tu abbia a portata di mano tutti i documenti che ti verranno richiesti. Possiamo aiutarti anche in questo.<\/p>\n<p>Per la domanda online \u00e8 necessario avere una copia scannerizzata di tutti i documenti necessari, in formato PDF, e anche una fototessera. Una volta ottenuta l&#8217;approvazione del visto, \u00e8 necessario recarsi al consolato colombiano pi\u00f9 vicino. L\u00ec metteranno il visto al tuo passaporto. Una volta fatto questo, sarai in grado di viaggiare in Colombia.<\/p>\n<p>Se hai fatto domanda dalla Colombia, dovrai recarti a Bogot\u00e1, presso il Ministero degli Affari Esteri. L\u00ec, presso l&#8217;ufficio situato in Avenida 19 # 98-03, Edificio Torre 100, metteranno il visto al passaporto.<\/p>\n<h3><strong>Guida per ottenere un visto di residenza in Colombia<\/strong><\/h3>\n<p>Per ottenere un visto di residenza in Colombia preferiamo procedere nella seguente forma:<\/p>\n<h5><strong>Consulenza telefonica previa, dove analizziamo le tue esigenze e ti proponiamo le opzioni disponibili<\/strong><\/h5>\n<p>Costo 50.00 EUR o equivalente in altra moneta.<\/p>\n<form style=\"max-width: 300px; border-radius: 10px; padding: 5px;\" action=\"https:\/\/www.paypal.com\/cgi-bin\/webscr\" method=\"post\" target=\"_top\"><input style=\"max-width: 300px; border-radius: 10px; padding: 5px;\" name=\"cmd\" type=\"hidden\" value=\"_s-xclick\" \/><br \/>\n<input style=\"max-width: 300px; border-radius: 10px; padding: 5px;\" name=\"hosted_button_id\" type=\"hidden\" value=\"F4V9VVN5H6MHN\" \/><\/p>\n<table>\n<tbody>\n<tr>\n<td><input style=\"max-width: 300px; border-radius: 10px; padding: 5px;\" name=\"on0\" type=\"hidden\" value=\"Consulenze telefoniche\" \/>Consulenze telefoniche<\/td>\n<\/tr>\n<tr>\n<td><select style=\"max-width: 300px; border-radius: 10px; padding: 5px;\" name=\"os0\"><option value=\"10 Minuti\">10 Minuti \u20ac50.00 EUR<\/option><option value=\"20 Minuti\">20 Minuti \u20ac80.00 EUR<\/option><option value=\"30 Minuti\">30 Minuti \u20ac120.00 EUR<\/option><\/select><\/td>\n<\/tr>\n<tr>\n<td><input style=\"max-width: 300px; border-radius: 10px; padding: 5px;\" name=\"on1\" type=\"hidden\" value=\"Inserire numero telefonico\" \/>Inserire numero telefonico<\/td>\n<\/tr>\n<tr>\n<td><input style=\"max-width: 300px; border-radius: 10px; padding: 5px;\" maxlength=\"200\" name=\"os1\" type=\"text\" \/><\/td>\n<\/tr>\n<\/tbody>\n<\/table>\n<p><input style=\"max-width: 300px; border-radius: 10px; padding: 5px;\" name=\"currency_code\" type=\"hidden\" value=\"EUR\" \/><br \/>\n<input style=\"max-width: 300px; border-radius: 10px; padding: 5px;\" alt=\"PayPal - The safer, easier way to pay online!\" name=\"submit\" src=\"https:\/\/www.paypalobjects.com\/en_US\/i\/btn\/btn_buynowCC_LG.gif\" type=\"image\" \/><br \/>\n<img decoding=\"async\" style=\"max-width: 300px; border-radius: 10px; padding: 5px;\" src=\"https:\/\/www.paypalobjects.com\/es_XC\/i\/scr\/pixel.gif\" alt=\"\" width=\"1\" height=\"1\" border=\"0\" \/><\/p>\n<\/form>\n<h5><strong>Pacchetto di consulenza valido per 30 giorni (uso corretto)<\/strong><\/h5>\n<p>Una volta deciso di ottenere un visto di residenza in Colombia, dovrai acquistare un pacchetto di consulenze valido per 30 giorni. In questa fase ti spieghiamo come procedere per ottenere un visto di residenza in Colombia. Per quanto possibile, compiliamo i moduli o ti mostriamo come farlo. Inoltre, ti prepariamo per il colloquio con i funzionari. Durante i 30 giorni ti seguiremo (si applica la clausola di uso corretto o di non abuso) nel processo.<\/p>\n<p>Costo di 350 EUR o equivalente in altra valuta.<\/p>\n<p>In ogni caso, abbiamo esperienza e contatti stabiliti con i professionisti in Colombia capaci di soddisfare le tue esigenze. Questo sistema si \u00e8 dimostrato il pi\u00f9 efficace e ti eviter\u00e0 di perdere denaro con intermediari che non conosci.<\/p>\n","protected":false},"excerpt":{"rendered":"<h2>Il visto di residenza in Colombia \u00e8 uno dei pi\u00f9 vantaggiosi.<\/h2>\n<p>Questo tipo di visto \u00e8 pensato per coloro che desiderano vivere in modo permanente in questo Paese sudamericano. La validit\u00e0 \u00e8 di cinque anni e, al termine di questo periodo, pu\u00f2 essere prorogata per altri cinque anni. Inoltre, il titolare di questo visto pu\u00f2 richiedere la cittadinanza colombiana.<\/p>\n","protected":false},"featured_media":4358,"template":"","meta":{"inline_featured_image":false},"product_brand":[],"product_cat":[124],"product_tag":[],"class_list":{"0":"post-770","1":"product","2":"type-product","3":"status-publish","4":"has-post-thumbnail","6":"product_cat-immigrazione-it","8":"first","9":"instock","10":"shipping-taxable","11":"purchasable","12":"product-type-variable"},"_links":{"self":[{"href":"https:\/\/opm01.com\/it\/wp-json\/wp\/v2\/product\/770","targetHints":{"allow":["GET"]}}],"collection":[{"href":"https:\/\/opm01.com\/it\/wp-json\/wp\/v2\/product"}],"about":[{"href":"https:\/\/opm01.com\/it\/wp-json\/wp\/v2\/types\/product"}],"version-history":[{"count":1,"href":"https:\/\/opm01.com\/it\/wp-json\/wp\/v2\/product\/770\/revisions"}],"predecessor-version":[{"id":3596,"href":"https:\/\/opm01.com\/it\/wp-json\/wp\/v2\/product\/770\/revisions\/3596"}],"wp:featuredmedia":[{"embeddable":true,"href":"https:\/\/opm01.com\/it\/wp-json\/wp\/v2\/media\/4358"}],"wp:attachment":[{"href":"https:\/\/opm01.com\/it\/wp-json\/wp\/v2\/media?parent=770"}],"wp:term":[{"taxonomy":"product_brand","embeddable":true,"href":"https:\/\/opm01.com\/it\/wp-json\/wp\/v2\/product_brand?post=770"},{"taxonomy":"product_cat","embeddable":true,"href":"https:\/\/opm01.com\/it\/wp-json\/wp\/v2\/product_cat?post=770"},{"taxonomy":"product_tag","embeddable":true,"href":"https:\/\/opm01.com\/it\/wp-json\/wp\/v2\/product_tag?post=770"}],"curies":[{"name":"wp","href":"https:\/\/api.w.org\/{rel}","templated":true}]}}