{"id":602,"date":"2022-05-22T05:17:17","date_gmt":"2022-05-22T10:17:17","guid":{"rendered":"https:\/\/opm01.com\/01\/como-tener-mi-numero-telefonico-activo-en-el-extranjero-sin-roaming\/"},"modified":"2024-02-21T15:45:13","modified_gmt":"2024-02-21T20:45:13","slug":"come-avere-il-mio-numero-di-telefono-attivo-allestero","status":"publish","type":"product","link":"https:\/\/opm01.com\/it\/prodotto\/come-avere-il-mio-numero-di-telefono-attivo-allestero\/","title":{"rendered":"Come avere il mio numero di telefono attivo all&#8217;estero"},"content":{"rendered":"<h2><strong>Come posso mantenere attivo il mio numero di telefono all&#8217;estero, senza roaming?<\/strong><\/h2>\n<p>Niente pi\u00f9\u00a0 preoccupazioni su come mantenere il tuo numero di telefono attivo all&#8217;estero e per i messaggi di testo o le chiamate perse, anche quando sei in viaggio.<\/p>\n<p>Quando ci si trasferisce all&#8217;estero, una delle sfide pi\u00f9 grandi \u00e8 quella di mantenere il proprio numero di telefono attivo. Non si pu\u00f2 fare affidamento solo su piattaforme di messaggistica come WhatsApp, Telegram o persino Skype. Perch\u00e9? Perch\u00e9 le banche, le societ\u00e0 finanziarie e PayPal di solito verificano l&#8217;identit\u00e0 degli utenti tramite messaggi di testo. La mancanza di accesso al numero di telefono significa che potresti perdere l&#8217;accesso al tuo conto bancario o PayPal.<\/p>\n<p>Come si pu\u00f2 quindi continuare a utilizzare il proprio numero di telefono anche quando si \u00e8 all&#8217;estero?<\/p>\n<p>L&#8217;OPM offre due diverse opzioni per reindirizzare i messaggi di testo sul tuo numero di telefono all&#8217;estero.<\/p>\n<h3><strong>2 soluzioni per mantenere il tuo numero di telefono attivo<\/strong><\/h3>\n<ul>\n<li>Carte SIM di diversi paesi, tra cui Australia, Belgio, Colombia, Danimarca, Francia, Germania, Irlanda, Italia, Paesi Bassi, Polonia, Regno Unito,Russia, Sudafrica, Spagna, Svezia, Svizzera, Tunisia, Stati Uniti e altri ancora.<\/li>\n<li>Numeri VoIP mobili da paesi come Australia, Austria, Belgio, Brasile, Danimarca, Israele, Paesi Bassi, Polonia, Repubblica Ceca, Svezia, Regno Unito e Stati Uniti.\u00a0 \u00a0 \u00a0 \u00a0 \u00a0 \u00a0 \u00a0 \u00a0 \u00a0 \u00a0 \u00a0 \u00a0 \u00a0 \u00a0 \u00a0 \u00a0 \u00a0 \u00a0 \u00a0 \u00a0 \u00a0 \u00a0 \u00a0 \u00a0 \u00a0 \u00a0 \u00a0 \u00a0 \u00a0 \u00a0 \u00a0 \u00a0 \u00a0 \u00a0 \u00a0 \u00a0 \u00a0 \u00a0 \u00a0 \u00a0 \u00a0 \u00a0 \u00a0 \u00a0 \u00a0 \u00a0 \u00a0 \u00a0 \u00a0 \u00a0 \u00a0 \u00a0 \u00a0 \u00a0 \u00a0 \u00a0 \u00a0 \u00a0 \u00a0 <strong>Il tuo Paese non \u00e8 presente nell&#8217;elenco? Non c&#8217;\u00e8 da preoccuparsi!<\/strong><\/li>\n<\/ul>\n<p>Abbiamo opzioni per qualsiasi paese. Tutto ci\u00f2 che devi fare \u00e8 acquistare un dispositivo di hosting e collegarlo a un servizio Internet di buona qualit\u00e0.<\/p>\n<p>Con OPM, ricevi istantaneamente qualsiasi chiamata o SMS sul tuo numero di telefono. Non c&#8217;\u00e8 bisogno di spendere una fortuna per i servizi di roaming, che funzionano per un breve periodo. Avrai sempre un numero di telefono a tua disposizione, indipendentemente da dove ti trovi.<\/p>\n<p><iframe title=\"YouTube video player\" src=\"https:\/\/www.youtube.com\/embed\/LZG3wmBlaAc\" width=\"560\" height=\"315\" frameborder=\"0\" allowfullscreen=\"allowfullscreen\"><\/iframe><br \/>\n<iframe title=\"YouTube video player\" src=\"https:\/\/www.youtube.com\/embed\/oas0DdmZkbs\" width=\"560\" height=\"315\" frameborder=\"0\" allowfullscreen=\"allowfullscreen\"><\/iframe><\/p>\n<h2 style=\"text-align: center;\"><strong>SIM Hosting FAQ Domande Frequenti<\/strong><\/h2>\n<h3><strong>Cos&#8217;\u00e8 il SIM hosting? <\/strong><\/h3>\n<p>Il SIM hosting \u00e8 un servizio che consente di ospitare una scheda SIM di telefonia mobile su un server remoto, consentendo di svolgere funzioni specifiche senza essere fisicamente presente su un dispositivo mobile.<\/p>\n<h3><strong>A cosa serve il SIM hosting? <\/strong><\/h3>\n<p>Il SIM hosting \u00e8 utilizzato per una variet\u00e0 di scopi, tra cui l&#8217;invio e la ricezione di SMS, l&#8217;autenticazione a due fattori (2FA), l&#8217;autenticazione degli utenti, i servizi vocali, le notifiche automatizzate e altro ancora. L&#8217;uso principale \u00e8 per i nomadi digitali o i viaggiatori frequenti che non possono utilizzare il Roaming a causa dei costi o della mancanza di accordi tra i paesi.<\/p>\n<h3><strong>Come funziona il SIM hosting? <\/strong><\/h3>\n<p>Il SIM hosting funziona inserendo una scheda SIM in un server remoto, che si connette alla rete mobile. Il server pu\u00f2 controllare la scheda SIM e compiere azioni in suo nome, come l&#8217;invio e la ricezione di messaggi SMS.<\/p>\n<h3><strong>Quali vantaggi offre il SIM hosting? <\/strong><\/h3>\n<p>Il SIM hosting offre vantaggi come la capacit\u00e0 di gestire centralmente le schede SIM, ridurre i costi operativi, migliorare la sicurezza tramite l&#8217;autenticazione a due fattori e automatizzare i processi di comunicazione.<\/p>\n<h3><strong>Quali sono i possibili utilizzi del SIM hosting? <\/strong><\/h3>\n<p>Gli utilizzi del SIM hosting includono servizi di verifica dell&#8217;identit\u00e0, autenticazione degli utenti nelle app mobili, servizi di pagamento, notifiche automatizzate, tracciamento delle flotte e altro ancora.<\/p>\n<h3><strong>\u00c8 legale utilizzare il SIM hosting? <\/strong><\/h3>\n<p>La legalit\u00e0 del SIM hosting pu\u00f2 variare a seconda della giurisdizione e dell&#8217;uso specifico. \u00c8 importante rispettare le leggi sulle telecomunicazioni e sulla privacy in ciascuna regione e ottenere le autorizzazioni necessarie quando richiesto.<\/p>\n<h3><strong>Qual \u00e8 la differenza tra SIM hosting e SIM card swapping? <\/strong><\/h3>\n<p>Il SIM hosting implica l&#8217;ospitare una scheda SIM su un server remoto, mentre il SIM card swapping \u00e8 il processo di sostituire fisicamente una scheda SIM in un dispositivo mobile.<\/p>\n<h3><strong>Come viene garantita la sicurezza nel SIM hosting? <\/strong><\/h3>\n<p>Le aziende che offrono servizi di SIM hosting garantiscono la sicurezza attraverso l&#8217;implementazione di solide misure di sicurezza, come l&#8217;autenticazione sicura, la crittografia dei dati e la supervisione continua delle attivit\u00e0.<\/p>\n<h3><strong>Dove posso ottenere servizi di SIM hosting? <\/strong><\/h3>\n<p>Puoi ottenere servizi di SIM hosting tramite il nostro servizio OPM VoIP, fornitori di telecomunicazioni e\/o aziende specializzate nei servizi IoT (Internet delle cose) e comunicazioni mobili.<\/p>\n","protected":false},"excerpt":{"rendered":"<h2>Quando sei all&#8217;estero, non puoi fare affidamento solo su Whatsapp o Skype<\/h2>\n<p>Niente pi\u00f9\u00a0 preoccupazioni su come mantenere il tuo numero di telefono attivo all&#8217;estero e per i messaggi di testo o le chiamate perse, anche quando sei in viaggio.<\/p>\n<p>&nbsp;<\/p>\n<p>&nbsp;<\/p>\n<p>&nbsp;<\/p>\n<div id=\"gtx-trans\" style=\"position: absolute; left: 226px; top: 77px;\">\n<div class=\"gtx-trans-icon\"><\/div>\n<\/div>\n","protected":false},"featured_media":4414,"template":"","meta":{"inline_featured_image":false},"product_brand":[],"product_cat":[120],"product_tag":[],"class_list":{"0":"post-602","1":"product","2":"type-product","3":"status-publish","4":"has-post-thumbnail","6":"product_cat-web-services","8":"first","9":"instock","10":"virtual","11":"purchasable","12":"product-type-simple"},"_links":{"self":[{"href":"https:\/\/opm01.com\/it\/wp-json\/wp\/v2\/product\/602","targetHints":{"allow":["GET"]}}],"collection":[{"href":"https:\/\/opm01.com\/it\/wp-json\/wp\/v2\/product"}],"about":[{"href":"https:\/\/opm01.com\/it\/wp-json\/wp\/v2\/types\/product"}],"version-history":[{"count":1,"href":"https:\/\/opm01.com\/it\/wp-json\/wp\/v2\/product\/602\/revisions"}],"predecessor-version":[{"id":3375,"href":"https:\/\/opm01.com\/it\/wp-json\/wp\/v2\/product\/602\/revisions\/3375"}],"wp:featuredmedia":[{"embeddable":true,"href":"https:\/\/opm01.com\/it\/wp-json\/wp\/v2\/media\/4414"}],"wp:attachment":[{"href":"https:\/\/opm01.com\/it\/wp-json\/wp\/v2\/media?parent=602"}],"wp:term":[{"taxonomy":"product_brand","embeddable":true,"href":"https:\/\/opm01.com\/it\/wp-json\/wp\/v2\/product_brand?post=602"},{"taxonomy":"product_cat","embeddable":true,"href":"https:\/\/opm01.com\/it\/wp-json\/wp\/v2\/product_cat?post=602"},{"taxonomy":"product_tag","embeddable":true,"href":"https:\/\/opm01.com\/it\/wp-json\/wp\/v2\/product_tag?post=602"}],"curies":[{"name":"wp","href":"https:\/\/api.w.org\/{rel}","templated":true}]}}