{"id":589,"date":"2022-05-22T04:46:27","date_gmt":"2022-05-22T09:46:27","guid":{"rendered":"https:\/\/opm01.com\/01\/seo-basico\/"},"modified":"2022-09-30T10:53:57","modified_gmt":"2022-09-30T15:53:57","slug":"seo-di-base","status":"publish","type":"product","link":"https:\/\/opm01.com\/it\/prodotto\/seo-di-base\/","title":{"rendered":"SEO di base per il tuo sito web e presenza virtuale"},"content":{"rendered":"<h2>L&#8217;obiettivo del pacchetto SEO di base \u00e8 quello di migliorare il posizionamento dei nostri clienti nei motori di ricerca<\/h2>\n<p>Il SEO di base ti permette di posizionare il tuo sito web in cima a Google, Yandex, Bing, Baidu o Yahoo. Grazie ai nostri servizi specializzati di SEO di base, ci sediamo con te per analizzare il tuo business e stabilire la migliore strategia per raggiungere i tuoi obiettivi.<\/p>\n<p>Il pacchetto SEO di base costa 500 euro e si sviluppa in 4 mesi, in modo da poter vedere risultati soddisfacenti. Potete rinnovarlo secondo le vostre esigenze e il vostro budget.<\/p>\n<p>Non include modifiche tecniche al tuo sito web e\/o alla programmazione.<\/p>\n<p>Con il nostro aiuto, sarai in grado di aumentare il traffico del tuo sito web, migliorare la visibilit\u00e0 del tuo marchio e, soprattutto, generare pi\u00f9 vendite e convertire i visitatori in clienti.<\/p>\n<p>Non importa se sei una piccola o grande azienda, o un professionista. Con il pacchetto Basic SEO ti offriamo un servizio personalizzato in base alle tue esigenze e al tuo budget.<\/p>\n<p>Il nostro obiettivo \u00e8 che il tuo business abbia una solida presenza online e generi risultati nel mondo reale.<\/p>\n<h3>I 6 punti chiave del SEO di base<\/h3>\n<p>Concorrenza: analizziamo i tuoi principali concorrenti e ti proponiamo il miglior piano per batterli nella classifica dei risultati di Google.<\/p>\n<p>Utenti: studiamo il profilo dell&#8217;utente che ti interessa attirare e ti consigliamo il tipo di contenuto che pi\u00f9 gli piace e cerca su internet.<\/p>\n<p>Scrittura di contenuti: scriviamo testi ottimizzati per il SEO seguendo le linee guida di Google e secondo i tuoi obiettivi (2 al mese).<\/p>\n<p>Ottimizzazione del sito web: rivediamo tutti gli elementi tecnici del tuo sito web in modo che sia completamente ottimizzato e conforme a tutti i requisiti di Google.<\/p>\n<p>Linkbuilding: generiamo backlink di qualit\u00e0 per migliorare il posizionamento del tuo sito e aumentare il traffico organico (2 al mese).<\/p>\n<p>Analisi e monitoraggio: monitoriamo continuamente l&#8217;evoluzione del posizionamento del tuo sito web e analizziamo i risultati per adattare la struttura del tuo sito web.<\/p>\n<h3>Perch\u00e9 il tuo business ha bisogno di una strategia SEO?<\/h3>\n<p>Posizionamento sul web. Il posizionamento SEO \u00e8 la strategia pi\u00f9 efficace per migliorare il posizionamento organico di un sito web nei motori di ricerca e, quindi, generare pi\u00f9 traffico qualificato.<\/p>\n<p>Autorit\u00e0 e reputazione online. Il posizionamento sul web permette ai marchi di essere tra i primi risultati di ricerca e, quindi, \u00e8 associato a una maggiore autorit\u00e0 e reputazione.<\/p>\n<p>Credibilit\u00e0 e fiducia. Trovandosi nei primi risultati di ricerca, il sito web di un marchio guadagna credibilit\u00e0 e fiducia da parte degli utenti, il che aumenta le possibilit\u00e0 di convertire una visita in una vendita.<\/p>\n<div id=\"gtx-trans\" style=\"position: absolute; left: 147px; top: -2px;\">\n<div class=\"gtx-trans-icon\"><\/div>\n<\/div>\n","protected":false},"excerpt":{"rendered":"<h2>Con il nostro SEO di base migliora la posizione del tuo sito web nei motori di ricerca<\/h2>\n<p>La SEO di base permette di posizionare il tuo sito web ai primi posti di Google, Yandex, Bing, Baidu o Yahoo. Grazie ai nostri servizi specializzati di Basic SEO, siamo al tuo fianco per trovare pi\u00f9 clienti e ottenere pi\u00f9 vendite.<\/p>\n<div id=\"gtx-trans\" style=\"position: absolute; left: 145px; top: -12px;\">\n<div class=\"gtx-trans-icon\"><\/div>\n<\/div>\n","protected":false},"featured_media":4411,"template":"","meta":{"inline_featured_image":false},"product_brand":[],"product_cat":[120],"product_tag":[],"class_list":{"0":"post-589","1":"product","2":"type-product","3":"status-publish","4":"has-post-thumbnail","6":"product_cat-web-services","8":"first","9":"instock","10":"virtual","11":"purchasable","12":"product-type-simple"},"_links":{"self":[{"href":"https:\/\/opm01.com\/it\/wp-json\/wp\/v2\/product\/589","targetHints":{"allow":["GET"]}}],"collection":[{"href":"https:\/\/opm01.com\/it\/wp-json\/wp\/v2\/product"}],"about":[{"href":"https:\/\/opm01.com\/it\/wp-json\/wp\/v2\/types\/product"}],"version-history":[{"count":2,"href":"https:\/\/opm01.com\/it\/wp-json\/wp\/v2\/product\/589\/revisions"}],"predecessor-version":[{"id":3442,"href":"https:\/\/opm01.com\/it\/wp-json\/wp\/v2\/product\/589\/revisions\/3442"}],"wp:featuredmedia":[{"embeddable":true,"href":"https:\/\/opm01.com\/it\/wp-json\/wp\/v2\/media\/4411"}],"wp:attachment":[{"href":"https:\/\/opm01.com\/it\/wp-json\/wp\/v2\/media?parent=589"}],"wp:term":[{"taxonomy":"product_brand","embeddable":true,"href":"https:\/\/opm01.com\/it\/wp-json\/wp\/v2\/product_brand?post=589"},{"taxonomy":"product_cat","embeddable":true,"href":"https:\/\/opm01.com\/it\/wp-json\/wp\/v2\/product_cat?post=589"},{"taxonomy":"product_tag","embeddable":true,"href":"https:\/\/opm01.com\/it\/wp-json\/wp\/v2\/product_tag?post=589"}],"curies":[{"name":"wp","href":"https:\/\/api.w.org\/{rel}","templated":true}]}}