{"id":582,"date":"2022-05-22T04:35:45","date_gmt":"2022-05-22T09:35:45","guid":{"rendered":"https:\/\/opm01.com\/01\/como-desbloquear-una-cuenta-bloqueada\/"},"modified":"2024-01-17T12:50:20","modified_gmt":"2024-01-17T17:50:20","slug":"come-sbloccare-un-conto-bloccato-o-congelato","status":"publish","type":"product","link":"https:\/\/opm01.com\/it\/prodotto\/come-sbloccare-un-conto-bloccato-o-congelato\/","title":{"rendered":"Come sbloccare un conto bloccato o congelato"},"content":{"rendered":"<h2>Come riavere accesso al tuo denaro<\/h2>\n<p>Con il pretesto di presunte violazioni delle politiche di conoscenza del cliente (KYC) o di antiriciclaggio, gli istituti finanziari si limitano a congelare i conti, ma come sbloccare un conto bloccato? Questo blocco pu\u00f2 estendersi all&#8217;infinito se non si sa come agire.<\/p>\n<p>Cosa fare in questi casi? Le azioni possibili sono due. Possiamo aiutarti a scegliere l&#8217;opzione migliore e ti accompagneremo nel processo in modo che possa riavere accesso al tuo denaro.<\/p>\n<p>In caso di blocco del conto, \u00e8 consuetudine presentare un reclamo direttamente al servizio clienti della banca o dell&#8217;istituto finanziario. Raramente si ottengono risposte convincenti. Peggio ancora, pochissimi riescono a sbloccare il proprio account. Altri preferiscono portare il caso in tribunale. In realt\u00e0, in questo modo sprecano tempo e denaro.<\/p>\n<p>Le istituzioni finanziarie dispongono di un esercito di legali,\u00a0 dotati di ottime risorse. Questo permette loro di affrontare al meglio qualsiasi sfida legale. Potresti vincere la causa. Per\u00f2, non sar\u00e0 un processo facile, n\u00e9 economico.<\/p>\n<p>L&#8217;opzione pi\u00f9 valida \u00e8 quella di rivolgersi a studi legali con esperienza nello sblocco di conti bancari. Abbiamo aiutato molti clienti a riavere accesso al loro denaro. Noi facciamo da mediatori con la banca o l&#8217;istituto finanziario. In questo modo ti aiutiamo a sbloccare il tuo account, in un periodo di tempo pi\u00f9 breve ed a un costo inferiore.<\/p>\n<p>Il nostro servizio comprende: analisi dei motivi del blocco, consulenza al cliente su come sbloccare il conto, lettera dello studio legale (lettera dell&#8217;avvocato) all&#8217;istituto finanziario per richiedere i motivi del blocco e lo sblocco del conto, eventuale reclamo all&#8217;istituto di vigilanza finanziaria, raccomandazione su come procedere in caso di esito negativo.<\/p>\n<h2>Come sbloccare un conto bloccato o congelato con successo<\/h2>\n<p>Per sbloccare un account bancario offshore, onshore, portafoglio, trading, criptovaluta o altra istituzione finanziaria, \u00e8 necessario procedere come segue:<\/p>\n<p><strong>Consulenza telefonica iniziale<\/strong><\/p>\n<form style=\"max-width: 300px; border-radius: 10px; padding: 5px;\" action=\"https:\/\/www.paypal.com\/cgi-bin\/webscr\" method=\"post\" target=\"_top\"><input style=\"max-width: 300px; border-radius: 10px; padding: 5px;\" name=\"hosted_button_id\" type=\"hidden\" value=\"F4V9VVN5H6MHN\" \/><\/p>\n<table>\n<tbody>\n<tr>\n<td><input style=\"max-width: 300px; border-radius: 10px; padding: 5px;\" name=\"on0\" type=\"hidden\" value=\"Consulenze telefoniche\" \/>Consulenze telefoniche<\/td>\n<\/tr>\n<tr>\n<td><select style=\"max-width: 300px; border-radius: 10px; padding: 5px;\" name=\"os0\"><option value=\"10 Minuti\">10 Minuti \u20ac50.00 EUR<\/option><option value=\"20 Minuti\">20 Minuti \u20ac80.00 EUR<\/option><option value=\"30 Minuti\">30 Minuti \u20ac120.00 EUR<\/option><\/select><\/td>\n<\/tr>\n<tr>\n<td><input style=\"max-width: 300px; border-radius: 10px; padding: 5px;\" name=\"on1\" type=\"hidden\" value=\"Inserire numero telefonico\" \/>Inserire numero telefonico<\/td>\n<\/tr>\n<tr>\n<td><input style=\"max-width: 300px; border-radius: 10px; padding: 5px;\" maxlength=\"200\" name=\"os1\" type=\"text\" \/><\/td>\n<\/tr>\n<\/tbody>\n<\/table>\n<p><input style=\"max-width: 300px; border-radius: 10px; padding: 5px;\" alt=\"PayPal - The safer, easier way to pay online!\" name=\"submit\" src=\"https:\/\/www.paypalobjects.com\/en_US\/i\/btn\/btn_buynowCC_LG.gif\" type=\"image\" \/><img decoding=\"async\" style=\"max-width: 300px; border-radius: 10px; padding: 5px;\" src=\"https:\/\/www.paypalobjects.com\/es_XC\/i\/scr\/pixel.gif\" alt=\"\" width=\"1\" height=\"1\" border=\"0\" \/><\/p>\n<\/form>\n<p>In questa consulenza analizziamo la situazione del tuo conto e ti proponiamo le soluzioni disponibili. Il costo della consultazione iniziale \u00e8 di 50 EUR o l&#8217;equivalente in un&#8217;altra valuta. Una volta concordato il modo in cui procedere, ti offriamo un pacchetto di consulenza per seguire il tuo caso.<\/p>\n<h5>Pacchetto di consulenza valido per 30 giorni (fair use)<\/h5>\n<p>Il pacchetto di consulenza \u00e8 valido per 30 giorni. In questa fase ti aiuteremo a organizzare e presentare la documentazione richiesta dall&#8217;istituto finanziario per sbloccare il tuo account bloccato. Invieremo una lettera di sollecito all&#8217;istituto finanziario per richiedere lo sblocco del conto. Durante i 30 giorni ti seguiremo (si applica la clausola di uso corretto o di non abuso) nel processo di reclamo.<\/p>\n<p><strong>Costo di 450 EUR o equivalente in altra valuta.<\/strong><\/p>\n<p>Abbiamo esperienza nello sblocco dei portafogli elettronici e dei conti bancari per soddisfare le tue esigenze. Questo sistema si \u00e8 dimostrato il pi\u00f9 efficace per risolvere le controversie con i conti congelati o bloccati dalle istituzioni finanziarie.<\/p>\n<p>Ricordati che le banche o istituti finanziari non possono sostituirsi alle autorit\u00e0. Giocano con i tuoi soldi e non glielo devi permettere. In genere effettuano questi blocchi abusivamente, consci che tu non sai come sbloccare un conto bloccato o congelato. Inoltre sanno bene che portarli in tribunale ti coster\u00e0 una fortuna, forse pi\u00f9 di quanto hai sul conto. Non ti preoccupare, noi, con un costo minimo, ti aiutiamo a sbloccare un conto bloccato o congelato.<\/p>\n<p><iframe title=\"Conti congelati, cosa fare?\" width=\"1220\" height=\"686\" src=\"https:\/\/www.youtube.com\/embed\/k7i4flKfkYI?feature=oembed\" frameborder=\"0\" allow=\"accelerometer; autoplay; clipboard-write; encrypted-media; gyroscope; picture-in-picture; web-share\" allowfullscreen><\/iframe><\/p>\n","protected":false},"excerpt":{"rendered":"<h2>Come sbloccare un conto bloccato? Il blocco dei conti bancari offshore e onshore, dei portafogli digitali e dei conti di trading sta diventando sempre pi\u00f9 comune.<\/h2>\n<p>Perch\u00e9? Impara come sbloccare un conto congelato.<\/p>\n","protected":false},"featured_media":4399,"template":"","meta":{"inline_featured_image":false},"product_brand":[],"product_cat":[128],"product_tag":[],"class_list":{"0":"post-582","1":"product","2":"type-product","3":"status-publish","4":"has-post-thumbnail","6":"product_cat-conto-in-banca","8":"first","9":"instock","10":"shipping-taxable","11":"purchasable","12":"product-type-variable"},"_links":{"self":[{"href":"https:\/\/opm01.com\/it\/wp-json\/wp\/v2\/product\/582","targetHints":{"allow":["GET"]}}],"collection":[{"href":"https:\/\/opm01.com\/it\/wp-json\/wp\/v2\/product"}],"about":[{"href":"https:\/\/opm01.com\/it\/wp-json\/wp\/v2\/types\/product"}],"version-history":[{"count":1,"href":"https:\/\/opm01.com\/it\/wp-json\/wp\/v2\/product\/582\/revisions"}],"predecessor-version":[{"id":2401,"href":"https:\/\/opm01.com\/it\/wp-json\/wp\/v2\/product\/582\/revisions\/2401"}],"wp:featuredmedia":[{"embeddable":true,"href":"https:\/\/opm01.com\/it\/wp-json\/wp\/v2\/media\/4399"}],"wp:attachment":[{"href":"https:\/\/opm01.com\/it\/wp-json\/wp\/v2\/media?parent=582"}],"wp:term":[{"taxonomy":"product_brand","embeddable":true,"href":"https:\/\/opm01.com\/it\/wp-json\/wp\/v2\/product_brand?post=582"},{"taxonomy":"product_cat","embeddable":true,"href":"https:\/\/opm01.com\/it\/wp-json\/wp\/v2\/product_cat?post=582"},{"taxonomy":"product_tag","embeddable":true,"href":"https:\/\/opm01.com\/it\/wp-json\/wp\/v2\/product_tag?post=582"}],"curies":[{"name":"wp","href":"https:\/\/api.w.org\/{rel}","templated":true}]}}