{"id":5704,"date":"2024-05-03T20:00:42","date_gmt":"2024-05-04T01:00:42","guid":{"rendered":"https:\/\/opm01.com\/01\/vivir-e-invertir-en-isla-margarita\/"},"modified":"2025-05-03T21:22:57","modified_gmt":"2025-05-04T02:22:57","slug":"vivere-e-investire-nellisla-margarita-b","status":"publish","type":"product","link":"https:\/\/opm01.com\/it\/prodotto\/vivere-e-investire-nellisla-margarita-b\/","title":{"rendered":"Vivere e investire nell\u2019Isla Margarita"},"content":{"rendered":"<h2><strong>Perch\u00e9 l&#8217;Isla Margarita \u00e8 uno dei luoghi migliori per vivere, investire e andare in pensione. Investire nell&#8217;Isla Margarita<\/strong><\/h2>\n<p>Ti spieghiamo perch\u00e9 vivere e investire nell&#8217;Isla Margarita \u00e8 conveniente e ti offriamo un pacchetto di consulenza iniziale e assistenza in loco. Ti informiamo che abbiamo aperto un back office a Porlamar, nell&#8217;Isla Margarita: ci sar\u00e0 un motivo?<\/p>\n<p>Consultare un avvocato esperto prima di investire nell\u2019Isola Margarita, Venezuela, \u00e8 una scelta fondamentale per chi desidera compiere un passo consapevole e ben informato. Uno studio legale indipendente, che non ha interessi nella vendita di immobili o attivit\u00e0 commerciali, ti offre una valutazione imparziale delle reali opportunit\u00e0 e dei rischi presenti sul territorio. Questo tipo di consulenza consente all\u2019investitore di conoscere in anticipo non solo il quadro legale e fiscale vigente, ma anche le criticit\u00e0 legate alla stabilit\u00e0 giuridica, alla titolarit\u00e0 dei beni, alla convertibilit\u00e0 della valuta e ai potenziali ostacoli burocratici. Solo con un\u2019analisi oggettiva, libera da conflitti di interesse, \u00e8 possibile decidere se e come investire a Isla Margarita con prudenza e strategia.<\/p>\n<p>La consulenza telefonica iniziale comprende:<\/p>\n<p>&#8211; Visti di migrazione e di soggiorno<\/p>\n<p>&#8211; Dove vivere e come trovare un appartamento<\/p>\n<p>&#8211; Come aprire un conto corrente bancario<\/p>\n<p>&#8211; Quali sono i principali problemi che incontri per vivere e investire nell\u2019Isla Margarita e come li risolvi.<\/p>\n<p>&#8211; Opportunit\u00e0 di business<\/p>\n<p><a href=\"https:\/\/opm01.com\/wp-content\/uploads\/2022\/11\/vivere-e-investire-nell-isola-Margarita.jpg\"><img fetchpriority=\"high\" decoding=\"async\" class=\"alignnone size-full wp-image-25499\" src=\"https:\/\/opm01.com\/wp-content\/uploads\/2022\/11\/vivere-e-investire-nell-isola-Margarita.jpg\" alt=\"Vivere e investire nell'Isla Margarita\" width=\"1792\" height=\"1024\" srcset=\"https:\/\/opm01.com\/wp-content\/uploads\/2022\/11\/vivere-e-investire-nell-isola-Margarita.jpg 1792w, https:\/\/opm01.com\/wp-content\/uploads\/2022\/11\/vivere-e-investire-nell-isola-Margarita-300x171.jpg 300w, https:\/\/opm01.com\/wp-content\/uploads\/2022\/11\/vivere-e-investire-nell-isola-Margarita-1024x585.jpg 1024w, https:\/\/opm01.com\/wp-content\/uploads\/2022\/11\/vivere-e-investire-nell-isola-Margarita-230x131.jpg 230w, https:\/\/opm01.com\/wp-content\/uploads\/2022\/11\/vivere-e-investire-nell-isola-Margarita-768x439.jpg 768w, https:\/\/opm01.com\/wp-content\/uploads\/2022\/11\/vivere-e-investire-nell-isola-Margarita-1536x878.jpg 1536w, https:\/\/opm01.com\/wp-content\/uploads\/2022\/11\/vivere-e-investire-nell-isola-Margarita-131x75.jpg 131w, https:\/\/opm01.com\/wp-content\/uploads\/2022\/11\/vivere-e-investire-nell-isola-Margarita-480x274.jpg 480w, https:\/\/opm01.com\/wp-content\/uploads\/2022\/11\/vivere-e-investire-nell-isola-Margarita-800x457.jpg 800w\" sizes=\"(max-width:767px) 480px, (max-width:1792px) 100vw, 1792px\" \/><\/a><\/p>\n<h2><strong>10 buoni motivi per vivere e investire nell&#8217;Isla Margarita<\/strong><\/h2>\n<p>&#8211; Almeno 70 spiagge sull&#8217;isola Margarita<\/p>\n<p>&#8211; 106 miglia (171 km) di costa dell&#8217;<a href=\"https:\/\/opm01.com\/it\/investire-allisla-margarita-un-luogo-sicuro-e-redditizio\/\">isola Margarita<\/a><\/p>\n<p>&#8211; 50 centesimi di USD \u00e8 il prezzo della benzina (per i residenti \u00e8 GRATIS)<\/p>\n<p>&#8211; L&#8217;elettricit\u00e0 costa solo 2 USD al mese e non importa quanta ne consumi<\/p>\n<p>&#8211; 250-500 USD al mese per l&#8217;affitto di un appartamento di lusso<\/p>\n<p>&#8211; Acquistare su Amazon (o dove si vuole) e pagare 0 tasse<\/p>\n<p>&#8211; Criminalit\u00e0 molto, molto bassa<\/p>\n<p>&#8211; Basso costo della manodopera (salario base di 160 dollari)<\/p>\n<p>&#8211; Poco traffico e il codice stradale non viene applicato.<\/p>\n<p>&#8211; Mangiare un&#8217;aragosta, di fronte all&#8217;oceano, per 10 USD<\/p>\n<h2><strong>Costo delle consulenze 150 USD (fino a un&#8217;ora per 1 o pi\u00f9 colloqui)<\/strong><\/h2>\n<div style=\"text-align: center;\"><iframe title=\"YouTube video player\" src=\"https:\/\/www.youtube.com\/embed\/noDGFIcGV6g\" width=\"560\" height=\"315\" frameborder=\"0\" allowfullscreen=\"allowfullscreen\"><\/iframe><\/div>\n<h3><strong>Vivere e investire nell&#8217;Isla Margarita<\/strong><\/h3>\n<div>\n<div class=\"text-base my-auto mx-auto py-5 [--thread-content-margin:--spacing(4)] @[37rem]:[--thread-content-margin:--spacing(6)] @[72rem]:[--thread-content-margin:--spacing(16)] px-(--thread-content-margin)\">\n<div class=\"[--thread-content-max-width:32rem] @[34rem]:[--thread-content-max-width:40rem] @[64rem]:[--thread-content-max-width:48rem] mx-auto flex max-w-(--thread-content-max-width) flex-1 text-base gap-4 md:gap-5 lg:gap-6 group\/turn-messages focus-visible:outline-hidden\" tabindex=\"-1\">\n<div class=\"group\/conversation-turn relative flex w-full min-w-0 flex-col agent-turn\">\n<div class=\"relative flex-col gap-1 md:gap-3\">\n<div class=\"flex max-w-full flex-col grow\">\n<div class=\"min-h-8 text-message relative flex w-full flex-col items-end gap-2 text-start break-words whitespace-normal [.text-message+&amp;]:mt-5\" dir=\"auto\" data-message-author-role=\"assistant\" data-message-id=\"40a39b18-8d07-4485-9e7f-018b0c23f743\" data-message-model-slug=\"gpt-4o\">\n<div class=\"flex w-full flex-col gap-1 empty:hidden first:pt-[3px]\">\n<div class=\"markdown prose dark:prose-invert w-full break-words light\">\n<p class=\"\" data-start=\"0\" data-end=\"457\"><a href=\"https:\/\/www.caporasoandpartnerslawofficepanama.com\/it\/blog\/investimenti-offshore\/perche-investire-in-venezuela-a-isla-margarita-unoasi-sicura\" target=\"_blank\" rel=\"noopener\">Investire nell\u2019Isola Margarita<\/a> pu\u00f2 rappresentare una scelta strategica per chi cerca nuove opportunit\u00e0 in contesti emergenti e ancora poco saturi. Situata nel Mar dei Caraibi e parte della Repubblica Bolivariana del Venezuela, l\u2019isola offre un mix unico di bellezze naturali, clima tropicale, status di zona franca e costi relativamente contenuti, elementi che la rendono particolarmente attrattiva per imprenditori, pensionati e investitori internazionali.<\/p>\n<p class=\"\" data-start=\"459\" data-end=\"934\">Uno dei principali vantaggi \u00e8 proprio la sua condizione di <strong data-start=\"518\" data-end=\"545\">zona economica speciale<\/strong> (zona franca nell&#8217;Isla Margarita), che comporta agevolazioni fiscali, incentivi doganali e minori restrizioni per l&#8217;importazione di beni e materiali. Questo la rende interessante per attivit\u00e0 legate al turismo, al commercio e ai servizi, ma anche per chi vuole avviare piccole imprese a gestione familiare o investire in immobili a prezzi vantaggiosi rispetto ad altre localit\u00e0 caraibiche pi\u00f9 note e costose.<\/p>\n<p class=\"\" data-start=\"936\" data-end=\"1432\">L\u2019<strong data-start=\"938\" data-end=\"953\">immobiliare<\/strong> \u00e8 infatti uno dei settori pi\u00f9 promettenti nell&#8217;Isla Margarita: i valori degli immobili, ancora inferiori rispetto al loro potenziale, permettono margini di rivalutazione elevati nel medio-lungo termine, soprattutto in vista di un possibile riassetto economico e istituzionale del paese. L\u2019Isola Margarita dispone inoltre di infrastrutture consolidate in alcune aree turistiche, con hotel, resort e porti turistici gi\u00e0 attivi, il che facilita l\u2019avvio di nuove iniziative senza dover partire da zero.<\/p>\n<p class=\"\" data-start=\"1434\" data-end=\"1938\">Dal punto di vista della qualit\u00e0 della vita, Margarita offre paesaggi spettacolari, spiagge incontaminate, un clima caldo tutto l\u2019anno e una comunit\u00e0 accogliente. Questi elementi la rendono appetibile anche per chi cerca una seconda residenza, uno stile di vita rilassato o una localit\u00e0 dove trascorrere lunghi periodi a costi contenuti. La presenza di una comunit\u00e0 internazionale gi\u00e0 consolidata contribuisce a rendere pi\u00f9 facile l\u2019integrazione e a creare una rete di supporto tra stranieri.<\/p>\n<p class=\"\" data-start=\"1940\" data-end=\"2400\">Naturalmente, come ogni investimento internazionale, \u00e8 fondamentale valutare <strong data-start=\"2017\" data-end=\"2048\">attentamente anche i rischi<\/strong>. L\u2019instabilit\u00e0 politica e il contesto normativo in continua evoluzione in Venezuela richiedono cautela. Per questo motivo \u00e8 essenziale <strong data-start=\"2184\" data-end=\"2230\">affidarsi a consulenti legali indipendenti<\/strong>, capaci di fornire un\u2019analisi imparziale del quadro giuridico, delle tutele patrimoniali e delle modalit\u00e0 sicure per effettuare trasferimenti di capitale o acquisizioni.<\/p>\n<\/div>\n<\/div>\n<\/div>\n<\/div>\n<\/div>\n<\/div>\n<\/div>\n<\/div>\n<\/div>\n","protected":false},"excerpt":{"rendered":"<p>Tanti buoni motivi per vivere e investire nell&#8217;Isla Margarita, interessanti opportunit\u00e0 di investimento<\/p>\n<p>Richiedi subito una consulenza per sapere di pi\u00f9 su Isola Margarita<\/p>\n","protected":false},"featured_media":5658,"template":"","meta":{"inline_featured_image":false},"product_brand":[],"product_cat":[239,124],"product_tag":[],"class_list":{"0":"post-5704","1":"product","2":"type-product","3":"status-publish","4":"has-post-thumbnail","6":"product_cat-investimenti","7":"product_cat-immigrazione-it","9":"first","10":"instock","11":"virtual","12":"purchasable","13":"product-type-simple"},"_links":{"self":[{"href":"https:\/\/opm01.com\/it\/wp-json\/wp\/v2\/product\/5704","targetHints":{"allow":["GET"]}}],"collection":[{"href":"https:\/\/opm01.com\/it\/wp-json\/wp\/v2\/product"}],"about":[{"href":"https:\/\/opm01.com\/it\/wp-json\/wp\/v2\/types\/product"}],"version-history":[{"count":6,"href":"https:\/\/opm01.com\/it\/wp-json\/wp\/v2\/product\/5704\/revisions"}],"predecessor-version":[{"id":25508,"href":"https:\/\/opm01.com\/it\/wp-json\/wp\/v2\/product\/5704\/revisions\/25508"}],"wp:featuredmedia":[{"embeddable":true,"href":"https:\/\/opm01.com\/it\/wp-json\/wp\/v2\/media\/5658"}],"wp:attachment":[{"href":"https:\/\/opm01.com\/it\/wp-json\/wp\/v2\/media?parent=5704"}],"wp:term":[{"taxonomy":"product_brand","embeddable":true,"href":"https:\/\/opm01.com\/it\/wp-json\/wp\/v2\/product_brand?post=5704"},{"taxonomy":"product_cat","embeddable":true,"href":"https:\/\/opm01.com\/it\/wp-json\/wp\/v2\/product_cat?post=5704"},{"taxonomy":"product_tag","embeddable":true,"href":"https:\/\/opm01.com\/it\/wp-json\/wp\/v2\/product_tag?post=5704"}],"curies":[{"name":"wp","href":"https:\/\/api.w.org\/{rel}","templated":true}]}}