{"id":560,"date":"2022-05-21T07:44:55","date_gmt":"2022-05-21T12:44:55","guid":{"rendered":"https:\/\/opm01.com\/01\/ventajas-de-las-sociedades-de-polonia\/"},"modified":"2022-09-26T17:55:23","modified_gmt":"2022-09-26T22:55:23","slug":"vantaggi-delle-societa-polacche","status":"publish","type":"product","link":"https:\/\/opm01.com\/it\/prodotto\/vantaggi-delle-societa-polacche\/","title":{"rendered":"Vantaggi delle societ\u00e0 polacche"},"content":{"rendered":"<h3><strong>I vantaggi delle societ\u00e0 polacche sono molti, ma il fatto di pagare solo il 9% di tasse sui profitti \u00e8 senza dubbio il pi\u00f9 grande.<\/strong><\/h3>\n<p>Se vuoi fare affari in Europa, il segreto meglio custodito sono i vantaggi delle societ\u00e0 polacche. La stabilit\u00e0 politica ed economica che regna in Polonia, cos\u00ec come il regime fiscale favorevole per le imprese, sono vantaggi importanti.<\/p>\n<p>Le societ\u00e0 polacche hanno un nome molto strano: Sp\u00f3\u0142ka z ograniczon\u0105 odpowiedzialno\u015bci\u0105 (Sp. z o.o.). Tuttavia, operano come qualsiasi altra societ\u00e0 a responsabilit\u00e0 limitata nel mondo. Il costo della costituzione di una societ\u00e0 in Polonia non \u00e8 alto.<\/p>\n<p>Qualsiasi persona giuridica o fisica, polacca o straniera, pu\u00f2 essere amministratore o socio di una Sp. z o.o. La societ\u00e0 pu\u00f2 essere aperta a distanza, cos\u00ec come un conto bancario, anche se per quest\u2019ultimo \u00e8 necessaria una procura.<\/p>\n<p>&nbsp;<\/p>\n<h3><strong>Aprire un ufficio in Polonia<\/strong><\/h3>\n<p>Uno dei grandi vantaggi delle societ\u00e0 polacche \u00e8 che pagano solo il 9% di tasse, una delle pi\u00f9 basse dell\u2019Unione Europea Questo trattamento fiscale \u00e8 per le imprese con un fatturato annuo fino a due milioni di euro. Quelle che generano un reddito pi\u00f9 alto devono pagare una tassa del 19%. Inoltre, dal 2021, vi si applica il cosiddetto pagamento differito delle imposte sulle societ\u00e0. Questo vale per alcune aziende con un reddito annuale inferiore a 21 milioni di euro.<\/p>\n<p>In questi casi, l\u2019imposta \u00e8 dovuta solo quando i dividendi sono distribuiti agli azionisti della societ\u00e0. Le societ\u00e0 qualificate in Polonia possono beneficiare di questo regime fiscale per un periodo di quattro anni. Questo periodo pu\u00f2 essere esteso per altri quattro anni.<\/p>\n<p>Per ottenere il massimo da una societ\u00e0 registrata in Polonia, \u00e8 necessario avere un ufficio reale in qualsiasi citt\u00e0 della Polonia. Questo ufficio pu\u00f2 essere piccolo come una stanza singola. Ma dovrai equipaggiarlo con l\u2019essenziale ed inoltre pagare le bollette di Internet, del telefono e dell\u2019elettricit\u00e0. possiamo anche provvedere per l\u2019ufficio fisico in loco.<\/p>\n","protected":false},"excerpt":{"rendered":"<div class=\"woocommerce-product-details__short-description\">\n<p>Se vuoi fare affari in Europa, il segreto meglio custodito sono i vantaggi delle societ\u00e0 polacche.<\/p>\n<\/div>\n","protected":false},"featured_media":4253,"template":"","meta":{"inline_featured_image":false},"product_brand":[],"product_cat":[83],"product_tag":[],"class_list":{"0":"post-560","1":"product","2":"type-product","3":"status-publish","4":"has-post-thumbnail","6":"product_cat-sociedades-offshore-it","8":"first","9":"instock","10":"virtual","11":"purchasable","12":"product-type-simple"},"_links":{"self":[{"href":"https:\/\/opm01.com\/it\/wp-json\/wp\/v2\/product\/560","targetHints":{"allow":["GET"]}}],"collection":[{"href":"https:\/\/opm01.com\/it\/wp-json\/wp\/v2\/product"}],"about":[{"href":"https:\/\/opm01.com\/it\/wp-json\/wp\/v2\/types\/product"}],"version-history":[{"count":0,"href":"https:\/\/opm01.com\/it\/wp-json\/wp\/v2\/product\/560\/revisions"}],"wp:featuredmedia":[{"embeddable":true,"href":"https:\/\/opm01.com\/it\/wp-json\/wp\/v2\/media\/4253"}],"wp:attachment":[{"href":"https:\/\/opm01.com\/it\/wp-json\/wp\/v2\/media?parent=560"}],"wp:term":[{"taxonomy":"product_brand","embeddable":true,"href":"https:\/\/opm01.com\/it\/wp-json\/wp\/v2\/product_brand?post=560"},{"taxonomy":"product_cat","embeddable":true,"href":"https:\/\/opm01.com\/it\/wp-json\/wp\/v2\/product_cat?post=560"},{"taxonomy":"product_tag","embeddable":true,"href":"https:\/\/opm01.com\/it\/wp-json\/wp\/v2\/product_tag?post=560"}],"curies":[{"name":"wp","href":"https:\/\/api.w.org\/{rel}","templated":true}]}}