{"id":558,"date":"2022-05-21T07:44:55","date_gmt":"2022-05-21T12:44:55","guid":{"rendered":"https:\/\/opm01.com\/01\/sociedad-de-polonia-con-licencia-de-exchange-cripto\/"},"modified":"2023-01-20T14:43:08","modified_gmt":"2023-01-20T19:43:08","slug":"societa-polacca-con-licenza-di-exchange","status":"publish","type":"product","link":"https:\/\/opm01.com\/it\/prodotto\/societa-polacca-con-licenza-di-exchange\/","title":{"rendered":"Societ\u00e0 polacca con licenza di Exchange"},"content":{"rendered":"<h2>Societ\u00e0 polacca con una licenza di Exchange di Criptomonete<\/h2>\n<h3>Una societ\u00e0 polacca con una licenza di Exchange di Criptomonete \u00e8 la migliore opzione per un\u2019attivit\u00e0 di cambio di criptovalute<\/h3>\n<p>E`possibile costituire una societ\u00e0 polacca con licenza di Exchange Cripto in quanto da\u00a0 novembre 2021 la Polonia concede licenze di Exchange di Criptomonete. Con questo tipo di licenza, puoi fare liberamente il cambio di criptovalute con valute FIAT e viceversa. \u00c8 necessario creare una societa` in Polonia con i requisiti descritti nella pagina di questo prodotto. Inoltre, \u00e8 necessario dotarsi di software per la gestione delle transazioni. Il costo di queste partnership include la licenza e non include il costo del software o dello sviluppo della piattaforma.<\/p>\n<h3><strong>Come creare il proprio Exchange di criptovalute?<\/strong><\/h3>\n<p>Come creare il proprio Exchange di criptovalute? Gli Exchange di criptovalute sono piattaforme online dove gli utenti scambiano criptovalute per denaro FIAT e altre criptovalute, e le commissioni su questi siti sono pi\u00f9 basse rispetto ad altri metodi di trading che esistevano in precedenza. \u00c8 possibile creare il proprio Exchange? S\u00ec, e questo articolo spiega come.<\/p>\n<h3><strong>Come funziona un Exchange<\/strong><\/h3>\n<p>Il funzionamento di qualsiasi Exchange inizia con la formazione di wallet. In questi wallet vengono memorizzati gli ordini di acquisto e vendita di beni, a prezzi concordati tra le parti. L\u2019Exchange addebita una commissione per soddisfare gli ordini richiesti dagli utenti.<\/p>\n<h3><strong>Tipi di scambi\u00a0<\/strong><\/h3>\n<p>Gli esperti hanno classificato gli Exchange di criptovalute in cinque gruppi. Tutti gli Exchange hanno l\u2019elemento comune di facilitare la partecipazione degli utenti al mercato delle criptovalute. Tuttavia, ci sono diverse differenze tra loro che permettono di raggrupparle in diverse sezioni.<\/p>\n<p>Il primo gruppo \u00e8 quello degli Exchange tradizionali. Tutti sono altamente regolamentati e applicano politiche di conoscenza del cliente (KYC). Pertanto, l\u2019utente deve rivelare la sua identit\u00e0 per partecipare a queste piattaforme. Tra i pi\u00f9 noti ci sono Binance, Coinbase, Bitfinex e Kraken.<\/p>\n<p>Questi Exchange si fanno pagare per i loro servizi; inoltre, possono anche includere commissioni di deposito o trasferimento, a seconda del mezzo utilizzato per eseguire queste transazioni. In generale, questi Exchange agiscono come farebbe una banca tradizionale: assicurano che le transazioni tra i clienti fluiscano senza intoppi e forniscono la custodia dei beni digitali.<\/p>\n<p>Un secondo gruppo di Exchange sono i broker. In questi spazi, gli utenti possono scambiare le loro criptovalute con altre criptovalute. Queste piattaforme cercano di offrire una trattazione che permette agli utenti di accedere a una specifica criptovaluta. Tra i pi\u00f9 usati ci sono Bit2Me, Changelly e Shapeshift.<\/p>\n<p>Il terzo gruppo sono le cosiddette piattaforme \u201cover-the-counter\u201d (OTC). piattaforme (da banco). Il loro funzionamento \u00e8 simile a quello delle borse tradizionali. Offrono trattazioni p2p (peer-to-peer) tra venditori e compratori.<\/p>\n<p>Invece, il quarto gruppo sono i fondi di criptovaluta. Questi sono spazi di gestione degli investimenti in criptovalute. Di solito sono gestiti da trader professionisti. Permettono di comprare l\u2019accesso alle criptovalute attraverso il fondo. In questi casi, gli utenti possono comprare e vendere criptovalute senza immagazzinarle, come se fosse un commercio di una parte del portafoglio di investimento di quel fondo.<\/p>\n<p>Infine, ci sono gli scambi decentralizzati o DEX. Queste piattaforme si distinguono per i loro alti livelli di privacy. Pochissimi di loro hanno il KYC. Il loro funzionamento \u00e8 simile a quello delle borse tradizionali, ma la piattaforma \u00e8 autogestita attraverso la programmazione. Pertanto, non ci sono intermediari nel processo. Gli scambi decentralizzati includono Curve, Balancer, Uniswap e AAVE.<\/p>\n<h3><strong>Come impostare un Exchange<\/strong><\/h3>\n<p>Il processo di creazione di un Exchange \u00e8 complicato e molto costoso. Anche con un buon team di sviluppo, ci possono volere mesi o addirittura anni per costruire il software della piattaforma e renderlo pienamente operativo. Sar\u00e0 allora necessario integrare le piattaforme di pagamento, per esempio, con quelle delle banche tradizionali e di altre borse. Questa piattaforma dovr\u00e0 anche avere un\u2019interfaccia utente e permettere la creazione di portafogli digitali per i suoi utenti.<\/p>\n<p>Tutto questo rende alto il costo della creazione. \u00c8 richiesto un capitale iniziale minimo di 20.000 Tether (USDT), ma per sostenere la liquidit\u00e0 del progetto si raccomanda di avere almeno 2.000.000 USDT. Inoltre, un team di sviluppatori IT e un team legale saranno necessari per garantire che il nuovo Exchange sia conforme a tutte le leggi e i regolamenti pertinenti. Non si pu\u00f2 dimenticare un forte investimento nel marketing, per far conoscere il business.<\/p>\n<h2>L&#8217;alternativa \u00e8 una societ\u00e0 polacca con licenza di Exchange<\/h2>\n<p>Dati tutti questi costi, molti sono diffidenti sulla potenziale redditivit\u00e0 di un nuovo scambio in un ambiente cos\u00ec competitivo.<\/p>\n<p>Fortunatamente, ci sono altre alternative, come le aziende che permettono ai clienti senza tanto capitale di possedere il proprio Exchange. Queste aziende hanno strumenti specializzati che facilitano la creazione di portafogli virtuali freddi (dove il cliente possiede la chiave per accedere ai suoi criptoasset) e portafogli caldi (che sono memorizzati all\u2019interno dell\u2019Exchange).<\/p>\n<p>Inoltre, queste aziende offrono un moderno sistema di liquidazione dei beni, cos\u00ec come lo sviluppo della piattaforma web e le applicazioni mobili associate basate sul web.<\/p>\n<p>&nbsp;<\/p>\n","protected":false},"excerpt":{"rendered":"<div class=\"woocommerce-product-details__short-description\">\n<h2>Fonda la tua societ\u00e0 con licenza di Exchange in Polonia e trova clienti in tutto il mondo<\/h2>\n<p>Una societ\u00e0 polacca con licenza di Crypto Exchange \u00e8 una grande opportunit\u00e0 per avviare un&#8217;attivit\u00e0 sul mercato delle criptovalute<\/p>\n<\/div>\n<p>&nbsp;<\/p>\n","protected":false},"featured_media":4491,"template":"","meta":{"inline_featured_image":false},"product_brand":[],"product_cat":[122,83],"product_tag":[],"class_list":{"0":"post-558","1":"product","2":"type-product","3":"status-publish","4":"has-post-thumbnail","6":"product_cat-servizi-blockchain","7":"product_cat-sociedades-offshore-it","9":"first","10":"instock","11":"virtual","12":"purchasable","13":"product-type-simple"},"_links":{"self":[{"href":"https:\/\/opm01.com\/it\/wp-json\/wp\/v2\/product\/558","targetHints":{"allow":["GET"]}}],"collection":[{"href":"https:\/\/opm01.com\/it\/wp-json\/wp\/v2\/product"}],"about":[{"href":"https:\/\/opm01.com\/it\/wp-json\/wp\/v2\/types\/product"}],"version-history":[{"count":1,"href":"https:\/\/opm01.com\/it\/wp-json\/wp\/v2\/product\/558\/revisions"}],"predecessor-version":[{"id":2410,"href":"https:\/\/opm01.com\/it\/wp-json\/wp\/v2\/product\/558\/revisions\/2410"}],"wp:featuredmedia":[{"embeddable":true,"href":"https:\/\/opm01.com\/it\/wp-json\/wp\/v2\/media\/4491"}],"wp:attachment":[{"href":"https:\/\/opm01.com\/it\/wp-json\/wp\/v2\/media?parent=558"}],"wp:term":[{"taxonomy":"product_brand","embeddable":true,"href":"https:\/\/opm01.com\/it\/wp-json\/wp\/v2\/product_brand?post=558"},{"taxonomy":"product_cat","embeddable":true,"href":"https:\/\/opm01.com\/it\/wp-json\/wp\/v2\/product_cat?post=558"},{"taxonomy":"product_tag","embeddable":true,"href":"https:\/\/opm01.com\/it\/wp-json\/wp\/v2\/product_tag?post=558"}],"curies":[{"name":"wp","href":"https:\/\/api.w.org\/{rel}","templated":true}]}}