{"id":556,"date":"2022-05-21T07:44:55","date_gmt":"2022-05-21T12:44:55","guid":{"rendered":"https:\/\/opm01.com\/01\/que-es-y-como-crear-una-dao\/"},"modified":"2022-09-26T16:37:16","modified_gmt":"2022-09-26T21:37:16","slug":"vuoi-creare-una-dao","status":"publish","type":"product","link":"https:\/\/opm01.com\/it\/prodotto\/vuoi-creare-una-dao\/","title":{"rendered":"Vuoi creare una DAO e societ\u00e1 offshore?"},"content":{"rendered":"<h2><strong>Cos&#8217;\u00e8 una DAO e come crearne una?<\/strong><\/h2>\n<p>Cos&#8217;\u00e8 una DAO e come crearne una? DAO sta per un&#8217;organizzazione autonoma decentralizzata che possiamo trasformare in un&#8217;entit\u00e0 legale.<\/p>\n<p>Lo spirito alla base delle DAO \u00e8 che, come per le criptovalute, le entit\u00e0 possono funzionare pienamente senza gestione gerarchica. Pertanto, ogni idea innovativa dei membri della DAO pu\u00f2 essere presentata e considerata dall&#8217;intera organizzazione.<\/p>\n<p>Le DAO non hanno bisogno di uno spazio fisico per funzionare. Il punto di partenza della DAO pu\u00f2 essere stato un tweet, un canale Telegram o un server Discord. L&#8217;obiettivo \u00e8 quello di far conoscere l&#8217;iniziativa al maggior numero di persone possibile. Se la proposta \u00e8 attraente, allora pi\u00f9 utenti di internet saranno interessati a unirsi all&#8217;organizzazione.<\/p>\n<h2><strong>Di cosa ha bisogno una DAO per funzionare?<\/strong><\/h2>\n<p>Una DAO ha un insieme di regole pre-programmate che controllano il suo funzionamento. Queste regole sono codificate in un contratto intelligente. Questo \u00e8 un software che esiste autonomamente su Internet. Tuttavia, ha bisogno dei membri della DAO per eseguire compiti che il software non pu\u00f2 eseguire da solo. I contratti intelligenti girano sulla blockchain di Ethereum.<\/p>\n<p>Dopo aver formalizzato le regole, la DAO dovr\u00e0 finanziarsi. Per questo, vengono emessi dei token che possono essere utilizzati dall&#8217;organizzazione o usati come ricompensa per certe attivit\u00e0 che vengono eseguite all&#8217;interno della DAO. Inoltre, quando i membri della DAO investono in token, ottengono diritti di voto. In seguito, ricevono la possibilit\u00e0 di influenzare il funzionamento dell&#8217;organizzazione.<\/p>\n<h2><strong>DAO, un&#8217;organizzazione incorruttibile<\/strong><\/h2>\n<p>Dopo aver completato il finanziamento, la DAO diventa un&#8217;organizzazione completamente autonoma e indipendente, sia dai suoi creatori che da chiunque altro. La DAO \u00e8 un&#8217;organizzazione open source. Tutte le regole e le transazioni finanziarie sono registrate sulla blokchain. Questo rende quindi una DAO trasparente e incorruttibile.<\/p>\n<p>Quando \u00e8 in funzione, qualsiasi decisione su come e dove spendere i fondi ottenuti con i token \u00e8 presa per consenso. I membri che hanno acquistato la loro quota nella DAO, attraverso i token, hanno il diritto di fare proposte sul futuro dell&#8217;organizzazione.<\/p>\n<p>Tutti i membri poi votano sulla proposta. Ogni azione della DAO dovr\u00e0 essere sostenuta dalla maggioranza dei membri. La percentuale necessaria per raggiungere quella maggioranza dipender\u00e0 da ogni DAO. Questo \u00e8 stabilito nelle regole del contratto intelligente.<\/p>\n<h2><strong>Come investire in una DAO?<\/strong><\/h2>\n<p>Comprare token da una DAO \u00e8 relativamente semplice. Ogni DAO pu\u00f2 impostare quali criptovalute accetter\u00e0 per i suoi token. Il pi\u00f9 usato di questi \u00e8 l&#8217;Ether. Una volta che hai i token, hai il diritto di fare proposte e di votare. Pi\u00f9 gettoni si acquisiscono, pi\u00f9 potere di voto si ha.<\/p>\n<h2><strong>Critiche alle DAO<\/strong><\/h2>\n<p>Il fatto che sia una struttura non gerarchica \u00e8 considerato dal MIT Technology Review come uno svantaggio delle DAO. Secondo questa pubblicazione, affidarsi alle masse per prendere decisioni finanziariamente rilevanti \u00e8 una pessima idea. Inoltre, le DAO non sono una forma giuridica. Una figura giuridica \u00e8 un&#8217;attivit\u00e0, un documento o qualsiasi altro concetto che \u00e8 coperto dalle leggi.<\/p>\n<p>Per questo il nostro studio legale converte la tua DAO in un&#8217;entit\u00e0 legale. Una persona giuridica \u00e8 una persona fittizia, capace di esercitare diritti e obblighi civili e di essere rappresentata in tribunale e fuori dal tribunale. Ci sono due tipi di persone giuridiche: le societ\u00e0 e le fondazioni.<\/p>\n<h2><strong>Questo \u00e8 un esempio di un progetto base che ti <\/strong><strong>possiamo seguire dalla A alla Z per soli 9.999 EUR<\/strong><\/h2>\n<p>Sei interessato a creare una DAO pi\u00f9 una societ\u00e0 offshore? Abbiamo una proposta per te. Il progetto di una DAO basica include, il contratto intelligente, registro della DAO come societ\u00e0 per azioni offshore o fondazione (costo extra), registro della DAO sulla blockchain come NFT, creazione del token, implementazione nella blockchain come dettagliato a seguire.<\/p>\n<p><strong>Parte legale \u2013<\/strong>\u00a0comprende societ\u00e0 offshore, studio del contratto intelligente e registro della DAO in NFT.<\/p>\n<p><strong>Parte tecnica<\/strong>\u00a0\u2013 non comprende server, dominio e sito web (che ti possiamo preventivare a parte).<\/p>\n<p>Comprende:<\/p>\n<p>1) Creazione di un Token BEP20 (gira su Binance Smart Chain)<\/p>\n<p>2) Sistema di acquisto dei token (mandi USDT e ricevi Token). Il proprietario del contratto (DAO) ha facolt\u00e0 di:<\/p>\n<ol>\n<li>\u00a0 a) decidere al momento di effettuare l\u2019ordine la quantit\u00e0 di token che sono disponibili per la vendita in un dato momento, limitatamente alla quota di token NON assegnata a nessuno.<\/li>\n<li>\u00a0 b) decidere al momento di effettuare l\u2019ordine quanti token auto-assegnarsi. Default: 51%.<\/li>\n<li>\u00a0 c) decidere al momento di effettuare l\u2019ordine la quantit\u00e0 di token che costituiscono la supply totale.\u00a0Esempio: 1 milione di token.<\/li>\n<li>\u00a0 d) decidere il prezzo di vendita del token, espresso in USDT<\/li>\n<\/ol>\n<p>3) Possibilit\u00e0 di avanzare proposte: questa facolt\u00e0 pu\u00f2 essere (a scelta) prerogativa esclusiva del beneficiario del contratto o di qualunque detentore del token. Va deciso nel \u201cmomento 0\u201d<\/p>\n<p>4) Possibilit\u00e0 per i detentori del token di votare le proposte. Il peso del singolo voto \u00e8 direttamente proporzionale alla quantit\u00e0 di token detenuti dal votante.<\/p>\n<p>5) I Quesiti sono solamente di tipo binario (\u201cVuoi Salvare i panda?\u201d: SI \/ NO).<\/p>\n<p>6) La votazione \u00e8 valida se i voti espressi rappresentano al meno il 51% dei token ESISTENTI.<\/p>\n<h3>Gestione dei fondi della DAO<\/h3>\n<p>7) L\u2019 esito della votazione, volendo, pu\u00f2 generare un trasferimento di fondi (USDT) dalla \u201ccassaforte\u201d al wallet del proprietario del contratto. Ci\u00f2 deve essere specificato in fase di formulazione nel quesito. Il beneficiario provveder\u00e0 poi a spendere MANUALMENTE i fondi col fine di realizzare gli scopi per i quali i fondi sono stati stanziati.<\/p>\n<p>8) I Quesiti hanno un tempo di risposta, che \u00e8 fissato in precedenza. Per esempio, si pu\u00f2 votare solo per 7 giorni. La durata del quesito \u00e8 configurabile nel momento in cui lo stesso viene formulato.<\/p>\n<p>9) L\u2019 interfaccia sar\u00e0 una \u201cwhite-label\u201d, realizzata con VUE3. Nella parte alta comprende una barra di navigazione bianca (o altro colore a scelta del cliente), nel quale si inserisce il logo del progetto ed i principali link di navigazione (non customizzabili). Si assume che verr\u00e0 implementata in modalit\u00e0 \u201cstand-alone\u201d su un sottodominio del sito principale. Dunque, si esclude la necessit\u00e0\/possibilit\u00e0 di integrare l\u2019interfaccia in elementi grafici preesistenti.<\/p>\n<p>10) L\u2019 applicazione (dAPP) usa come \u201cback-end\u201d gli smart contract e dunque non ha nessun collegamento di nessun tipo con data-base e server del cliente.<\/p>\n<h3>I costi di lancio della DAO e front end (sito web) variano a seconda delle specifiche<\/h3>\n<p>11) L\u2019 interfaccia non comprende la parte di SEO, testi, presentazione del progetto, FAQ, guide, materiali a supporto\u2026. Ne altre parti statiche che non siano prettamente attinenti all\u2019 interazione con gli smart contract della DAO.<\/p>\n<p>12) Il progetto pu\u00f2 comprendere l\u2019installazione del progetto su un server linux (VPS) (costo del server non compreso) in ambiente NGINX + NODE.JS, previa concessione degli accessi SSH al server da parte del cliente, a vantaggio del sottoscritto.<\/p>\n<p>13) Il progetto NON comprende la gestione dei sottodomini (ad esempio il redirezionamento verso il server) e la gestione dei certificati SSL.<\/p>\n<p>14) Qualora il cliente decidesse di non usufruire della componente del servizio descritta al punto 12, si consegner\u00e0 al cliente la cartella contenente il codice del programma e provveder\u00e0 il cliente direttamente ad installare il programma in maniera 100% autonoma, potendo scegliere il tipo di infrastruttura cloud e lo stack tecnologico che preferisce.<\/p>\n","protected":false},"excerpt":{"rendered":"<h2>Potenzia il tuo progetto DAO con l&#8217;affiancamento di una societ\u00e0 offshore<\/h2>\n<p>Ottieni una solida struttura operativa con personalit\u00e0 giuridica e con notevoli vantaggi fiscali.<\/p>\n","protected":false},"featured_media":4241,"template":"","meta":{"inline_featured_image":false},"product_brand":[],"product_cat":[122,83],"product_tag":[],"class_list":{"0":"post-556","1":"product","2":"type-product","3":"status-publish","4":"has-post-thumbnail","6":"product_cat-servizi-blockchain","7":"product_cat-sociedades-offshore-it","9":"first","10":"instock","11":"virtual","12":"purchasable","13":"product-type-simple"},"_links":{"self":[{"href":"https:\/\/opm01.com\/it\/wp-json\/wp\/v2\/product\/556","targetHints":{"allow":["GET"]}}],"collection":[{"href":"https:\/\/opm01.com\/it\/wp-json\/wp\/v2\/product"}],"about":[{"href":"https:\/\/opm01.com\/it\/wp-json\/wp\/v2\/types\/product"}],"version-history":[{"count":1,"href":"https:\/\/opm01.com\/it\/wp-json\/wp\/v2\/product\/556\/revisions"}],"predecessor-version":[{"id":3325,"href":"https:\/\/opm01.com\/it\/wp-json\/wp\/v2\/product\/556\/revisions\/3325"}],"wp:featuredmedia":[{"embeddable":true,"href":"https:\/\/opm01.com\/it\/wp-json\/wp\/v2\/media\/4241"}],"wp:attachment":[{"href":"https:\/\/opm01.com\/it\/wp-json\/wp\/v2\/media?parent=556"}],"wp:term":[{"taxonomy":"product_brand","embeddable":true,"href":"https:\/\/opm01.com\/it\/wp-json\/wp\/v2\/product_brand?post=556"},{"taxonomy":"product_cat","embeddable":true,"href":"https:\/\/opm01.com\/it\/wp-json\/wp\/v2\/product_cat?post=556"},{"taxonomy":"product_tag","embeddable":true,"href":"https:\/\/opm01.com\/it\/wp-json\/wp\/v2\/product_tag?post=556"}],"curies":[{"name":"wp","href":"https:\/\/api.w.org\/{rel}","templated":true}]}}