{"id":553,"date":"2022-05-21T07:44:55","date_gmt":"2022-05-21T12:44:55","guid":{"rendered":"https:\/\/opm01.com\/01\/como-abrir-con-exito-una-cuenta-bancaria-offshore\/"},"modified":"2022-09-30T10:31:13","modified_gmt":"2022-09-30T15:31:13","slug":"aprire-un-conto-bancario-offshore","status":"publish","type":"product","link":"https:\/\/opm01.com\/it\/prodotto\/aprire-un-conto-bancario-offshore\/","title":{"rendered":"Aprire un conto bancario offshore"},"content":{"rendered":"<h2>Gi\u00e0 ti sei accorto che aprire un conto offshore non \u00e8 per niente facile?<\/h2>\n<p>Da tempo non esistono pi\u00f9 i conti cifrati o anonimi e oggi aprire un conto bancario offshore non \u00e9 sempre facile. Le banche cercano di operare solo con i residenti o, in ogni caso, con persone che non facciano uso commerciale dei conti. Preferiscono i conti d\u2019investimento. Questo significa che le opzioni sono limitate. Inoltre, nell\u2019apertura di un conto corrente offshore influiscono vari fattori. Questi sono i principali:<\/p>\n<ol>\n<li>Nazionalit\u00e0, residenza del beneficiario e lingue che parla;<\/li>\n<li>Tipo di movimentazione del conto;<\/li>\n<li>Documentazione disponibile, tipo dichiarazione redditi, referenze bancarie, ecc.;<\/li>\n<li>Tipo di attivit\u00e0;<\/li>\n<li>Area monetaria (valuta) in cui si svolge l\u2019attivit\u00e0 e area geografica dei clienti.<\/li>\n<\/ol>\n<p>In caso di conti bancari societari, vanno analizzati, in aggiunta, i seguenti punti:<\/p>\n<ol>\n<li>Giurisdizione della societ\u00e0;<\/li>\n<li>Modello di business o business plan;<\/li>\n<li>Volume stimato di movimentazione del conto.<\/li>\n<\/ol>\n<p>Spesso si dovr\u00e0 ricorrere ad un mix di conti personali + conti in portafogli elettronici e conti societari. Inoltre, la banca vuole parlare con il titolare del conto e non con un intermediario. Quindi \u00e8 necessario preparare l\u2019intervista. Dunque, \u00e8 controproducente aprire un conto corrente alla ceca. Il rischio \u00e8 che te lo chiudano immediatamente o addirittura che ti blocchino i fondi.\u00a0 Dipendendo dalle attivit\u00e0 e dalle tue conoscenze possiamo anche analizzare l\u2019uso di criptomonete.<\/p>\n<h2><strong>5 cose da sapere sui conti bancari offshore<\/strong><\/h2>\n<h3>I conti bancari offshore sono uno strumento efficace per la protezione dei beni, ma oggi sono soggetti a leggi internazionali.<\/h3>\n<p>In questo articolo condividiamo alcune caratteristiche di questo tipo di conti, al giorno d&#8217;oggi. Con questi dettagli sarai in grado di prendere decisioni migliori. Ti consigliamo di prenotare una consulenza per discutere le tue esigenze prima di aprire un conto bancario offshore.<\/p>\n<h2><strong>Quanto tempo occorre per aprire un conto bancario offshore?<\/strong><\/h2>\n<p>L&#8217;apertura di un conto bancario offshore non \u00e8 generalmente un processo molto rapido. In pochi giorni potrai avere il tuo conto operativo, ma dovrai avere tutti i documenti richiesti dalla banca. Uno dei pi\u00f9 importanti \u00e8 l&#8217;origine dei fondi che depositerai. Inoltre, devi sapere che la banca offshore effettuer\u00e0 il processo di &#8220;know your customer&#8221; (KYC), perch\u00e9 \u00e8 obbligata dalle normative internazionali a prevenire qualsiasi tentativo di corruzione, riciclaggio di denaro e finanziamento del terrorismo.<\/p>\n<h2><strong>Perch\u00e9 un conto bancario offshore \u00e8 ancora cos\u00ec costoso?<\/strong><\/h2>\n<p>Un conto bancario offshore \u00e8 sempre stato pi\u00f9 costoso di qualsiasi altro conto bancario tradizionale. Questo vale anche per il 2022. Alcune banche accettano di aprire un conto gratuitamente, ma richiedono un investimento minimo che pu\u00f2 arrivare anche a milioni di dollari. In altre giurisdizioni in cui si trovano tali banche, esse richiedono il possesso di beni immobili di valore.<\/p>\n<p>I costi di mantenimento dei conti bancari offshore restano elevati. Questo perch\u00e9 \u00e8 necessario pagare per la registrazione legale di tale conto. Per ottemperare a ci\u00f2, \u00e8 necessario seguire una lunga serie di procedure burocratiche che non sono certo economiche.<\/p>\n<h2><strong>Il vostro conto verr\u00e0 controllato e potreste essere obbligati a fornire ulteriori informazioni.<\/strong><\/h2>\n<p>Non deve sorprendere che, nel 2022, il vostro conto bancario offshore sar\u00e0 regolarmente esaminato dalla banca. Questo \u00e8 ovviamente fastidioso, ma \u00e8 una tendenza di tutte le banche offshore contemporanee. Pu\u00f2 anche accadere che la banca in cui avete aperto il conto, cos\u00ec come l&#8217;ente regolatore della giurisdizione in cui opera la banca, vi chieda di consegnare ulteriori documenti, legati all&#8217;attivit\u00e0 del conto.<\/p>\n<h2><strong>Il mio conto bancario offshore pu\u00f2 essere temporaneamente sospeso o bloccato?<\/strong><\/h2>\n<p>Si, non \u00e8 un&#8217;azione frequente, ma pu\u00f2 accadere. La banca offshore pu\u00f2 sospendere temporaneamente e improvvisamente il tuo conto senza preavviso. Le possibili cause includono il rilevamento di un presunto movimento sospetto di quel conto.<\/p>\n<p>A volte la banca, in virt\u00f9 del suo diritto di ammissione, decide di chiudere completamente il conto, senza spiegazioni o preavviso.<\/p>\n<h2><strong>Migliore trasparenza delle giurisdizioni offshore<\/strong><\/h2>\n<p>Sono finiti i tempi in cui molti credevano che i conti bancari offshore fossero utilizzati per evitare di pagare le tasse. Oggi le giurisdizioni offshore sono state obbligate a scambiare automaticamente informazioni finanziarie e fiscali. Questo \u00e8 stato l&#8217;unico modo per uscire dalle liste grigie e nere dell&#8217;Organizzazione per la cooperazione e lo sviluppo economico (OCSE).<\/p>\n<p>Non \u00e8 quindi esagerato affermare che le giurisdizioni offshore sono oggi pi\u00f9 trasparenti di molte giurisdizioni onshore.<\/p>\n<h3><strong>Guida all\u2019apertura di un conto bancario offshore<\/strong><\/h3>\n<p>Per aprire un conto bancario offshore preferiamo procedere nella seguente forma:<\/p>\n<p><strong>Consulenza telefonica previa, dove analizziamo le tue esigenze e ti proponiamo le opzioni disponibili per aprire un conto bancario offshore.<\/strong><\/p>\n<p>Costo 50.00 EUR o equivalente in altra moneta.<\/p>\n<form style=\"max-width: 300px; border-radius: 10px; padding: 5px;\" action=\"https:\/\/www.paypal.com\/cgi-bin\/webscr\" method=\"post\" target=\"_top\"><input style=\"max-width: 300px; border-radius: 10px; padding: 5px;\" name=\"hosted_button_id\" type=\"hidden\" value=\"F4V9VVN5H6MHN\" \/><\/p>\n<table>\n<tbody>\n<tr>\n<td><input style=\"max-width: 300px; border-radius: 10px; padding: 5px;\" name=\"on0\" type=\"hidden\" value=\"Consulenze telefoniche\" \/>Consulenze telefoniche<\/td>\n<\/tr>\n<tr>\n<td><select style=\"max-width: 300px; border-radius: 10px; padding: 5px;\" name=\"os0\"><option value=\"10 Minuti\">10 Minuti \u20ac50.00 EUR<\/option><option value=\"20 Minuti\">20 Minuti \u20ac80.00 EUR<\/option><option value=\"30 Minuti\">30 Minuti \u20ac120.00 EUR<\/option><\/select><\/td>\n<\/tr>\n<tr>\n<td><input style=\"max-width: 300px; border-radius: 10px; padding: 5px;\" name=\"on1\" type=\"hidden\" value=\"Inserire numero telefonico\" \/>Inserire numero telefonico<\/td>\n<\/tr>\n<tr>\n<td><input style=\"max-width: 300px; border-radius: 10px; padding: 5px;\" maxlength=\"200\" name=\"os1\" type=\"text\" \/><\/td>\n<\/tr>\n<\/tbody>\n<\/table>\n<p><input style=\"max-width: 300px; border-radius: 10px; padding: 5px;\" alt=\"PayPal - The safer, easier way to pay online!\" name=\"submit\" src=\"https:\/\/www.paypalobjects.com\/en_US\/i\/btn\/btn_buynowCC_LG.gif\" type=\"image\" \/><\/p>\n<\/form>\n<p><strong>Pacchetto di consulenza valido per 30 giorni (fair use)<\/strong><\/p>\n<p>Una volta deciso cosa fare, \u00e8 necessario acquistare un pacchetto di consulenza valido per 30 giorni. In questa fase ti indichiamo le banche, i portafogli o gli enti finanziari presso i quali dovresti richiedere l&#8217;apertura di un conto. Per quanto possibile, compiliamo i moduli o ti spieghiamo come farlo. Inoltre, ti prepariamo per il colloquio con i funzionari della banca. Durante i 30 giorni ti seguiremo (si applica la clausola di uso corretto o di non abuso) nel processo di apertura di uno o pi\u00f9 conti bancari.<\/p>\n<p>Costo di 350 EUR o equivalente in altra valuta.<\/p>\n<p>In ogni caso, abbiamo esperienza e contatti stabiliti con portafogli elettronici e banche per soddisfare le tue esigenze. Questo sistema si \u00e8 dimostrato il pi\u00f9 efficace e ti eviter\u00e0 di perdere denaro nell&#8217;apertura di conti che non sono adatti alla tua attivit\u00e0.<\/p>\n<p style=\"text-align: center;\"><a href=\"https:\/\/opm01.com\/it\/modulo-bancario\/\" target=\"_blank\" rel=\"noopener\"><button style=\"background-color: #0e3657; font-size: 24px; padding: 10px 20px; border-radius: 10px; width: auto; height: auto; color: white; cursor: pointer;\">Aiutaci a capire le tue esigenze<\/button><\/a><\/p>\n","protected":false},"excerpt":{"rendered":"<div class=\"woocommerce-product-details__short-description\">\n<h2>Aprire un conto bancario offshore \u00e8 diventata una missione impossibile?<\/h2>\n<p>Ti aiutiamo a produrre la tua presentazione alla banca offshore al fine di ottenere l&#8217;accettazione del tuo profilo per l&#8217;apertura del conto<\/p>\n<\/div>\n","protected":false},"featured_media":4402,"template":"","meta":{"inline_featured_image":false},"product_brand":[],"product_cat":[128],"product_tag":[],"class_list":{"0":"post-553","1":"product","2":"type-product","3":"status-publish","4":"has-post-thumbnail","6":"product_cat-conto-in-banca","8":"first","9":"instock","10":"shipping-taxable","11":"purchasable","12":"product-type-variable"},"_links":{"self":[{"href":"https:\/\/opm01.com\/it\/wp-json\/wp\/v2\/product\/553","targetHints":{"allow":["GET"]}}],"collection":[{"href":"https:\/\/opm01.com\/it\/wp-json\/wp\/v2\/product"}],"about":[{"href":"https:\/\/opm01.com\/it\/wp-json\/wp\/v2\/types\/product"}],"version-history":[{"count":2,"href":"https:\/\/opm01.com\/it\/wp-json\/wp\/v2\/product\/553\/revisions"}],"predecessor-version":[{"id":2916,"href":"https:\/\/opm01.com\/it\/wp-json\/wp\/v2\/product\/553\/revisions\/2916"}],"wp:featuredmedia":[{"embeddable":true,"href":"https:\/\/opm01.com\/it\/wp-json\/wp\/v2\/media\/4402"}],"wp:attachment":[{"href":"https:\/\/opm01.com\/it\/wp-json\/wp\/v2\/media?parent=553"}],"wp:term":[{"taxonomy":"product_brand","embeddable":true,"href":"https:\/\/opm01.com\/it\/wp-json\/wp\/v2\/product_brand?post=553"},{"taxonomy":"product_cat","embeddable":true,"href":"https:\/\/opm01.com\/it\/wp-json\/wp\/v2\/product_cat?post=553"},{"taxonomy":"product_tag","embeddable":true,"href":"https:\/\/opm01.com\/it\/wp-json\/wp\/v2\/product_tag?post=553"}],"curies":[{"name":"wp","href":"https:\/\/api.w.org\/{rel}","templated":true}]}}