{"id":5516,"date":"2022-11-13T10:54:06","date_gmt":"2022-11-13T15:54:06","guid":{"rendered":"https:\/\/opm01.com\/01\/envia-textos-que-se-autodestruyen-con-007emails\/"},"modified":"2022-11-13T14:21:22","modified_gmt":"2022-11-13T19:21:22","slug":"invia-testi-che-si-autodistruggono-con-007emails","status":"publish","type":"product","link":"https:\/\/opm01.com\/it\/prodotto\/invia-testi-che-si-autodistruggono-con-007emails\/","title":{"rendered":"Invia testi che si autodistruggono con 007Emails"},"content":{"rendered":"<h2>Tutti abbiamo dei segreti, invia testi che si autodistruggono in 7 secondi con 007Email ed evita di essere spiato<\/h2>\n<p>L&#8217;invio di un&#8217;e-mail o di una chat pu\u00f2 essere una delle azioni pi\u00f9 insicure su Internet: invia testi che si autodistruggono in 7 secondi con 007Emails. Gli hacker e le agenzie di spionaggio dispongono di un software che consente loro di penetrare nei nostri account e di leggere, a piacimento, tutto ci\u00f2 che vogliono. Non importa le misure di sicurezza che piattaforme come Gmail ci promettono. In realt\u00e0, sono vulnerabili.<\/p>\n<p>Tuttavia, l&#8217;invio di e-mail e messaggi tramite WhatsApp o altre chat \u00e8 una necessit\u00e0 assoluta in questo mondo interconnesso. \u00c8 possibile creare un messaggio che possiamo essere assolutamente certi che solo la persona che ci interessa possa leggere? S\u00ec, inviate messaggi che si autodistruggono in 7 secondi con 007Emails.<\/p>\n<h2>Come funziona 007Emails<\/h2>\n<p>Utilizzare il servizio 007Emails \u00e8 molto semplice. Non \u00e8 necessario scaricare alcun software o applicazione sul cellulare. Non \u00e8 necessario registrarsi su una piattaforma, n\u00e9 fornire i propri dati personali. Non \u00e8 nemmeno necessario pagare un centesimo. Basta visitare il <a href=\"https:\/\/007emails.com\/\" target=\"_blank\" rel=\"noopener\">sito ufficiale di 007Emails<\/a>. A questo punto troverete una casella di testo, dove potrete scrivere il vostro messaggio, senza limiti di lunghezza.<\/p>\n<p>Quando il testo \u00e8 pronto, fare clic su &#8220;Crea nota&#8221;. Il sistema 007Emails ti proporr\u00e0 immediatamente un link. Copia il link e incollalo nel corpo di un&#8217;e-mail o in una chat via WhatsApp, Telegram o qualsiasi altra piattaforma di messaggistica istantanea.<\/p>\n<p>Il destinatario, aprendo il messaggio, vedr\u00e0 solo il link. Una volta cliccato il link, 007Emails visualizzer\u00e0 il testo e, una volta eliminato il link, il messaggio si autodistrugger\u00e0. Nessuno sar\u00e0 assolutamente in grado di recuperare quel messaggio.<\/p>\n<h2>Come fa 007Emails a offrire la massima privacy<\/h2>\n<p>Il sistema 007Emails dispone di una doppia crittografia, riconosciuta come AEC a 16 bit. \u00c8 lo stesso standard utilizzato dal governo degli Stati Uniti e da molte banche. 007Emails utilizza il protocollo https per creare un canale di comunicazione sicuro.<\/p>\n<p>Invia testi che si autodistruggono in 7 secondi con 007Emails, attraverso qualsiasi piattaforma, senza lasciare alcuna traccia digitale della comunicazione, 007Emails \u00e8 l&#8217;opzione migliore. Gratuito, facile da usare e totalmente affidabile, grazie a <a href=\"https:\/\/opm01.com\/it\/\">OPM Corporation<\/a>.<\/p>\n<p><iframe width=\"560\" height=\"315\" src=\"https:\/\/www.youtube.com\/embed\/YDOMu_zIcgI\" title=\"YouTube video player\" frameborder=\"0\" allow=\"accelerometer; autoplay; clipboard-write; encrypted-media; gyroscope; picture-in-picture\" allowfullscreen><\/iframe><\/p>\n","protected":false},"excerpt":{"rendered":"<h2>Evita di essere spiato, invia messaggi con 007emails che si autodistruggono in 7 secondi.<\/h2>\n<p>L&#8217;invio di un&#8217;e-mail o di una chat pu\u00f2 essere molto insicuro<\/p>\n<p>&nbsp;<\/p>\n","protected":false},"featured_media":5506,"template":"","meta":{"inline_featured_image":false},"product_brand":[],"product_cat":[120],"product_tag":[],"class_list":{"0":"post-5516","1":"product","2":"type-product","3":"status-publish","4":"has-post-thumbnail","6":"product_cat-web-services","8":"first","9":"instock","10":"shipping-taxable","11":"purchasable","12":"product-type-simple"},"_links":{"self":[{"href":"https:\/\/opm01.com\/it\/wp-json\/wp\/v2\/product\/5516","targetHints":{"allow":["GET"]}}],"collection":[{"href":"https:\/\/opm01.com\/it\/wp-json\/wp\/v2\/product"}],"about":[{"href":"https:\/\/opm01.com\/it\/wp-json\/wp\/v2\/types\/product"}],"version-history":[{"count":1,"href":"https:\/\/opm01.com\/it\/wp-json\/wp\/v2\/product\/5516\/revisions"}],"predecessor-version":[{"id":5518,"href":"https:\/\/opm01.com\/it\/wp-json\/wp\/v2\/product\/5516\/revisions\/5518"}],"wp:featuredmedia":[{"embeddable":true,"href":"https:\/\/opm01.com\/it\/wp-json\/wp\/v2\/media\/5506"}],"wp:attachment":[{"href":"https:\/\/opm01.com\/it\/wp-json\/wp\/v2\/media?parent=5516"}],"wp:term":[{"taxonomy":"product_brand","embeddable":true,"href":"https:\/\/opm01.com\/it\/wp-json\/wp\/v2\/product_brand?post=5516"},{"taxonomy":"product_cat","embeddable":true,"href":"https:\/\/opm01.com\/it\/wp-json\/wp\/v2\/product_cat?post=5516"},{"taxonomy":"product_tag","embeddable":true,"href":"https:\/\/opm01.com\/it\/wp-json\/wp\/v2\/product_tag?post=5516"}],"curies":[{"name":"wp","href":"https:\/\/api.w.org\/{rel}","templated":true}]}}