{"id":546,"date":"2022-05-21T07:44:56","date_gmt":"2022-05-21T12:44:56","guid":{"rendered":"https:\/\/opm01.com\/01\/ventajas-de-las-sociedades-anonimas-de-panama\/"},"modified":"2024-11-03T19:21:00","modified_gmt":"2024-11-04T00:21:00","slug":"vantaggi-della-societa-anonima-di-panama","status":"publish","type":"product","link":"https:\/\/opm01.com\/it\/prodotto\/vantaggi-della-societa-anonima-di-panama\/","title":{"rendered":"Vantaggi della societ\u00e0 anonima di Panama #1 al mondo"},"content":{"rendered":"<h2><strong>La societ\u00e0 anonima di Panama \u00e8 particolarmente attraente per la pianificazione fiscale internazionale visto che \u00e8 esentasse se opera fuori dal paese<\/strong><\/h2>\n<p>Le societ\u00e0 di Panama offrono molteplici vantaggi che vanno dalla tassazione zero, all\u2019anonimato degli azionisti e all\u2019amministrazione semplificata. Non ci sono restrizioni di nazionalit\u00e0 per gli amministratori, n\u00e9 per i beneficiari. \u00c8 solo consigliabile che queste aziende non svolgano affari a Panama per non dover pagare le tasse.<\/p>\n<p><strong>La societ\u00e0 comprende : Atto di incorporazione registrato e apostillato,\u00a0 Tassa del primo anno, Agente Residente, Direttori nominati, indirizzo della sede sociale, invio con Posta Registrata . Il costo del rinnovo annuale \u00e8 di 650 EUR<\/strong><\/p>\n<h3><strong>Cosa si pu\u00f2 fare con una societ\u00e0 anonima di Panama?<\/strong><\/h3>\n<p>Gli scopi di una societ\u00e0 anonima di Panama sono molto diversi. Praticamente qualsiasi attivit\u00e0 legale pu\u00f2 essere condotta con una di queste societ\u00e0. Gli azionisti e gli amministratori della societ\u00e0 possono essere di qualsiasi nazionalit\u00e0 e risiedere in qualsiasi paese.<\/p>\n<p>Secondo la legge panamense, le societ\u00e0 possono emettere azioni nominative e anche azioni al portatore. In questo caso, tali azioni devono essere consegnate a un depositario autorizzato (banca, deposito di titoli, avvocato autorizzato, ecc.)<\/p>\n<p>Le societ\u00e0 anonime panamensi non pagano alcuna tassa a Panama se operano all\u2019estero. Per approfittare di questo importante vantaggio \u00e8 necessario che tutte le attivit\u00e0 o transazioni commerciali siano realizzate fuori da Panama.<\/p>\n<p>I libri contabili della societ\u00e0 anonima panamense possono essere tenuti a Panama o all\u2019estero. Inoltre, non \u00e8 necessario depositare bilanci o presentare dichiarazioni annuali dei redditi. A partire dal 2022 una copia elettronica dei conti dovr\u00e0 essere inviata all\u2019agente residente.<\/p>\n<h3><strong>Come formare una corporation a Panama?<\/strong><\/h3>\n<p>Per formare una societ\u00e0 anonima a Panama con Caporaso &amp; Partners \u00e8 necessario compilare un modulo di domanda. Inoltre si richiede comunicare i due o tre nomi proposti per la tua societ\u00e0, in ordine di preferenza.<\/p>\n<p>Questi nomi possono essere in qualsiasi lingua. \u00c8 necessario includere uno di questi suffissi: Inc, Incorporated, Corp, Sociedad An\u00f3nima, S.A., AG. Sono richiesti anche una copia del passaporto o della carta d\u2019identit\u00e0, una prova dell\u2019indirizzo (\u00e8 sufficiente allegare una bolletta di un servizio) e una lista di referenze bancarie e professionali.<\/p>\n<p>Secondo la legge panamense, ogni societ\u00e0 deve avere almeno tre amministratori, nelle posizioni di presidente, segretario e tesoriere. Questi amministratori possono essere persone fisiche o giuridiche.<\/p>\n<p>Nel caso che una sola persona ricopra tutte e 3 le posizioni, dovranno essere nominati 2 amministratori supplenti. Dovrai inviare i nomi dei tre amministratori e una fotocopia dei loro passaporti. Se non hai gli amministratori, Caporaso &amp; Partners pu\u00f2 fornirti amministratori designati per la tua societ\u00e0 di Panama senza costi aggiuntivi.<\/p>\n<p>Per e-mail riceverai informazioni sulla disponibilit\u00e0 o meno dei nomi che hai selezionato per la tua societ\u00e0 di Panama.<\/p>\n<p>I costi di costituzione della societ\u00e0 anonima sono pubblicati sul sito nel menu\u00a0<a href=\"https:\/\/opm01.com\/it\/form-servizi-it\/\" target=\"_blank\" rel=\"noopener\">Richiesta di servizi.<\/a>\u00a0Questi consistono in onorari professionali di Caporaso &amp; Partners, spese notarili, spese di costituzione e spese di invio della documentazione.<\/p>\n<p><a href=\"https:\/\/opm01.com\/wp-content\/uploads\/2024\/10\/5-W-delle-societa-di-Panama-avvocato.jpg\"><img fetchpriority=\"high\" decoding=\"async\" class=\"alignnone wp-image-22898 size-full\" src=\"https:\/\/opm01.com\/wp-content\/uploads\/2024\/10\/5-W-delle-societa-di-Panama-avvocato.jpg\" alt=\"societ\u00e0 anonima di Panama o societ\u00e0 offshore di Panama\" width=\"1792\" height=\"1024\" srcset=\"https:\/\/opm01.com\/wp-content\/uploads\/2024\/10\/5-W-delle-societa-di-Panama-avvocato.jpg 1792w, https:\/\/opm01.com\/wp-content\/uploads\/2024\/10\/5-W-delle-societa-di-Panama-avvocato-800x457.jpg 800w, https:\/\/opm01.com\/wp-content\/uploads\/2024\/10\/5-W-delle-societa-di-Panama-avvocato-300x171.jpg 300w, https:\/\/opm01.com\/wp-content\/uploads\/2024\/10\/5-W-delle-societa-di-Panama-avvocato-1024x585.jpg 1024w, https:\/\/opm01.com\/wp-content\/uploads\/2024\/10\/5-W-delle-societa-di-Panama-avvocato-230x131.jpg 230w, https:\/\/opm01.com\/wp-content\/uploads\/2024\/10\/5-W-delle-societa-di-Panama-avvocato-768x439.jpg 768w, https:\/\/opm01.com\/wp-content\/uploads\/2024\/10\/5-W-delle-societa-di-Panama-avvocato-1536x878.jpg 1536w, https:\/\/opm01.com\/wp-content\/uploads\/2024\/10\/5-W-delle-societa-di-Panama-avvocato-131x75.jpg 131w, https:\/\/opm01.com\/wp-content\/uploads\/2024\/10\/5-W-delle-societa-di-Panama-avvocato-480x274.jpg 480w\" sizes=\"(max-width:767px) 480px, (max-width:1792px) 100vw, 1792px\" \/><\/a><\/p>\n<h3><strong>Quali vantaggi offre una societ\u00e0 offshore di Panama?<\/strong><\/h3>\n<p>Una societ\u00e0 offshore a Panama o societ\u00e0 anonima di Panama offre numerosi vantaggi, tra cui l&#8217;ottimizzazione fiscale, la protezione patrimoniale e un alto livello di riservatezza, rendendola una soluzione ideale per aziende e investitori internazionali. Panama adotta un sistema di <strong>tassazione territoriale<\/strong>, per cui solo i redditi generati all\u2019interno del paese sono soggetti a imposte locali. I guadagni ottenuti all&#8217;estero da una societ\u00e0 offshore restano esenti da tasse panamensi, garantendo cos\u00ec una pianificazione fiscale efficiente e perfettamente legale.<\/p>\n<p>La <strong>protezione dei beni<\/strong> \u00e8 un ulteriore vantaggio. Le leggi di Panama consentono di strutturare le o societ\u00e0 anonima di Panama in modo flessibile, proteggendo i beni da controversie o azioni legali in altre giurisdizioni. Inoltre, le societ\u00e0 offshore panamensi possono avvalersi di amministratori e azionisti nominati, garantendo una riservatezza ancora maggiore per i proprietari effettivi.<\/p>\n<p>Caporaso &amp; Partners offre servizi esclusivi e personalizzati per i propri clienti, permettendo di massimizzare la riservatezza e la praticit\u00e0 operativa. Tra i servizi unici offerti ci sono numeri fissi di Panama, l&#8217;hosting di SIM card che consente di ricevere SMS e chiamate ovunque nel mondo, e l&#8217;accesso a indirizzi personali e aziendali per banche, iscrizione AIRE, e altro. Questi servizi migliorano l\u2019accesso a infrastrutture sicure e semplificano la gestione delle comunicazioni e delle operazioni internazionali.<\/p>\n<p>Inoltre, la <strong>privacy<\/strong> \u00e8 garantita dalle normative panamensi, che proteggono i dati di azionisti e amministratori. Anche se Panama partecipa a trattati internazionali per lo scambio di informazioni, la riservatezza rimane uno dei suoi punti di forza, purch\u00e9 le attivit\u00e0 siano condotte in conformit\u00e0 con le leggi locali.<\/p>\n<p>Infine, la costituzione di una <a href=\"https:\/\/paradisifiscali.org\/perche-aprire-una-societa-a-panama\/\" target=\"_blank\" rel=\"noopener\">societ\u00e0 offshore di Panama<\/a> o societ\u00e0 anonima di Panama \u00e8 <strong>rapida e conveniente<\/strong>, con processi di registrazione semplici e requisiti amministrativi minimi. La stabilit\u00e0 economica e politica del Paese, insieme a un sistema bancario avanzato, rende Panama un ambiente sicuro e affidabile per investire, proteggere e gestire il proprio patrimonio su scala globale. Grazie ai servizi mirati di Caporaso &amp; Partners, i clienti possono beneficiare di una gestione efficace e su misura, garantendo che ogni operazione sia sicura e ottimizzata per le esigenze personali o aziendali.<\/p>\n<p>&nbsp;<\/p>\n","protected":false},"excerpt":{"rendered":"<div class=\"woocommerce-product-details__short-description\">\n<p>La societ\u00e0 anonima di Panama \u00e8 molto attraente, poich\u00e9 non paga tasse se non opera nel paese stesso.<\/p>\n<\/div>\n<p>&nbsp;<\/p>\n<p>&nbsp;<\/p>\n<p>&nbsp;<\/p>\n","protected":false},"featured_media":4250,"template":"","meta":{"inline_featured_image":false},"product_brand":[],"product_cat":[83],"product_tag":[],"class_list":{"0":"post-546","1":"product","2":"type-product","3":"status-publish","4":"has-post-thumbnail","6":"product_cat-sociedades-offshore-it","8":"first","9":"instock","10":"shipping-taxable","11":"purchasable","12":"product-type-variable","13":"has-default-attributes"},"_links":{"self":[{"href":"https:\/\/opm01.com\/it\/wp-json\/wp\/v2\/product\/546","targetHints":{"allow":["GET"]}}],"collection":[{"href":"https:\/\/opm01.com\/it\/wp-json\/wp\/v2\/product"}],"about":[{"href":"https:\/\/opm01.com\/it\/wp-json\/wp\/v2\/types\/product"}],"version-history":[{"count":2,"href":"https:\/\/opm01.com\/it\/wp-json\/wp\/v2\/product\/546\/revisions"}],"predecessor-version":[{"id":2404,"href":"https:\/\/opm01.com\/it\/wp-json\/wp\/v2\/product\/546\/revisions\/2404"}],"wp:featuredmedia":[{"embeddable":true,"href":"https:\/\/opm01.com\/it\/wp-json\/wp\/v2\/media\/4250"}],"wp:attachment":[{"href":"https:\/\/opm01.com\/it\/wp-json\/wp\/v2\/media?parent=546"}],"wp:term":[{"taxonomy":"product_brand","embeddable":true,"href":"https:\/\/opm01.com\/it\/wp-json\/wp\/v2\/product_brand?post=546"},{"taxonomy":"product_cat","embeddable":true,"href":"https:\/\/opm01.com\/it\/wp-json\/wp\/v2\/product_cat?post=546"},{"taxonomy":"product_tag","embeddable":true,"href":"https:\/\/opm01.com\/it\/wp-json\/wp\/v2\/product_tag?post=546"}],"curies":[{"name":"wp","href":"https:\/\/api.w.org\/{rel}","templated":true}]}}