{"id":533,"date":"2022-05-21T07:44:56","date_gmt":"2022-05-21T12:44:56","guid":{"rendered":"https:\/\/opm01.com\/01\/construye-tu-identidad-digital-con-profesionales-2\/"},"modified":"2023-11-16T23:48:12","modified_gmt":"2023-11-17T04:48:12","slug":"costruisci-la-tua-identita-digitale-con-i-professionisti","status":"publish","type":"product","link":"https:\/\/opm01.com\/it\/prodotto\/costruisci-la-tua-identita-digitale-con-i-professionisti\/","title":{"rendered":"Costruisci la tua identit\u00e0 digitale con dei professionisti"},"content":{"rendered":"<div class=\"woocommerce-product-details__short-description\">\n<h2><strong>Crea la tua identit\u00e0 digitale con l&#8217;aiuto di esperti di branding<\/strong><\/h2>\n<p>L\u2019identit\u00e0 digitale \u00e8 uno degli elementi pi\u00f9 importanti oggi, sia per l\u2019immagine che per lo sviluppo della tua azienda.<\/p>\n<p>Viviamo in un mondo interconnesso, in cui le persone passano sempre pi\u00f9 tempo online, soprattutto attraverso i loro dispositivi mobili, e possono apprezzare la tua identit\u00e0 digitale.<\/p>\n<p>Nel 2022 ci sono 4.950 milioni di utenti in rete. Ci\u00f2 rappresenta oltre il 62% della popolazione mondiale. Avere una presenza online \u00e8 un obbligo per qualsiasi professionista o azienda che persegue il successo.<\/p>\n<p>Per sviluppare una presenza online efficace \u00e8 necessario applicare le strategie appropriate per ogni settore.<br \/>\nMa quest&#8217;identit\u00e0 NON va costruita ad ogni costo, tanto meno in modo improvvisato.<\/p>\n<p>Questo pu\u00f2 essere fatto solo da specialisti in marketing, vendite e programmazione, non da tuo figlio o da un parente stretto che &#8220;ne sa molto perch\u00e9 passa tutto il giorno su Internet&#8221;.<\/p>\n<p>Le strategie digitali comprendono, tra gli altri elementi, la ricerca che deve essere svolta per impostare i passi verso un obiettivo nel tuo settore specifico. Questo viene fatto con l&#8217;analisi del mercato e della concorrenza da parte di professionisti.<\/p>\n<h2><strong>Offri il tuo prodotto\/servizio in internet<\/strong><\/h2>\n<p>Ti offriamo un sito web WordPress di base (1 lingua) per 500 EUR. Il sito include la registrazione del dominio, hosting condiviso per 1 anno, homepage, pagina dei contatti, pagina about us (su di noi). Inoltre, registreremo il sito con Google e faremo l\u2019ottimizzazione SEO per renderlo ben visibile. Il design del logo non \u00e8 incluso. Potrai fornire testo e immagini se lo desideri.<\/p>\n<p>Qualcuno vuole sapere di pi\u00f9 su di te? Ti cercheranno su Google o su altre piattaforme simili. Vuoi vendere di pi\u00f9 i tuoi prodotti o servizi? Devi apparire nei primi risultati di ricerca. Altrimenti, sarai online, ma sarai invisibile.<\/p>\n<p>Costruire la tua identit\u00e0 digitale non \u00e8 un processo semplice, ma ci sono professionisti specializzati in questo che possono aiutarti. Ogni strategia digitale inizia con la creazione di un sito web. La ragione \u00e8 semplice: l\u2019intero ecosistema virtuale del tuo marchio ruoter\u00e0 intorno al tuo sito web. L\u00ec potrai inserire il contenuto che ti interessa. Potrai avere il tuo negozio per commercializzare prodotti o servizi.<\/p>\n<h3><strong>La tua identit\u00e0 digitale ad un prezzo competitivo<\/strong><\/h3>\n<p>Nello sviluppo della tua identit\u00e0 digitale ci sono altri passi che includono dalla creazione di pagine e profili sui social network, al posizionamento del tuo nome o del nome del tuo marchio su altre piattaforme. Ma tutti questi passi dipendono dall\u2019avere il miglior sito web possibile.<\/p>\n<p>Creare l\u2019architettura dell\u2019informazione e progettare il contenuto del tuo sito web \u00e8 un lavoro molto specializzato. Cos\u00ec come lo sviluppo dell\u2019identit\u00e0 visiva. Chiunque pu\u00f2 creare la propria piattaforma, ma per farlo bene bisogna rivolgersi a dei professionisti.<\/p>\n<p>Ricordati che ogni giorno milioni di contenuti vengono creati e raggiungono Internet. Per far s\u00ec che il tuo si distingua e appaia nei primi risultati dei motori di ricerca, una consulenza professionale \u00e8 essenziale. Possiamo aiutarti con le tecniche di ottimizzazione dei motori di ricerca (SEO) pi\u00f9 efficaci disponibili.<\/p>\n<p>Inoltre, abbiamo sviluppatori web che implementeranno il sito secondo le tue esigenze in un breve periodo di tempo. Nel frattempo, il nostro team di designer studier\u00e0 il tuo marchio, i tuoi obiettivi e fornir\u00e0 un\u2019identit\u00e0 visiva che sia piacevole all\u2019occhio.<\/p>\n<p>Possiamo costruire la tua identit\u00e0 digitale, in modo molto professionale e con prezzi competitivi. Ma non ci fermiamo a questo punto, possiamo alimentare tutte le tue piattaforme con contenuti attraenti. In questo modo, continueremo a sviluppare la tua identit\u00e0 digitale.<\/p>\n<\/div>\n<div id=\"gtx-trans\" style=\"position: absolute; left: 134px; top: -2px;\">\n<div class=\"gtx-trans-icon\"><\/div>\n<\/div>\n","protected":false},"excerpt":{"rendered":"<div class=\"woocommerce-product-details__short-description\">\n<h2>Utilizza gli esperti di branding per creare la tua identit\u00e0 digitale e farti conoscere<\/h2>\n<p>Ci occupiamo della creazione dei contenuti del tuo sito web, dei tuoi profili sui social media e del posizionamento del tuo marchio nei risultati di ricerca.<\/p>\n<\/div>\n","protected":false},"featured_media":4405,"template":"","meta":{"inline_featured_image":false},"product_brand":[],"product_cat":[120],"product_tag":[],"class_list":{"0":"post-533","1":"product","2":"type-product","3":"status-publish","4":"has-post-thumbnail","6":"product_cat-web-services","8":"first","9":"instock","10":"shipping-taxable","11":"purchasable","12":"product-type-variable","13":"has-default-attributes"},"_links":{"self":[{"href":"https:\/\/opm01.com\/it\/wp-json\/wp\/v2\/product\/533","targetHints":{"allow":["GET"]}}],"collection":[{"href":"https:\/\/opm01.com\/it\/wp-json\/wp\/v2\/product"}],"about":[{"href":"https:\/\/opm01.com\/it\/wp-json\/wp\/v2\/types\/product"}],"version-history":[{"count":1,"href":"https:\/\/opm01.com\/it\/wp-json\/wp\/v2\/product\/533\/revisions"}],"predecessor-version":[{"id":3445,"href":"https:\/\/opm01.com\/it\/wp-json\/wp\/v2\/product\/533\/revisions\/3445"}],"wp:featuredmedia":[{"embeddable":true,"href":"https:\/\/opm01.com\/it\/wp-json\/wp\/v2\/media\/4405"}],"wp:attachment":[{"href":"https:\/\/opm01.com\/it\/wp-json\/wp\/v2\/media?parent=533"}],"wp:term":[{"taxonomy":"product_brand","embeddable":true,"href":"https:\/\/opm01.com\/it\/wp-json\/wp\/v2\/product_brand?post=533"},{"taxonomy":"product_cat","embeddable":true,"href":"https:\/\/opm01.com\/it\/wp-json\/wp\/v2\/product_cat?post=533"},{"taxonomy":"product_tag","embeddable":true,"href":"https:\/\/opm01.com\/it\/wp-json\/wp\/v2\/product_tag?post=533"}],"curies":[{"name":"wp","href":"https:\/\/api.w.org\/{rel}","templated":true}]}}