{"id":513,"date":"2022-05-21T07:44:57","date_gmt":"2022-05-21T12:44:57","guid":{"rendered":"https:\/\/opm01.com\/01\/consultoria-sobre-residencia-en-andorra\/"},"modified":"2022-09-28T14:29:48","modified_gmt":"2022-09-28T19:29:48","slug":"consulenza-sulla-residenza-ad-andorra","status":"publish","type":"product","link":"https:\/\/opm01.com\/it\/prodotto\/consulenza-sulla-residenza-ad-andorra\/","title":{"rendered":"Consulenza sulla residenza ad Andorra"},"content":{"rendered":"<h3><strong>La residenza ad Andorra, un paradiso fiscale europeo, \u00e8 una buona opzione per la tua pianificazione fiscale.<\/strong><\/h3>\n<p>&nbsp;<\/p>\n<p>Ottenere la residenza ad Andorra non \u00e8 complicato ed \u00e8 relativamente poco costoso rispetto ad altri paradisi fiscali.<\/p>\n<p>Andorra \u00e8 una destinazione desiderata da molte persone di tutto il mondo. Il piccolo Principato, situato nei Pirenei, ha un alto tenore di vita, un eccellente sistema educativo e sanitario. Inoltre, il suo sistema fiscale \u00e8 molto favorevole. Non ci sono restrizioni al movimento di capitale. Inoltre, questo paese \u00e8 uno dei pi\u00f9 innovativi nel campo delle criptovalute. Come ottenere la residenza ad Andorra? Possiamo aiutarti.<\/p>\n<p>Ci sono due modi per ottenere la residenza ad Andorra. La prima \u00e8 la cosiddetta \u201cresidenza passiva\u201d, che concede il permesso di soggiorno, ma senza la possibilit\u00e0 di lavorare. L\u2019altra \u00e8 la residenza attiva, la pi\u00f9 completa di tutte, ma molto pi\u00f9 difficile da ottenere e con regolamenti molto restrittivi. Pertanto, l\u2019accompagnamento di un professionista specializzato \u00e8 fondamentale per ottenere una delle due residenze.<\/p>\n<p>Il modo pi\u00f9 comune \u00e8 quello di richiedere la residenza \u201cpassiva\u201d ad Andorra. Questo \u00e8 quello ottenuto da sportivi famosi, investitori, artisti e pensionati. Cercano di approfittare di tutti i vantaggi di risiedere nel Principato, ma nessuno di loro mira a lavorarci. Per farlo, bisogna avere pi\u00f9 di 18 anni, non avere precedenti penali e risiedere fisicamente nel Principato per almeno 90 giorni all\u2019anno.<\/p>\n<p>I prossimi passi sono finanziari. Dovrai investire un minimo di 400.000 euro nella creazione di una societ\u00e0 in Andorra o in beni immobili, o in debito pubblico o metterlo come deposito in una banca andorrana. Inoltre, dovrai effettuare un deposito di 40.000 euro all\u2019Istituto Nazionale delle Finanze, pi\u00f9 altri 10.000 euro per ogni membro della tua famiglia.<\/p>\n<p>Le autorit\u00e0 andorrane richiederanno anche di dimostrare che disponi delle risorse necessarie per mantenerti. Per farlo, ti chiederanno di provare che ricevi un reddito almeno quattro volte superiore al salario minimo annuale. Inoltre, dovrai affittare un appartamento o dimostrare che hai intenzione di comprare un immobile.<\/p>\n<p>Invece, la residenza ad Andorra \u201cattiva\u201d \u00e8 un po\u2019 pi\u00f9 complicata. Le autorit\u00e0 richiederanno che tu rimanga sul territorio per almeno 183 giorni all\u2019anno. Dovrai fondare la tua societ\u00e0 o comprare una quota di almeno il 20% in una societ\u00e0 locale. Devi anche dimostrare che occupi una propriet\u00e0, sia in affitto che di propriet\u00e0.<\/p>\n<p>Per maggiori dettagli su come ottenere la residenza ad Andorra, non esitare a contattarci.<\/p>\n<form style=\"max-width: 300px; border-radius: 10px; padding: 5px;\" action=\"https:\/\/www.paypal.com\/cgi-bin\/webscr\" method=\"post\" target=\"_top\"><input style=\"max-width: 300px; border-radius: 10px; padding: 5px;\" name=\"cmd\" type=\"hidden\" value=\"_s-xclick\" \/><br \/>\n<input style=\"max-width: 300px; border-radius: 10px; padding: 5px;\" name=\"hosted_button_id\" type=\"hidden\" value=\"F4V9VVN5H6MHN\" \/><\/p>\n<table>\n<tbody>\n<tr>\n<td><input style=\"max-width: 300px; border-radius: 10px; padding: 5px;\" name=\"on0\" type=\"hidden\" value=\"Consulenze telefoniche\" \/>Consulenze telefoniche<\/td>\n<\/tr>\n<tr>\n<td><select style=\"max-width: 300px; border-radius: 10px; padding: 5px;\" name=\"os0\"><option value=\"10 Minuti\">10 Minuti \u20ac50.00 EUR<\/option><option value=\"20 Minuti\">20 Minuti \u20ac80.00 EUR<\/option><option value=\"30 Minuti\">30 Minuti \u20ac120.00 EUR<\/option><\/select><\/td>\n<\/tr>\n<tr>\n<td><input style=\"max-width: 300px; border-radius: 10px; padding: 5px;\" name=\"on1\" type=\"hidden\" value=\"Inserire numero telefonico\" \/>Inserire numero telefonico<\/td>\n<\/tr>\n<tr>\n<td><input style=\"max-width: 300px; border-radius: 10px; padding: 5px;\" maxlength=\"200\" name=\"os1\" type=\"text\" \/><\/td>\n<\/tr>\n<\/tbody>\n<\/table>\n<p><input style=\"max-width: 300px; border-radius: 10px; padding: 5px;\" name=\"currency_code\" type=\"hidden\" value=\"EUR\" \/><br \/>\n<input style=\"max-width: 300px; border-radius: 10px; padding: 5px;\" alt=\"PayPal - The safer, easier way to pay online!\" name=\"submit\" src=\"https:\/\/www.paypalobjects.com\/en_US\/i\/btn\/btn_buynowCC_LG.gif\" type=\"image\" \/><br \/>\n<img decoding=\"async\" style=\"max-width: 300px; border-radius: 10px; padding: 5px;\" src=\"https:\/\/www.paypalobjects.com\/es_XC\/i\/scr\/pixel.gif\" alt=\"\" width=\"1\" height=\"1\" border=\"0\" \/><\/p>\n<\/form>\n<p><strong>Guida per ottenere la residenza ad Andorra<\/strong><\/p>\n<p>Per ottenere la residenza ad Andorra preferiamo procedere nella seguente forma:<\/p>\n<p><strong>Consulenza telefonica previa, dove analizziamo le tue esigenze e ti proponiamo le opzioni disponibili.<\/strong><\/p>\n<p>Costo 50.00 EUR o equivalente in altra moneta.<\/p>\n<p><strong>Pacchetto di consulenza valido per 30 giorni (fair use)<\/strong><\/p>\n<p>Una volta deciso di ottenere la residenza ad Andorra, dovrai acquistare un pacchetto di consulenze valido per 30 giorni. In questa fase ti spieghiamo come procedere per ottenere la residenza ad Andorra. Per quanto possibile, compiliamo i moduli o ti mostriamo come farlo. Inoltre, ti prepariamo per il colloquio con i funzionari. Durante i 30 giorni ti seguiremo (si applica la clausola di uso corretto o di non abuso) nel processo per ottenere la residenza ad Andorra<\/p>\n<p>Costo di 350 EUR o equivalente in altra valuta.<\/p>\n<p>In ogni caso, abbiamo esperienza e contatti stabiliti con i professionisti di Andorra per soddisfare le tue esigenze. Questo sistema si \u00e8 dimostrato il pi\u00f9 efficace e ti eviter\u00e0 di perdere denaro con intermediari che non conosci.<\/p>\n<p><img decoding=\"async\" src=\"https:\/\/www.paypalobjects.com\/es_XC\/i\/scr\/pixel.gif\" alt=\"\" width=\"1\" height=\"1\" border=\"0\" \/><\/p>\n","protected":false},"excerpt":{"rendered":"<h2>La residenza ad Andorra \u00e8 una buona soluzione fiscale che ti permette di continuare a vivere in Europa<\/h2>\n<p>Andorra \u00e8 una meta ambita da molte persone di tutto il mondo. Chiamaci per farti spiegare come ottenere la residenza.<\/p>\n","protected":false},"featured_media":4364,"template":"","meta":{"inline_featured_image":false},"product_brand":[],"product_cat":[124],"product_tag":[],"class_list":{"0":"post-513","1":"product","2":"type-product","3":"status-publish","4":"has-post-thumbnail","6":"product_cat-immigrazione-it","8":"first","9":"instock","10":"shipping-taxable","11":"purchasable","12":"product-type-variable"},"_links":{"self":[{"href":"https:\/\/opm01.com\/it\/wp-json\/wp\/v2\/product\/513","targetHints":{"allow":["GET"]}}],"collection":[{"href":"https:\/\/opm01.com\/it\/wp-json\/wp\/v2\/product"}],"about":[{"href":"https:\/\/opm01.com\/it\/wp-json\/wp\/v2\/types\/product"}],"version-history":[{"count":1,"href":"https:\/\/opm01.com\/it\/wp-json\/wp\/v2\/product\/513\/revisions"}],"predecessor-version":[{"id":3597,"href":"https:\/\/opm01.com\/it\/wp-json\/wp\/v2\/product\/513\/revisions\/3597"}],"wp:featuredmedia":[{"embeddable":true,"href":"https:\/\/opm01.com\/it\/wp-json\/wp\/v2\/media\/4364"}],"wp:attachment":[{"href":"https:\/\/opm01.com\/it\/wp-json\/wp\/v2\/media?parent=513"}],"wp:term":[{"taxonomy":"product_brand","embeddable":true,"href":"https:\/\/opm01.com\/it\/wp-json\/wp\/v2\/product_brand?post=513"},{"taxonomy":"product_cat","embeddable":true,"href":"https:\/\/opm01.com\/it\/wp-json\/wp\/v2\/product_cat?post=513"},{"taxonomy":"product_tag","embeddable":true,"href":"https:\/\/opm01.com\/it\/wp-json\/wp\/v2\/product_tag?post=513"}],"curies":[{"name":"wp","href":"https:\/\/api.w.org\/{rel}","templated":true}]}}