{"id":483,"date":"2022-05-21T07:44:57","date_gmt":"2022-05-21T12:44:57","guid":{"rendered":"https:\/\/opm01.com\/01\/formar-una-sociedad-en-colombia\/"},"modified":"2022-09-27T14:56:59","modified_gmt":"2022-09-27T19:56:59","slug":"costituire-una-societa-in-colombia","status":"publish","type":"product","link":"https:\/\/opm01.com\/it\/prodotto\/costituire-una-societa-in-colombia\/","title":{"rendered":"Costituire una societ\u00e0 in Colombia"},"content":{"rendered":"<h3><strong>Ci sono otto modi diversi per costituire una societ\u00e0 in Colombia, secondo il Codice Commerciale e la legge 1258 del 2008<\/strong>.<\/h3>\n<p>Non \u00e8 necessario usare un avvocato per costituire una societ\u00e0 in Colombia. Per\u00f2, \u00e8 altamente raccomandato che un professionista esperto ti consigli su quale tipo di societ\u00e0 \u00e8 pi\u00f9 utile, a seconda dell\u2019attivit\u00e0 che svolgi. Inoltre, l\u2019avvocato sar\u00e0 incaricato di redigere lo statuto della tua azienda. Possiamo aiutarti, perch\u00e9 abbiamo una vasta esperienza con gli investimenti stranieri in Colombia.<\/p>\n<p>La legge colombiana stabilisce che si possono creare: una ditta individuale, una societ\u00e0 di lavoro associativa, una societ\u00e0 a responsabilit\u00e0 limitata, una societ\u00e0 per azioni, una societ\u00e0 per azioni semplificata, una societ\u00e0 in nome collettivo, una societ\u00e0 in accomandita semplice e una societ\u00e0 in accomandita per azioni.<\/p>\n<p>Tutte queste istituzioni hanno personalit\u00e0 giuridica e quindi hanno responsabilit\u00e0 e diritti. La selezione di quale azienda sia la pi\u00f9 favorevole, secondo i tuoi interessi, \u00e8 un processo chiave e, come abbiamo detto, possiamo aiutarti in questo. La decisione \u00e8 molto importante, perch\u00e9 per questo dovrai prendere in considerazione il capitale che hai, cos\u00ec come il numero di soci che incorporerai nella tua azienda.<\/p>\n<p>Il tempo necessario per incorporare una societ\u00e0 in Colombia varia tra i 10 e i 14 giorni lavorativi.<\/p>\n<h3><strong>Principali caratteristiche delle societ\u00e0 costituite in Colombia<\/strong><\/h3>\n<p>In una ditta individuale, il proprietario ha la capacit\u00e0 giuridica di svolgere attivit\u00e0 commerciali. Tuttavia, \u00e8 responsabile, senza limiti, con tutti i suoi beni, nei confronti di qualsiasi persona che sia colpita dalle azioni di quella societ\u00e0.<\/p>\n<p>L\u2019Impresa di Lavoro Associativo mira alla commercializzazione, distribuzione e produzione di beni di base per il consumo familiare. I suoi membri possono anche offrire servizi congiuntamente o individualmente.<\/p>\n<p>Nella societ\u00e0 a responsabilit\u00e0 limitata, ogni membro \u00e8 responsabile fino all\u2019importo totale del capitale conferito. Abbiamo poi la Societ\u00e0 per azioni che si forma attraverso i fondi apportati dagli azionisti, che sono responsabili fino all\u2019importo totale del contributo monetario che hanno apportato. Questo tipo di azienda \u00e8 gestita da manager su base temporanea.<\/p>\n<p>La societ\u00e0 per azioni semplificata pu\u00f2 essere formata da una o pi\u00f9 persone giuridiche o individui. Tutti loro saranno responsabili fino all\u2019ammontare del contributo economico apportato. Ai fini fiscali, questo tipo di societ\u00e0 deve rispettare le stesse regole che si applicano alle societ\u00e0 per azioni.<\/p>\n<p>La caratteristica essenziale di una societ\u00e0 in nome collettivo \u00e8 che tutti i partner sono illimitatamente responsabili di tutte le operazioni effettuate dalla societ\u00e0<\/p>\n","protected":false},"excerpt":{"rendered":"<div class=\"woocommerce-product-details__short-description\">\n<p>Non \u00e8 necessario usare un avvocato per costituire una societ\u00e0 in Colombia. Per\u00f2, \u00e8 altamente raccomandato rivolgersi a un professionista<\/p>\n<\/div>\n","protected":false},"featured_media":4260,"template":"","meta":{"inline_featured_image":false},"product_brand":[],"product_cat":[83],"product_tag":[],"class_list":{"0":"post-483","1":"product","2":"type-product","3":"status-publish","4":"has-post-thumbnail","6":"product_cat-sociedades-offshore-it","8":"first","9":"instock","10":"shipping-taxable","11":"purchasable","12":"product-type-variable"},"_links":{"self":[{"href":"https:\/\/opm01.com\/it\/wp-json\/wp\/v2\/product\/483","targetHints":{"allow":["GET"]}}],"collection":[{"href":"https:\/\/opm01.com\/it\/wp-json\/wp\/v2\/product"}],"about":[{"href":"https:\/\/opm01.com\/it\/wp-json\/wp\/v2\/types\/product"}],"version-history":[{"count":1,"href":"https:\/\/opm01.com\/it\/wp-json\/wp\/v2\/product\/483\/revisions"}],"predecessor-version":[{"id":7451,"href":"https:\/\/opm01.com\/it\/wp-json\/wp\/v2\/product\/483\/revisions\/7451"}],"wp:featuredmedia":[{"embeddable":true,"href":"https:\/\/opm01.com\/it\/wp-json\/wp\/v2\/media\/4260"}],"wp:attachment":[{"href":"https:\/\/opm01.com\/it\/wp-json\/wp\/v2\/media?parent=483"}],"wp:term":[{"taxonomy":"product_brand","embeddable":true,"href":"https:\/\/opm01.com\/it\/wp-json\/wp\/v2\/product_brand?post=483"},{"taxonomy":"product_cat","embeddable":true,"href":"https:\/\/opm01.com\/it\/wp-json\/wp\/v2\/product_cat?post=483"},{"taxonomy":"product_tag","embeddable":true,"href":"https:\/\/opm01.com\/it\/wp-json\/wp\/v2\/product_tag?post=483"}],"curies":[{"name":"wp","href":"https:\/\/api.w.org\/{rel}","templated":true}]}}