{"id":3661,"date":"2022-08-18T21:03:34","date_gmt":"2022-08-19T02:03:34","guid":{"rendered":"https:\/\/opm01.com\/?post_type=product&#038;p=3661"},"modified":"2023-05-15T10:58:42","modified_gmt":"2023-05-15T15:58:42","slug":"aprire-un-conto-bancario-offshore-a-distanza-a-panama","status":"publish","type":"product","link":"https:\/\/opm01.com\/it\/prodotto\/aprire-un-conto-bancario-offshore-a-distanza-a-panama\/","title":{"rendered":"Aprire un conto bancario offshore a distanza a Panama"},"content":{"rendered":"<h2>Panama \u00e8 uno dei centri finanziari pi\u00f9 riconosciuti al mondo in cui aprire un conto bancario offshore a distanza<\/h2>\n<p>Lo studio legale Caporaso &amp; Partners ha buoni rapporti con alcune delle migliori banche operanti a Panama e pu\u00f2 aiutarti ad aprire conti bancari personali online.<\/p>\n<p>I requisiti per l&#8217;apertura di un conto bancario offshore a Panama sono cambiati e ora il processo \u00e8 pi\u00f9 complicato. \u00c8 quindi essenziale essere accompagnati da professionisti esperti in queste materie.<\/p>\n<p>C&#8217;\u00e8 anche la possibilit\u00e0 di farlo da soli. Ma \u00e8 molto probabile che finisci per perdere tempo, senza raggiungere il tuo obiettivo. Caporaso &amp; Partners ti offre un servizio personalizzato e ti guida, innanzitutto, nell&#8217;individuazione della banca pi\u00f9 conveniente e adatta alle tue esigenze.<\/p>\n<p>In generale, quasi tutte le banche richiedono la stessa documentazione per l&#8217;apertura di un conto bancario offshore a Panama. La documentazione da presentare \u00e8 ampia e diversificata, ma anche in questo caso possiamo aiutarti.<\/p>\n<h2>Aprire un conto bancario offshore a distanza con successo<\/h2>\n<p>La banca chieder\u00e0 due lettere di referenze bancarie. Questo serve a stabilire che hai una buona reputazione bancaria e commerciale. Inoltre, dovrai presentare una lettera di referenze commerciali, preparata da uno dei tuoi clienti o fornitori. Pu\u00f2 andare bene anche una lettera di referenze di uno studio legale. Alcuni documenti possono essere omessi al momento dell&#8217;apertura del conto corrente.<\/p>\n<p>Tutte le banche seguono processi di due diligence. Pertanto, \u00e8 necessario presentare una copia autenticata del passaporto e un altro documento d&#8217;identit\u00e0, ad esempio la patente di guida. Inoltre, \u00e8 necessario fornire una prova dell&#8217;indirizzo, come ad esempio una copia di una bolletta dell&#8217;elettricit\u00e0, del telefono o di internet intestata a vostro nome e indicante il vostro indirizzo.<\/p>\n<p>La banca richieder\u00e0 anche informazioni sull&#8217;origine dei fondi da depositare. \u00c8 possibile mostrare bilanci, fatture, contratti, lettere di assunzione o dichiarazioni dei redditi. \u00c8 possibile che la banca richieda ulteriori documenti per chiarire eventuali dubbi emersi durante la due diligence.<\/p>\n<p>Il costo di apertura di un conto bancario a distanza a Panama \u00e8 di 1200 USD e richiede alcuni giorni.<\/p>\n<p><img fetchpriority=\"high\" decoding=\"async\" class=\"alignnone wp-image-3665 aligncenter\" src=\"https:\/\/opm01.com\/wp-content\/uploads\/2022\/08\/WhatsApp-Image-2022-08-17-at-4.35.00-PM.jpeg\" alt=\"Aprire un conto offshore a distanza\" width=\"650\" height=\"434\" srcset=\"https:\/\/opm01.com\/wp-content\/uploads\/2022\/08\/WhatsApp-Image-2022-08-17-at-4.35.00-PM.jpeg 1200w, https:\/\/opm01.com\/wp-content\/uploads\/2022\/08\/WhatsApp-Image-2022-08-17-at-4.35.00-PM-300x200.jpeg 300w, https:\/\/opm01.com\/wp-content\/uploads\/2022\/08\/WhatsApp-Image-2022-08-17-at-4.35.00-PM-219x146.jpeg 219w, https:\/\/opm01.com\/wp-content\/uploads\/2022\/08\/WhatsApp-Image-2022-08-17-at-4.35.00-PM-50x33.jpeg 50w, https:\/\/opm01.com\/wp-content\/uploads\/2022\/08\/WhatsApp-Image-2022-08-17-at-4.35.00-PM-113x75.jpeg 113w\" sizes=\"(max-width:767px) 480px, 650px\" \/><\/p>\n<h2><strong>Domande frequenti &#8211; FAQ<\/strong><\/h2>\n<ol>\n<li><strong> \u00c8 obbligatorio rivolgersi a uno studio legale per aprire un conto bancario a Panama?<\/strong><\/li>\n<\/ol>\n<p>No, non lo \u00e8. Potete rivolgervi personalmente a qualsiasi banca e richiedere l&#8217;apertura di un conto personale o aziendale senza bisogno di un avvocato che vi presenti o vi accompagni.<\/p>\n<ol start=\"2\">\n<li><strong> Che differenza c&#8217;\u00e8 tra aprire il conto da soli o affidarsi ai servizi del vostro studio?<\/strong><\/li>\n<\/ol>\n<p>Sicuramente utilizzando il servizio di presentazione all&#8217;apertura del conto bancario, il processo di apertura del conto sar\u00e0 molto pi\u00f9 personale, amichevole e rapido.<\/p>\n<p>Il nostro studio ha rapporti con le migliori banche del Paese; dopo un&#8217;analisi dettagliata del cliente e dei documenti che pu\u00f2 fornire, presentiamo il cliente alla banca pi\u00f9 adatta alle sue esigenze.<\/p>\n<p>Se tutti i requisiti della banca vengono rispettati (la due diligence viene effettuata dalla banca) non dovrai preoccuparti che la tua richiesta di apertura di un conto venga rifiutata, poich\u00e9 ci assicureremo che la documentazione sia completa e corretta, e ci occuperemo anche di inviarti tutta la documentazione bancaria tramite corriere.<\/p>\n<ol start=\"3\">\n<li><strong> Che cosa comprende il servizio di presentazione per l&#8217;apertura di un conto bancario?<\/strong><\/li>\n<\/ol>\n<p>&#8211; All&#8217;inizio del rapporto, anche prima della costituzione della persona giuridica, analizzeremo il profilo del conto e valuteremo se l&#8217;attivit\u00e0 accettata dalle banche di Panama o di un&#8217;altra giurisdizione \u00e8 quella giusta per te. In base al tuo profilo di gestione mensile, alla vostra attivit\u00e0 e alla tua nazionalit\u00e0 ti consiglieremo la banca che meglio si adatta alle tue esigenze. Ci assicureremo prima del viaggio che possa essere fornita tutta la documentazione richiesta dalla banca per evitare qualsiasi inconveniente.<\/p>\n<p>&#8211; Se il tuo profilo viene pre-approvato, procederemo a fissare la data del viaggio ed a organizzare un incontro nei nostri uffici e con la banca.<\/p>\n<p>&#8211; Una volta che il firmatario \u00e8 a Panama, avremo un incontro nei nostri uffici prima del colloquio con la banca in questo incontro si fa una revisione approfondita della documentazione fornita dal cliente, si discute la strategia da applicare alla banca in termini di profilo e l&#8217;attivit\u00e0 del cliente, tutto questo per presentare alla banca la tua domanda in un modo chiaro e attraente per l&#8217;approvazione \/ Fornitura e firma dei moduli bancari.<\/p>\n<p>&#8211; Incontro prestabilito con un dirigente della banca di riferimento, al quale un membro del nostro studio ti accompagner\u00e0 e rimarr\u00e0 fino al termine dell&#8217;incontro.<\/p>\n<p>&#8211; Presentazione formale della domanda alla banca, a condizione che la documentazione sia completa (Caporaso &amp; Partners rilascer\u00e0 una lettera di riferimento alla banca di riferimento).<\/p>\n<p>&#8211; Gestione delle pratiche burocratiche.<\/p>\n<p>&#8211; Seguimento del processo con un nostro incaricato, in modo che il processo sia pi\u00f9 veloce, fino all&#8217;approvazione del conto.<\/p>\n<p>&#8211; Effettuiamo il deposito iniziale (solo se applicabile).<\/p>\n<p>&#8211; Consegna tramite corriere dei titoli bancari (accesso all&#8217;online banking, pin, carte).<\/p>\n<ol start=\"4\">\n<li><strong> Per aprire un conto bancario in una banca di Panama \u00e8 necessario recarsi a Panama? Chi deve recarsi?<\/strong><\/li>\n<\/ol>\n<p>Secondo la nuova politica stabilita dalla Superintendencia Bancaria de Panama, la maggior parte delle banche richiede che i firmatari del conto si rechino a Panama per un colloquio personale con la banca di loro scelta.<\/p>\n<p>Il nostro studio collabora anche con alcune banche dei Caraibi, dove la procedura pu\u00f2 essere eseguita a distanza.<\/p>\n<ol start=\"5\">\n<li><strong> Quali sono i tempi e le procedure per aprire un conto bancario a Panama?<\/strong><\/li>\n<\/ol>\n<p>&#8211; Dopo il colloquio del cliente con la banca, quest&#8217;ultima pu\u00f2 richiedere al cliente una documentazione aggiuntiva, che dovr\u00e0 essere inviata dal cliente per e-mail o per corriere, se necessario. Caporaso &amp; Partners non pu\u00f2 presentare una domanda formale alla banca finch\u00e9 non sono stati completati tutti i documenti richiesti.<\/p>\n<p>&#8211; Una volta che il cliente ha fornito tutti i documenti, Caporaso &amp; Parners proceder\u00e0 alla preparazione della domanda formale alla banca; questa fase richiede tra i 4 e i 5 giorni lavorativi dopo il colloquio, a condizione che non manchi alcuna documentazione. Una volta presentata la domanda formale alla banca, il cliente ricever\u00e0 un&#8217;e-mail di notifica.<\/p>\n<p>&#8211; Una volta che la banca riceve la domanda, questa viene sottoposta a un processo di conformit\u00e0 che pu\u00f2 durare 2-3 settimane a seconda della complessit\u00e0 del conto e del profilo. In questa fase la banca pu\u00f2 richiedere ulteriori informazioni alle quali il cliente dovr\u00e0 rispondere via e-mail.<\/p>\n<p>&#8211; Una volta approvato il conto, la banca invier\u00e0 un&#8217;e-mail con copia a Caporaso &amp; Parners con il numero di conto e le istruzioni su come effettuare il deposito iniziale.<\/p>\n<ol start=\"6\">\n<li><strong> Quanto tempo occorre per aprire un conto bancario se la procedura viene eseguita a distanza?<\/strong><\/li>\n<\/ol>\n<p>Alcune banche dei Caraibi (al di fuori di Panama), con cui collaboriamo, possono aprire il conto entro otto (8) -dieci (10) giorni lavorativi.<\/p>\n<ol start=\"7\">\n<li><strong> C&#8217;\u00e8 qualche svantaggio nell&#8217;aprire un conto bancario in una banca panamense se anche la mia societ\u00e0 \u00e8 panamense? Il conto bancario cesserebbe di essere offshore?<\/strong><\/li>\n<\/ol>\n<p>Assolutamente no. Aprire un conto bancario a Panama a nome di una societ\u00e0 panamense \u00e8 una combinazione perfetta: in primo luogo per il margine di riservatezza offerto dalle societ\u00e0 panamensi e in secondo luogo per il margine di sicurezza legale ed economica di cui gode la maggior parte delle banche di Panama.<\/p>\n<p>Il conto non cesserebbe di essere offshore perch\u00e9, sebbene la banca sia situata nello stesso luogo in cui la societ\u00e0 \u00e8 stata costituita, le attivit\u00e0 con cui vengono prodotti gli utili da depositare sul conto si svolgono all&#8217;estero.<\/p>\n<ol start=\"8\">\n<li><strong> Quali vantaggi o agevolazioni ottengo se, al momento della costituzione della societ\u00e0 per azioni attraverso la quale verr\u00e0 aperto il conto bancario, gli amministratori sono panamensi?<\/strong><\/li>\n<\/ol>\n<p>A Panama, le banche hanno meno requisiti per i conti delle societ\u00e0 i cui amministratori sono cittadini. Se gli amministratori sono stranieri, oltre a presentare le copie dei passaporti postillati (se non partecipano al colloquio personale con il firmatario), devono portare con s\u00e9 anche le lettere di referenze; per questo motivo molti clienti optano per il servizio di amministratori designati al momento della costituzione, non solo per proteggere la loro identit\u00e0 ma anche per facilitare il processo di apertura del conto.<\/p>\n<ol start=\"9\">\n<li><strong> Discutete con i vostri clienti i nomi delle banche nazionali e internazionali con cui lo studio collabora?<\/strong><\/li>\n<\/ol>\n<p>\u00c8 corretto. Contrariamente ad altri studi legali di Panama, che non discutono con il cliente i nomi delle banche con cui lavorano, quando i nostri clienti richiedono i nostri servizi di presentazione forniamo loro l&#8217;elenco delle banche con cui lavoriamo, in modo che possano scegliere, con il nostro consiglio, quella che meglio si adatta alle loro esigenze.<\/p>\n<ol start=\"10\">\n<li><strong> \u00c8 possibile aprire conti bancari in euro presso le banche nazionali e internazionali con cui lavora la vostra azienda?<\/strong><\/li>\n<\/ol>\n<p>\u00c8 vero, tutte le banche con cui lavoriamo aprono conti in dollari, euro e anche in altre valute.<\/p>\n<ol start=\"11\">\n<li><strong> Qual \u00e8 l&#8217;importo minimo richiesto per aprire un conto corrente a nome di una societ\u00e0?<\/strong><\/li>\n<\/ol>\n<p>Dipende dalla banca, pu\u00f2 variare da 5.000,00 a 20.000,00 dollari.<\/p>\n","protected":false},"excerpt":{"rendered":"<h2>Lo studio legale Caporaso &amp; Partners ha buoni rapporti con le migliori banche operanti a Panama dove possiamo farti aprire un conto bancario offshore a distanza<\/h2>\n<p>Il nostro aiuto va ad essere determinante per\u00a0 aprire un conto bancario offshore a distanza<\/p>\n<p>&nbsp;<\/p>\n","protected":false},"featured_media":4230,"template":"","meta":{"inline_featured_image":false},"product_brand":[],"product_cat":[128],"product_tag":[],"class_list":{"0":"post-3661","1":"product","2":"type-product","3":"status-publish","4":"has-post-thumbnail","6":"product_cat-conto-in-banca","8":"first","9":"instock","10":"shipping-taxable","11":"purchasable","12":"product-type-variable"},"_links":{"self":[{"href":"https:\/\/opm01.com\/it\/wp-json\/wp\/v2\/product\/3661","targetHints":{"allow":["GET"]}}],"collection":[{"href":"https:\/\/opm01.com\/it\/wp-json\/wp\/v2\/product"}],"about":[{"href":"https:\/\/opm01.com\/it\/wp-json\/wp\/v2\/types\/product"}],"version-history":[{"count":1,"href":"https:\/\/opm01.com\/it\/wp-json\/wp\/v2\/product\/3661\/revisions"}],"predecessor-version":[{"id":3662,"href":"https:\/\/opm01.com\/it\/wp-json\/wp\/v2\/product\/3661\/revisions\/3662"}],"wp:featuredmedia":[{"embeddable":true,"href":"https:\/\/opm01.com\/it\/wp-json\/wp\/v2\/media\/4230"}],"wp:attachment":[{"href":"https:\/\/opm01.com\/it\/wp-json\/wp\/v2\/media?parent=3661"}],"wp:term":[{"taxonomy":"product_brand","embeddable":true,"href":"https:\/\/opm01.com\/it\/wp-json\/wp\/v2\/product_brand?post=3661"},{"taxonomy":"product_cat","embeddable":true,"href":"https:\/\/opm01.com\/it\/wp-json\/wp\/v2\/product_cat?post=3661"},{"taxonomy":"product_tag","embeddable":true,"href":"https:\/\/opm01.com\/it\/wp-json\/wp\/v2\/product_tag?post=3661"}],"curies":[{"name":"wp","href":"https:\/\/api.w.org\/{rel}","templated":true}]}}