{"id":3563,"date":"2022-07-22T21:40:07","date_gmt":"2022-07-23T02:40:07","guid":{"rendered":"https:\/\/opm01.com\/?post_type=product&#038;p=3563"},"modified":"2022-09-28T10:48:42","modified_gmt":"2022-09-28T15:48:42","slug":"licenza-di-wallet-di-criptovalute-in-lituania","status":"publish","type":"product","link":"https:\/\/opm01.com\/it\/prodotto\/licenza-di-wallet-di-criptovalute-in-lituania\/","title":{"rendered":"Licenza di wallet di criptovalute in Lituania"},"content":{"rendered":"<h2><strong>Costituisci a distanza \u00a0la tua societ\u00e0 di wallet di criptovalute in Lituania<\/strong><\/h2>\n<p>Cosa fare per ricevere una licenza di wallet o portafoglio di criptovalute e servizi di custodia di criptovalute in Lituania<\/p>\n<p>La Lituania \u00e8 uno dei Paesi pi\u00f9 vantaggiosi per chi vuole fare affari con le criptovalute. Qui \u00e8 possibile registrare legalmente una societ\u00e0 e richiedere la licenza per offrire servizi di portafoglio e custodia. Questa licenza consente ai clienti di aprire un portafoglio all&#8217;interno dell&#8217;azienda per conservare le criptovalute.<\/p>\n<p>Qualsiasi persona, indipendentemente dalla nazionalit\u00e0, pu\u00f2 costituire una societ\u00e0 a responsabilit\u00e0 limitata in Lituania o acquistarne una gi\u00e0 registrata. Non \u00e8 richiesta la presenza fisica dell&#8217;investitore nel Paese, in quanto l&#8217;intero processo di costituzione o acquisizione pu\u00f2 essere completato online, attraverso i servizi di un rappresentante.<\/p>\n<h2><strong>Come ottenere una licenza per wallet di criptovalute<\/strong><\/h2>\n<p>Una volta registrata la societ\u00e0, \u00e8 il momento di richiedere la licenza. In Lituania esistono due tipi di licenze per le criptovalute: una per le societ\u00e0 che offrono servizi di Exchange di criptovalute e una per le societ\u00e0 che forniscono un wallet di criptovalute con servizi di custodia.<\/p>\n<p>In entrambi i casi, il titolare della societ\u00e0 deve aprire un conto in una banca lituana. Il capitale minimo autorizzato, pari a 2.500 euro, deve essere depositato sul conto. Le autorit\u00e0 lituane richiedono che tutti i clienti di tale societ\u00e0 siano sottoposti a un processo di KYC (controllo dei precedenti). Inoltre, l&#8217;azienda deve conservare i dati dei clienti per un periodo non inferiore a cinque anni. L&#8217;autorit\u00e0 di vigilanza pu\u00f2 chiedere all&#8217;impresa di condividere i dati dei clienti.<\/p>\n<p>Ogni richiesta di licenza viene analizzata dalla Banca di Lituania, poi dal Servizio di Investigazione sulla Criminalit\u00e0 Finanziaria e infine il Registro delle Imprese rilascia la licenza. Il dossier di candidatura deve contenere la procedura che la societ\u00e0 seguir\u00e0 per conformarsi all&#8217;antiriciclaggio.<\/p>\n<p>Le societ\u00e0 che offrono servizi di custodia e wallet di criptovalute in Lituania pagano un&#8217;imposta del 15% sugli utili. Tuttavia, le aziende con meno di dieci dipendenti e che generano meno di 300.000 euro all&#8217;anno, possono pagare un&#8217;aliquota ridotta dell&#8217;imposta sul reddito delle societ\u00e0, fino al 5%.<\/p>\n","protected":false},"excerpt":{"rendered":"<h2>Come ottenere una licenza di wallet di criptovalute e servizi di custodia cripto in Lituania<\/h2>\n<p>Richiedi a distanza\u00a0 la tua licenza di wallet e custodia cripto<\/p>\n","protected":false},"featured_media":4337,"template":"","meta":{"inline_featured_image":false},"product_brand":[],"product_cat":[122],"product_tag":[],"class_list":{"0":"post-3563","1":"product","2":"type-product","3":"status-publish","4":"has-post-thumbnail","6":"product_cat-servizi-blockchain","8":"first","9":"instock","10":"virtual","11":"purchasable","12":"product-type-simple"},"_links":{"self":[{"href":"https:\/\/opm01.com\/it\/wp-json\/wp\/v2\/product\/3563","targetHints":{"allow":["GET"]}}],"collection":[{"href":"https:\/\/opm01.com\/it\/wp-json\/wp\/v2\/product"}],"about":[{"href":"https:\/\/opm01.com\/it\/wp-json\/wp\/v2\/types\/product"}],"version-history":[{"count":0,"href":"https:\/\/opm01.com\/it\/wp-json\/wp\/v2\/product\/3563\/revisions"}],"wp:featuredmedia":[{"embeddable":true,"href":"https:\/\/opm01.com\/it\/wp-json\/wp\/v2\/media\/4337"}],"wp:attachment":[{"href":"https:\/\/opm01.com\/it\/wp-json\/wp\/v2\/media?parent=3563"}],"wp:term":[{"taxonomy":"product_brand","embeddable":true,"href":"https:\/\/opm01.com\/it\/wp-json\/wp\/v2\/product_brand?post=3563"},{"taxonomy":"product_cat","embeddable":true,"href":"https:\/\/opm01.com\/it\/wp-json\/wp\/v2\/product_cat?post=3563"},{"taxonomy":"product_tag","embeddable":true,"href":"https:\/\/opm01.com\/it\/wp-json\/wp\/v2\/product_tag?post=3563"}],"curies":[{"name":"wp","href":"https:\/\/api.w.org\/{rel}","templated":true}]}}