{"id":3561,"date":"2022-07-22T22:59:29","date_gmt":"2022-07-23T03:59:29","guid":{"rendered":"https:\/\/opm01.com\/?post_type=product&#038;p=3561"},"modified":"2022-08-05T19:55:03","modified_gmt":"2022-08-06T00:55:03","slug":"licenza-di-exchange-di-criptovalute-in-lituania","status":"publish","type":"product","link":"https:\/\/opm01.com\/it\/prodotto\/licenza-di-exchange-di-criptovalute-in-lituania\/","title":{"rendered":"Licenza di Exchange di criptovalute in Lituania"},"content":{"rendered":"<h2>Costituisci a distanza la tua societ\u00e0 di Exchange di criptovalute in Lituania<\/h2>\n<p>La Lituania \u00e8 uno dei pochi Paesi europei in cui \u00e8 possibile ottenere una licenza di Exchange di criptovalute e condurre affari legali con le criptovalute. Il governo lituano ha creato un ambiente regolamentato molto favorevole per le societ\u00e0 che forniscono servizi di Exchange di criptovalute. Tali regolamenti favoriscono anche coloro che offrono servizi di wallet di criptovalute.<\/p>\n<p>Il Financial Crimes Investigation Service \u00e8 l&#8217;ente che rilascia le licenze per svolgere attivit\u00e0 di criptovaluta in Lituania. Tale ente rilascia due tipi di licenze: una per l\u2019Exchange di criptovalute e una per i wallet di criptovalute ed i servizi di custodia.<\/p>\n<p>Con una licenza di Exchange di criptovalute in Lituania, una societ\u00e0 pu\u00f2 negoziare valuta fiat in criptovalute e viceversa, nonch\u00e9 negoziare tra diverse criptovalute. Per ogni transazione riceve una commissione, come parte dei servizi offerti.<\/p>\n<h2><strong>I passi da compiere per ottenere una licenza di Exchange di criptovalute<\/strong><\/h2>\n<p>Il primo passo \u00e8 registrare una societ\u00e0 in Lituania o acquistarne una gi\u00e0 registrata. Una volta completata l&#8217;operazione, \u00e8 possibile richiedere una licenza al Financial Crime Investigation Service lituano. Questa licenza non scade e non deve essere rinnovata. Vale la pena notare che la costituzione della societ\u00e0 e l&#8217;ottenimento della licenza possono essere effettuati online, senza la necessit\u00e0 di recarsi nel Paese.<\/p>\n<p>Non \u00e8 necessario essere residenti in Lituania per diventare proprietari di una cripto-societ\u00e0 registrata in Lituania. Tuttavia, i non residenti dovranno presentare un&#8217;ulteriore documentazione alle autorit\u00e0 locali. Tra i requisiti richiesti c&#8217;\u00e8 un certificato del casellario giudiziale, rilasciato dal Paese di residenza del proprietario.<\/p>\n<p>Un altro passo necessario per ottenere la licenza \u00e8 l&#8217;apertura di un conto bancario in una delle banche lituane. Il capitale autorizzato dalla societ\u00e0 dovr\u00e0 essere depositato su tale conto. Il deposito minimo \u00e8 di 2.500 euro. Questo denaro deve essere denaro fiat, poich\u00e9 le criptovalute non sono accettate.<\/p>\n<p>Oltre alla registrazione della societ\u00e0, al deposito del capitale sociale e al certificato penale di tutti i soci, l&#8217;investitore che richiede una licenza di Exchange di criptovalute in Lituania deve sottoporsi a un processo di KYC (know your customer).<\/p>\n<p>La societ\u00e0, gi\u00e0 autorizzata, deve avere una sede fisica in una qualsiasi provincia della Lituania. L&#8217;ufficio pu\u00f2 essere visitato dal regolatore, quando lo ritiene opportuno. L&#8217;autorit\u00e0 di vigilanza pu\u00f2 richiedere, per iscritto, informazioni sui clienti di tale societ\u00e0. Pertanto, \u00e8 indispensabile che l&#8217;azienda conservi un registro di tutti i suoi clienti degli ultimi cinque anni.<\/p>\n","protected":false},"excerpt":{"rendered":"<h2>Ottieni la licenza di Exchange in Lituania e conduci affari legali con le criptovalute<\/h2>\n<p>In Lituania trovi l\u2019ambiente legale molto favorevole per gli Exchange di criptovalute<\/p>\n","protected":false},"featured_media":4228,"template":"","meta":{"inline_featured_image":false},"product_brand":[],"product_cat":[122],"product_tag":[],"class_list":{"0":"post-3561","1":"product","2":"type-product","3":"status-publish","4":"has-post-thumbnail","6":"product_cat-servizi-blockchain","8":"first","9":"instock","10":"virtual","11":"purchasable","12":"product-type-simple"},"_links":{"self":[{"href":"https:\/\/opm01.com\/it\/wp-json\/wp\/v2\/product\/3561","targetHints":{"allow":["GET"]}}],"collection":[{"href":"https:\/\/opm01.com\/it\/wp-json\/wp\/v2\/product"}],"about":[{"href":"https:\/\/opm01.com\/it\/wp-json\/wp\/v2\/types\/product"}],"version-history":[{"count":0,"href":"https:\/\/opm01.com\/it\/wp-json\/wp\/v2\/product\/3561\/revisions"}],"wp:featuredmedia":[{"embeddable":true,"href":"https:\/\/opm01.com\/it\/wp-json\/wp\/v2\/media\/4228"}],"wp:attachment":[{"href":"https:\/\/opm01.com\/it\/wp-json\/wp\/v2\/media?parent=3561"}],"wp:term":[{"taxonomy":"product_brand","embeddable":true,"href":"https:\/\/opm01.com\/it\/wp-json\/wp\/v2\/product_brand?post=3561"},{"taxonomy":"product_cat","embeddable":true,"href":"https:\/\/opm01.com\/it\/wp-json\/wp\/v2\/product_cat?post=3561"},{"taxonomy":"product_tag","embeddable":true,"href":"https:\/\/opm01.com\/it\/wp-json\/wp\/v2\/product_tag?post=3561"}],"curies":[{"name":"wp","href":"https:\/\/api.w.org\/{rel}","templated":true}]}}