{"id":3276,"date":"2022-07-05T10:42:50","date_gmt":"2022-07-05T15:42:50","guid":{"rendered":"https:\/\/opm01.com\/?post_type=product&#038;p=3276"},"modified":"2022-09-28T10:55:35","modified_gmt":"2022-09-28T15:55:35","slug":"registra-il-tuo-marchio-a-livello-internazionale","status":"publish","type":"product","link":"https:\/\/opm01.com\/it\/prodotto\/registra-il-tuo-marchio-a-livello-internazionale\/","title":{"rendered":"Registra il tuo marchio a livello internazionale"},"content":{"rendered":"<h2>La registrazione del tuo marchio nel TMPR (Registro Pubblico dei Marchi su blockchain) ti offre diversi vantaggi<\/h2>\n<p>La registrazione del marchio \u00e8 un processo fondamentale per proteggere la tua attivit\u00e0, quindi registra il tuo marchio a livello internazionale.<\/p>\n<p>I meccanismi tradizionali di registrazione dei marchi possono richiedere mesi, solo per ottenere il riconoscimento del tuo marchio a livello nazionale. Inoltre, le agenzie di registrazione si fanno pagare molto per completare tutti i passaggi.<\/p>\n<p>Con noi, puoi registrare il tuo marchio a livello internazionale in modo istantaneo e super economico, ed in pi\u00f9, facciamo diventare il tuo marchio un NFT, completamente gratis.<\/p>\n<p>Con la tua registrazione nel TMPR (Registro Pubblico dei Marchi su blockchain), avrai IL TMPR conferisce pi\u00f9 credibilit\u00e0 al tuo marchiola data esatta di registrazione su blockchain, in modo da poter rivendicare i tuoi diritti esclusivi di utilizzo del marchio a livello internazionale. Il TMPR ha una visibilit\u00e0 globale, perch\u00e9 \u00e8 sulla blockchain e nessuno pu\u00f2 alterarlo. Sarai sempre in grado di dimostrare che sei stato tu a registrare il marchio. Inoltre, i nostri tempi di registrazione sono immediati e molto pi\u00f9 brevi rispetto ai meccanismi tradizionali.<\/p>\n<h2>Il TMPR conferisce pi\u00f9 credibilit\u00e0 al tuo marchio<\/h2>\n<p>Registrando il tuo marchio sul TMPR ti garantisci una maggiore credibilit\u00e0, perch\u00e9 i tuoi clienti potranno verificare, sulla blockchain, che hai un marchio registrato. Puoi anche registrare il logo o l&#8217;immagine di prodotti o servizi che decidi di associare al tuo marchio. In questo modo hai anche il diritto all&#8217;uso esclusivo di quel logo. Inoltre, se scegli di utilizzare i nostri servizi, convertiamo il tuo marchio in un NFT, che funziona come un ulteriore asset digitale. Questo NFT pu\u00f2 essere commercializzato su qualsiasi piattaforma di compravendita di NFT.<\/p>\n<p>Un altro vantaggio notevole \u00e8 quello economico. Il servizio di registrazione del marchio TMPR costa solo 299 dollari. Se non hai familiarit\u00e0 con la blockchain, i contratti intelligenti ed il portafoglio digitale MetaMask, con il nostro servizio TMPR VIP possiamo fare tutto noi al posto tuo.<\/p>\n<p>&nbsp;<\/p>\n","protected":false},"excerpt":{"rendered":"<h2>Registra il tuo marchio a livello internazionale sulla blockchain e ottieni un meccanismo di difesa globale<\/h2>\n<p>Ti offriamo la possibilit\u00e0 di registrare il tuo marchio a livello internazionale, in modo rapido ed a prezzi molto bassi<\/p>\n","protected":false},"featured_media":4340,"template":"","meta":{"inline_featured_image":false},"product_brand":[],"product_cat":[122],"product_tag":[],"class_list":{"0":"post-3276","1":"product","2":"type-product","3":"status-publish","4":"has-post-thumbnail","6":"product_cat-servizi-blockchain","8":"first","9":"instock","10":"virtual","11":"purchasable","12":"product-type-simple"},"_links":{"self":[{"href":"https:\/\/opm01.com\/it\/wp-json\/wp\/v2\/product\/3276","targetHints":{"allow":["GET"]}}],"collection":[{"href":"https:\/\/opm01.com\/it\/wp-json\/wp\/v2\/product"}],"about":[{"href":"https:\/\/opm01.com\/it\/wp-json\/wp\/v2\/types\/product"}],"version-history":[{"count":0,"href":"https:\/\/opm01.com\/it\/wp-json\/wp\/v2\/product\/3276\/revisions"}],"wp:featuredmedia":[{"embeddable":true,"href":"https:\/\/opm01.com\/it\/wp-json\/wp\/v2\/media\/4340"}],"wp:attachment":[{"href":"https:\/\/opm01.com\/it\/wp-json\/wp\/v2\/media?parent=3276"}],"wp:term":[{"taxonomy":"product_brand","embeddable":true,"href":"https:\/\/opm01.com\/it\/wp-json\/wp\/v2\/product_brand?post=3276"},{"taxonomy":"product_cat","embeddable":true,"href":"https:\/\/opm01.com\/it\/wp-json\/wp\/v2\/product_cat?post=3276"},{"taxonomy":"product_tag","embeddable":true,"href":"https:\/\/opm01.com\/it\/wp-json\/wp\/v2\/product_tag?post=3276"}],"curies":[{"name":"wp","href":"https:\/\/api.w.org\/{rel}","templated":true}]}}