{"id":3241,"date":"2022-07-05T08:52:32","date_gmt":"2022-07-05T13:52:32","guid":{"rendered":"https:\/\/opm01.com\/?post_type=product&#038;p=3241"},"modified":"2022-09-28T14:03:19","modified_gmt":"2022-09-28T19:03:19","slug":"visto-di-solvibilita-economica-a-panama","status":"publish","type":"product","link":"https:\/\/opm01.com\/it\/prodotto\/visto-di-solvibilita-economica-a-panama\/","title":{"rendered":"Visto di solvibilit\u00e0 economica a Panama"},"content":{"rendered":"<h2>Come richiedere un visto di solvibilit\u00e0 economica<\/h2>\n<p>Per chi ha un piccolo capitale \u00e8 possibile richiedere un visto di solvibilit\u00e0 economica e vivere in un Paese con stabilit\u00e0 politica. Inoltre, Panama offre tasse basse e un&#8217;economia in crescita.\u00a0 Qui vi spieghiamo tutti i passi da seguire per richiedere il programma di visto di solvibilit\u00e0 economica.<\/p>\n<h2><strong>Perch\u00e9 Panama?<\/strong><\/h2>\n<p>Secondo le stime delle autorit\u00e0 locali, l&#8217;economia panamense potrebbe crescere fino al 5% entro il 2022. Il PIL del Paese \u00e8 aumentato del 13,6% nel primo trimestre dell&#8217;anno, rispetto allo stesso periodo del 2021. Settori come il commercio, i trasporti e l&#8217;edilizia hanno guidato questa crescita.<\/p>\n<p>Panama \u00e8 una delle destinazioni pi\u00f9 interessanti per gli investitori stranieri. Le leggi panamensi offrono incentivi fiscali e certezza del diritto per incoraggiare l&#8217;arrivo di un maggior numero di capitali stranieri. Inoltre, \u00e8 uno dei Paesi con il pi\u00f9 basso tasso di criminalit\u00e0 dell&#8217;America Latina.<\/p>\n<h2><strong>Come risiedere in modo permanente a Panama?<\/strong><\/h2>\n<p>Questo programma ha due varianti. In entrambi i casi, l&#8217;investimento \u00e8 di 300.000 dollari e il denaro deve sempre provenire dall&#8217;estero. Nella prima variante, il richiedente acquista un immobile e, nella seconda, effettua un certificato di deposito in una banca autorizzata a operare a Panama.<\/p>\n<h2><strong>Deposito bancario<\/strong><\/h2>\n<p>In questo caso, il richiedente deve depositare l&#8217;importo minimo di 300.000 balboa (1 balboa equivale a 1 dollaro USA) in un deposito vincolato presso una banca del Paese. A questo punto riceve un permesso dalle autorit\u00e0. Dopo due anni \u00e8 possibile richiedere la residenza permanente. Inoltre, se si desidera inserire persone a carico nella domanda, \u00e8 necessario aggiungere 2.000 balboas per ciascuna di esse.<\/p>\n<p>Tra i requisiti per la richiesta vi \u00e8 la presentazione di una procura e di una domanda, debitamente autenticate. L&#8217;elenco dei documenti comprende una copia del passaporto, del casellario giudiziario e del certificato di buona salute, oltre a una dichiarazione di affidabilit\u00e0 del background personale.<\/p>\n<p>Inoltre, il richiedente deve presentare alle autorit\u00e0 di immigrazione il certificato di apertura di un conto bancario a tempo determinato con una durata minima di tre anni.<\/p>\n<h2><strong>Investimenti immobiliari<\/strong><\/h2>\n<p>In questa variante del visto di solvibilit\u00e0 economica a Panama, il richiedente deve investire 300.000 balboas in beni immobili. Come nel caso precedente, con questo investimento ottiene un permesso speciale dalle autorit\u00e0. Due anni dopo, pu\u00f2 richiedere la residenza permanente.<\/p>\n<p>I requisiti sono simili alla variante del deposito bancario. La differenza sta nel fatto che il richiedente deve presentare una certificazione del registro pubblico, dove risulti che \u00e8 il proprietario dell&#8217;immobile, a suo nome, con un valore minimo stabilito dal programma di visti di solvibilit\u00e0 economica a Panama.<\/p>\n<p>Uno dei modi pi\u00f9 rapidi per ottenere la residenza permanente a Panama \u00e8 il visto di solvibilit\u00e0 economica.<\/p>\n","protected":false},"excerpt":{"rendered":"<h2>Uno dei modi pi\u00f9 rapidi per stabilirsi a Panama in modo permanente \u00e8 il visto di solvibilit\u00e0 economica<\/h2>\n<p>Panama \u00e8 diventato uno dei Paesi pi\u00f9 attraenti per emigrare e offre un visto di solvibilit\u00e0 economica molto interessante.<\/p>\n","protected":false},"featured_media":4352,"template":"","meta":{"inline_featured_image":false},"product_brand":[],"product_cat":[124],"product_tag":[],"class_list":{"0":"post-3241","1":"product","2":"type-product","3":"status-publish","4":"has-post-thumbnail","6":"product_cat-immigrazione-it","8":"first","9":"instock","10":"virtual","11":"purchasable","12":"product-type-simple"},"_links":{"self":[{"href":"https:\/\/opm01.com\/it\/wp-json\/wp\/v2\/product\/3241","targetHints":{"allow":["GET"]}}],"collection":[{"href":"https:\/\/opm01.com\/it\/wp-json\/wp\/v2\/product"}],"about":[{"href":"https:\/\/opm01.com\/it\/wp-json\/wp\/v2\/types\/product"}],"version-history":[{"count":1,"href":"https:\/\/opm01.com\/it\/wp-json\/wp\/v2\/product\/3241\/revisions"}],"predecessor-version":[{"id":3592,"href":"https:\/\/opm01.com\/it\/wp-json\/wp\/v2\/product\/3241\/revisions\/3592"}],"wp:featuredmedia":[{"embeddable":true,"href":"https:\/\/opm01.com\/it\/wp-json\/wp\/v2\/media\/4352"}],"wp:attachment":[{"href":"https:\/\/opm01.com\/it\/wp-json\/wp\/v2\/media?parent=3241"}],"wp:term":[{"taxonomy":"product_brand","embeddable":true,"href":"https:\/\/opm01.com\/it\/wp-json\/wp\/v2\/product_brand?post=3241"},{"taxonomy":"product_cat","embeddable":true,"href":"https:\/\/opm01.com\/it\/wp-json\/wp\/v2\/product_cat?post=3241"},{"taxonomy":"product_tag","embeddable":true,"href":"https:\/\/opm01.com\/it\/wp-json\/wp\/v2\/product_tag?post=3241"}],"curies":[{"name":"wp","href":"https:\/\/api.w.org\/{rel}","templated":true}]}}