{"id":3034,"date":"2022-06-28T13:34:46","date_gmt":"2022-06-28T18:34:46","guid":{"rendered":"https:\/\/opm01.com\/01\/renovar-sociedad\/"},"modified":"2026-02-19T14:34:59","modified_gmt":"2026-02-19T19:34:59","slug":"rinnovare-societa","status":"publish","type":"product","link":"https:\/\/opm01.com\/it\/prodotto\/rinnovare-societa\/","title":{"rendered":"Rinnovare societ\u00e0"},"content":{"rendered":"<h2>Perch\u00e9 dovrei pagare per un agente residente e una sede legale di una societ\u00e0 o fondazione offshore?<\/h2>\n<p>La presenza di una sede legale e di un agente residente \u00e8 un requisito fondamentale sia per la costituzione di una societ\u00e0 offshore che per il suo successivo utilizzo e mantenimento. \u00a0Una societ\u00e0 o una fondazione senza agente residente viene sospesa, anche se la tassa governativa annuale \u00e8 stata pagata.<\/p>\n<p>Le funzioni legali e pratiche di un Agente Residente all&#8217;interno di una societ\u00e0 offshore sono diverse. Questo avvocato specializzato fornisce l&#8217;indirizzo del suo studio come luogo legale di residenza fisica della societ\u00e0 offshore. Inoltre, l&#8217;Agente Residente \u00e8 responsabile della tenuta e dell&#8217;aggiornamento di vari documenti come richiesto dalle normative di ciascun Paese. Questi includono l&#8217;atto costitutivo e lo statuto della societ\u00e0, il registro dei soci e gli indirizzi. In pi\u00f9, conserva una copia degli avvisi e degli altri documenti depositati dalla societ\u00e0 per un periodo di dieci anni.<\/p>\n<p>L&#8217;Agente residente \u00e8 responsabile della revisione dei verbali delle riunioni e delle delibere degli azionisti e degli amministratori. Se non hai un agente residente, la tua azienda sar\u00e0 sospesa e non potr\u00e0 operare.<\/p>\n<p>Un altro ruolo dell&#8217;agente residente \u00e8 quello di fungere da intermediario ufficiale della societ\u00e0 offshore con le autorit\u00e0 locali. L&#8217; agente \u00e8 incaricato di pagare la tassa di rinnovo annuale della societ\u00e0 offshore ed \u00e8 anche colui che deposita le dichiarazioni amministrative, quando necessario.<\/p>\n<h2>Una societ\u00e0 o una fondazione non in regola pu\u00f2 essere sospesa.<\/h2>\n<p>Il mancato pagamento del rinnovo della societ\u00e0 offshore nei tempi previsti pu\u00f2 comportare multe governative e la sospensione della societ\u00e0. Inoltre, l&#8217;Agente Residente ha l&#8217;obbligo di aggiornare i dettagli dei beneficiari e la mancata osservanza di tale obbligo comporta multe superiori a 5000 dollari.<\/p>\n<p>Per motivi di privacy, il nostro studio non invia richieste di pagamento. Il pagamento puntuale del rinnovo \u00e8 responsabilit\u00e0 del cliente. In caso di domande, contattaci per conoscere lo stato della tua societ\u00e0.<\/p>\n<p>Caporaso &amp; Partners rinuncer\u00e0 automaticamente alle societ\u00e0 o alle fondazioni non aggiornate, determinandone la sospensione. La quota di rinnovo comprende consulenze gratuite sull&#8217;uso e sulle questioni relative alle societ\u00e0 o alle fondazioni.<\/p>\n<p>Non dimenticare di compilare ogni anno anche il modulo KYC (1 per ogni azionista) e la Dichiarazione annuale.<\/p>\n<h2>ATTENZIONE NUOVE TARIFFE DI RINNOVO PER SOCIETA&#8217; E FONDAZIONI<\/h2>\n<p>A causa delle nuove normative di conformit\u00e0 applicate da tutte le giurisdizioni offshore, abbiamo dovuto applicare nuove tariffe per i seguenti servizi:<\/p>\n<p>Agente residente, Tassa Annuale e Indirizzo Registrato<\/p>\n<p>Amministratori nominati<\/p>\n<p>Azionisti nominati<\/p>\n<p>Custodia di azioni<\/p>\n<p>Prezzi aggiornati al link <a href=\"https:\/\/opm01.com\/it\/prodotto\/rinnovare-societa\/\">https:\/\/opm01.com\/it\/01\/rinnovare-societa\/<\/a><\/p>\n<p>Inoltre, a causa dei costi di invio di denaro, cambio valuta e costi di mantenimento dei conti bancari, applicheremo una tariffa di 40 USD per i pagamenti tramite:<\/p>\n<p>IBAN, SWIFT, BTC, PayPal (con esclusione del pagamento di consulenze)<\/p>\n<p>I pagamenti tramite ACH Panama, ACH Stati Uniti, Zelle, USDT e contanti in USD sono esenti da spese.<\/p>\n<h3>Cos\u2019altro devo fare per mantenere attiva la mia societ\u00e0 o fondazione?<\/h3>\n<p>Per mantenere attiva la tua societ\u00e0 o fondazione, \u00e8 essenziale rispettare determinati requisiti contabili. Nella maggior parte delle giurisdizioni, la normativa richiede di tenere una contabilit\u00e0 di base. Ti consigliamo di informarti annualmente e con sufficiente anticipo, poich\u00e9 le regolamentazioni possono cambiare frequentemente.<\/p>\n<p>Nel caso di societ\u00e0 negli Stati Uniti, \u00e8 obbligatorio presentare una dichiarazione dei redditi. Inoltre, il mantenimento della contabilit\u00e0 \u00e8 un requisito imprescindibile. Se non hai effettuato operazioni o non possiedi beni, puoi tenere la contabilit\u00e0 a zero e presentarla in questo modo.<\/p>\n<p>Nelle giurisdizioni offshore, l&#8217;agente residente \u00e8 tenuto a ricevere la contabilit\u00e0 ogni anno. Se non viene presentata, l&#8217;agente \u00e8 obbligato a segnalarlo alle autorit\u00e0 competenti, il che potrebbe comportare sanzioni, la sospensione della societ\u00e0 o persino la sua chiusura definitiva.<\/p>\n<p>In molte giurisdizioni, \u00e8 ancora possibile presentare una dichiarazione giurata di inattivit\u00e0. Di seguito puoi scaricare il documento necessario. Ti invitiamo a rispettare la normativa vigente, poich\u00e9 non dipende da noi, ed evitare discussioni inutili.<\/p>\n<p>Ogni anno dovrai anche confermare il nome completo, l&#8217;indirizzo, il numero di telefono e l&#8217;indirizzo e-mail della persona che custodisce la contabilit\u00e0. Se non hai un contabile incaricato, compila il modulo con i tuoi dati.<\/p>\n<p style=\"text-align: center;\"><a href=\"https:\/\/opm01.com\/wp-content\/uploads\/2022\/06\/download-button-png-300x118.png\"><img decoding=\"async\" class=\"alignnone wp-image-22646\" src=\"https:\/\/opm01.com\/wp-content\/uploads\/2022\/06\/download-button-png-300x118.png\" alt=\"Rinnovare societ\u00e0 o fondazioni\" width=\"272\" height=\"107\" srcset=\"https:\/\/opm01.com\/wp-content\/uploads\/2022\/06\/download-button-png-300x118.png 300w, https:\/\/opm01.com\/wp-content\/uploads\/2022\/06\/download-button-png-230x90.png 230w, https:\/\/opm01.com\/wp-content\/uploads\/2022\/06\/download-button-png-150x59.png 150w, https:\/\/opm01.com\/wp-content\/uploads\/2022\/06\/download-button-png-480x188.png 480w, https:\/\/opm01.com\/wp-content\/uploads\/2022\/06\/download-button-png.png 679w\" sizes=\"(max-width:767px) 272px, 272px\" \/><\/a><\/p>\n<p style=\"text-align: center;\"><a href=\"https:\/\/opm01.com\/wp-content\/uploads\/2022\/06\/CP_Guida_-sui_registri_contabile_societa_e_fondaziones_offshore_panama.pdf\">Scarica Guida Norme Registri Contabili Societ\u00e0 e Fondazioni Offshore di Panama<\/a><\/p>\n<p style=\"text-align: center;\"><a href=\"https:\/\/opm01.com\/wp-content\/uploads\/2022\/06\/Modelo_de_diario_contabilidad_editable.xlsx\">Scarica Modello di Diario Contabile Modificabile<\/a><\/p>\n<p style=\"text-align: center;\"><a href=\"https:\/\/opm01.com\/wp-content\/uploads\/2022\/06\/Modelo_de_Estados_financieros_anual_editable.pdf\">Scarica Modello di Bilancio Annuale Modificabile<\/a><\/p>\n<p style=\"text-align: center;\"><a href=\"https:\/\/opm01.com\/wp-content\/uploads\/2022\/06\/DICHIARAZIONE-ENTITA-INATTIVA.pdf\">Scarica Dichiarazione di Entit\u00e0 Inattiva<\/a><\/p>\n","protected":false},"excerpt":{"rendered":"<h2>Ricordati di rinnovare ogni anno la tua Societ\u00e0 e\/o Fondazione Offshore<\/h2>\n<p>E&#8217; sempre meglio che pagare le tasse nel tuo paese<\/p>\n","protected":false},"featured_media":4387,"template":"","meta":{"inline_featured_image":false},"product_brand":[],"product_cat":[83,126],"product_tag":[],"class_list":{"0":"post-3034","1":"product","2":"type-product","3":"status-publish","4":"has-post-thumbnail","6":"product_cat-sociedades-offshore-it","7":"product_cat-fondazioni","9":"first","10":"instock","11":"shipping-taxable","12":"purchasable","13":"product-type-variable","14":"has-default-attributes"},"_links":{"self":[{"href":"https:\/\/opm01.com\/it\/wp-json\/wp\/v2\/product\/3034","targetHints":{"allow":["GET"]}}],"collection":[{"href":"https:\/\/opm01.com\/it\/wp-json\/wp\/v2\/product"}],"about":[{"href":"https:\/\/opm01.com\/it\/wp-json\/wp\/v2\/types\/product"}],"version-history":[{"count":2,"href":"https:\/\/opm01.com\/it\/wp-json\/wp\/v2\/product\/3034\/revisions"}],"predecessor-version":[{"id":3585,"href":"https:\/\/opm01.com\/it\/wp-json\/wp\/v2\/product\/3034\/revisions\/3585"}],"wp:featuredmedia":[{"embeddable":true,"href":"https:\/\/opm01.com\/it\/wp-json\/wp\/v2\/media\/4387"}],"wp:attachment":[{"href":"https:\/\/opm01.com\/it\/wp-json\/wp\/v2\/media?parent=3034"}],"wp:term":[{"taxonomy":"product_brand","embeddable":true,"href":"https:\/\/opm01.com\/it\/wp-json\/wp\/v2\/product_brand?post=3034"},{"taxonomy":"product_cat","embeddable":true,"href":"https:\/\/opm01.com\/it\/wp-json\/wp\/v2\/product_cat?post=3034"},{"taxonomy":"product_tag","embeddable":true,"href":"https:\/\/opm01.com\/it\/wp-json\/wp\/v2\/product_tag?post=3034"}],"curies":[{"name":"wp","href":"https:\/\/api.w.org\/{rel}","templated":true}]}}