{"id":2925,"date":"2022-06-26T21:43:55","date_gmt":"2022-06-27T02:43:55","guid":{"rendered":"https:\/\/opm01.com\/?post_type=product&#038;p=2925"},"modified":"2022-11-18T09:09:20","modified_gmt":"2022-11-18T14:09:20","slug":"lisola-margarita-un-paradiso-per-i-pensionati","status":"publish","type":"product","link":"https:\/\/opm01.com\/it\/prodotto\/lisola-margarita-un-paradiso-per-i-pensionati\/","title":{"rendered":"L&#8217;isola Margarita, un paradiso per i pensionati"},"content":{"rendered":"<h2>Molti pensionati o telelavoratori preferiscono trascorrere l&#8217;inverno all&#8217;Isola Margarita<\/h2>\n<p>Stai cercando un luogo dove fa caldo tutto l\u00b4anno, pagare poco d\u00b4affitto, zero la luce,\u00a0 benzina a 50 centesimi e che sia Zona Franca? Isola Margarita \u00e9 la risposta.<\/p>\n<p>Non ti spaventare al leggere Venezuela, leggi tutto e poi dimmi cosa ne pensi dell&#8217; Isola Margherita e dimenticati di quello che hai sentito dire sul Venezuela.<\/p>\n<p>Non a caso l&#8217;isola Margarita viene chiamata &#8220;La perla dei Caraibi&#8221;. Nei suoi 69 chilometri di lunghezza si possono trovare spiagge spettacolari e centri commerciali ben forniti a prezzi molto competitivi perch\u00e9 si tratta di Puerto Franco. Inoltre, il clima \u00e8 piacevole tutto l&#8217;anno.<\/p>\n<p>Il costo della vita non \u00e8 elevato rispetto ad altre localit\u00e0 caraibiche. La connessione internet \u00e8 a banda larga, molto stabile e molto economica.<\/p>\n<p>Inoltre, affittare uno spazio abitativo a Isola Margarita \u00e8 facile ed economico. Ad esempio, un appartamento con piscina oscilla tra i 200 e i 500 dollari al mese, comprensivi di TV via cavo, elettricit\u00e0 e servizi condominiali.<\/p>\n<p>Nei supermercati \u00e8 possibile acquistare prodotti internazionali di ogni tipo, a volte a prezzi pi\u00f9 bassi rispetto al proprio Paese. Nel frattempo, il prezzo della benzina \u00e8 tra i pi\u00f9 economici dell&#8217;America Latina, con un litro che costa appena 50 centesimi di dollaro.<\/p>\n<p>La violenza e la criminalit\u00e1? Se non le cerchi non le trovi. Sicuramente inferiore alle grandi citt\u00e1 europee.<\/p>\n<h2>Cosa si pu\u00f2 fare all\u2019Isola Margarita?<\/h2>\n<p>L&#8217;isola \u00e8 famosa in tutto il mondo per le sue spiagge. Esistono in tutte le forme e dimensioni, da quelle pi\u00f9 remote a quelle pi\u00f9 centrali. Tra le pi\u00f9 visitate ci sono Playa El Yaque, Playa el Agua, La Restinga, Playa Moreno e Punta Arenas.<\/p>\n<p>Ma Isla Margarita ha anche un altro fascino. Chi ama l&#8217;ecoturismo pu\u00f2 visitare luoghi spettacolari, come la Penisola di Macanao, il Cerro de Copey, la Laguna de la Restinga e il monumento naturale di Las Tetas de Mar\u00eda Guevara. Quest&#8217;ultima \u00e8 costituita da due colline gemelle, situate nel sud dell&#8217;isola. Intorno ci sono tre lagune. \u00c8 un luogo perfetto per gli escursionisti.<\/p>\n<p>La citt\u00e0 pi\u00f9 conosciuta dell&#8217;isola \u00e8 Porlamar, che \u00e8 il principale centro turistico e di intrattenimento. Essendo Puerto Libre, \u00e8 un buon posto per il turismo dello shopping. Ci sono anche le citt\u00e0 di La Asunci\u00f3n e Juan Griego.<\/p>\n<p>Porlamar ha un aeroporto internazionale, ma attualmente la rotta pi\u00f9 comune per raggiungere l&#8217;isola \u00e8 quella dei voli da Maiquetia, a Caracas. Dall&#8217;aeroporto &#8220;Simon Bolivar&#8221; partono ogni giorno diversi voli per Porlamar. Il viaggio dura circa 35 minuti. Un altro modo per raggiungere l&#8217;Isla Margarita \u00e8 il traghetto, in partenza da Caracas, Cuman\u00e1 e Puerto Cruz.<\/p>\n<p>Caporaso &amp; Partners ha un ufficio nell\u2019 Isola Margarita. Possiamo aiutarti a programmare il tuo soggiorno, Consultaci senza problemi!<\/p>\n<form style=\"max-width: 300px; border-radius: 10px; padding: 5px;\" action=\"https:\/\/www.paypal.com\/cgi-bin\/webscr\" method=\"post\" target=\"_top\"><input style=\"max-width: 300px; border-radius: 10px; padding: 5px;\" name=\"hosted_button_id\" type=\"hidden\" value=\"F4V9VVN5H6MHN\" \/><\/p>\n<table>\n<tbody>\n<tr>\n<td><input style=\"max-width: 300px; border-radius: 10px; padding: 5px;\" name=\"on0\" type=\"hidden\" value=\"Consulenze telefoniche\" \/>Consulenze telefoniche<\/td>\n<\/tr>\n<tr>\n<td><select style=\"max-width: 300px; border-radius: 10px; padding: 5px;\" name=\"os0\"><option value=\"10 Minuti\">10 Minuti \u20ac50.00 EUR<\/option><option value=\"20 Minuti\">20 Minuti \u20ac80.00 EUR<\/option><option value=\"30 Minuti\">30 Minuti \u20ac120.00 EUR<\/option><\/select><\/td>\n<\/tr>\n<tr>\n<td><input style=\"max-width: 300px; border-radius: 10px; padding: 5px;\" name=\"on1\" type=\"hidden\" value=\"Inserire numero telefonico\" \/>Inserire numero telefonico<\/td>\n<\/tr>\n<tr>\n<td><input style=\"max-width: 300px; border-radius: 10px; padding: 5px;\" maxlength=\"200\" name=\"os1\" type=\"text\" \/><\/td>\n<\/tr>\n<\/tbody>\n<\/table>\n<p><input style=\"max-width: 300px; border-radius: 10px; padding: 5px;\" alt=\"PayPal - The safer, easier way to pay online!\" name=\"submit\" src=\"https:\/\/www.paypalobjects.com\/en_US\/i\/btn\/btn_buynowCC_LG.gif\" type=\"image\" \/><\/p>\n<\/form>\n<p><iframe title=\"Perch\u00e9 investire in Venezuela a Isla Margarita un&#039;oasi sicura\" width=\"1220\" height=\"686\" src=\"https:\/\/www.youtube.com\/embed\/Npnv5AhJk-c?feature=oembed\" frameborder=\"0\" allow=\"accelerometer; autoplay; clipboard-write; encrypted-media; gyroscope; picture-in-picture\" allowfullscreen><\/iframe><\/p>\n","protected":false},"excerpt":{"rendered":"<h2>Stai cercando un luogo dove fa caldo tutto l\u00b4anno, pagare poco d&#8217;affitto e luce,\u00a0 benzina a 50 centesimi e che sia Zona Franca?<\/h2>\n<p>Tutto questo lo puoi trovare nella isola Margarita, la principale destinazione turistica del Venezuela.<\/p>\n","protected":false},"featured_media":5714,"template":"","meta":{"inline_featured_image":false},"product_brand":[],"product_cat":[124],"product_tag":[],"class_list":{"0":"post-2925","1":"product","2":"type-product","3":"status-publish","4":"has-post-thumbnail","6":"product_cat-immigrazione-it","8":"first","9":"instock","10":"shipping-taxable","11":"purchasable","12":"product-type-variable"},"_links":{"self":[{"href":"https:\/\/opm01.com\/it\/wp-json\/wp\/v2\/product\/2925","targetHints":{"allow":["GET"]}}],"collection":[{"href":"https:\/\/opm01.com\/it\/wp-json\/wp\/v2\/product"}],"about":[{"href":"https:\/\/opm01.com\/it\/wp-json\/wp\/v2\/types\/product"}],"version-history":[{"count":1,"href":"https:\/\/opm01.com\/it\/wp-json\/wp\/v2\/product\/2925\/revisions"}],"predecessor-version":[{"id":2941,"href":"https:\/\/opm01.com\/it\/wp-json\/wp\/v2\/product\/2925\/revisions\/2941"}],"wp:featuredmedia":[{"embeddable":true,"href":"https:\/\/opm01.com\/it\/wp-json\/wp\/v2\/media\/5714"}],"wp:attachment":[{"href":"https:\/\/opm01.com\/it\/wp-json\/wp\/v2\/media?parent=2925"}],"wp:term":[{"taxonomy":"product_brand","embeddable":true,"href":"https:\/\/opm01.com\/it\/wp-json\/wp\/v2\/product_brand?post=2925"},{"taxonomy":"product_cat","embeddable":true,"href":"https:\/\/opm01.com\/it\/wp-json\/wp\/v2\/product_cat?post=2925"},{"taxonomy":"product_tag","embeddable":true,"href":"https:\/\/opm01.com\/it\/wp-json\/wp\/v2\/product_tag?post=2925"}],"curies":[{"name":"wp","href":"https:\/\/api.w.org\/{rel}","templated":true}]}}