{"id":2921,"date":"2022-06-26T21:11:56","date_gmt":"2022-06-27T02:11:56","guid":{"rendered":"https:\/\/opm01.com\/?post_type=product&#038;p=2921"},"modified":"2022-10-09T21:29:43","modified_gmt":"2022-10-10T02:29:43","slug":"residenza-in-messico-facile","status":"publish","type":"product","link":"https:\/\/opm01.com\/it\/prodotto\/residenza-in-messico-facile\/","title":{"rendered":"Residenza in Messico"},"content":{"rendered":"<h2>Molti utilizzano questa residenza come ponte per trasferirsi negli Stati Uniti<\/h2>\n<p>Lo studio legale Caporaso &amp; Partners pu\u00f2 aiutarti a ottenere diversi tipi di visti per la residenza in Messico. Contattaci e sapremo guidarti in questo processo.<\/p>\n<p>In Messico \u00e8 in vigore la legge sulla migrazione approvata nel 2011. La legge messicana prevede che uno straniero possa avere lo status di visitante, residente temporaneo o permanente.<\/p>\n<p>Lo status di visitante con attivit\u00e0 remunerata \u00e8 un permesso temporaneo, con una validit\u00e0 massima di 180 giorni. \u00c8 concesso solo agli stranieri che hanno un contratto con un&#8217;azienda messicana. I permessi di lavoro sono rilasciati esclusivamente dal Instituto Nacional de Migraci\u00f3n (INM).<\/p>\n<p>Noi di Caporaso &amp; Partners forniamo consulenza anche a coloro che entrano come visitanti, con un&#8217;attivit\u00e0 non retribuita. Anche questo documento \u00e8 valido per un massimo di 180 giorni. Viene rilasciato dalle autorit\u00e0 agli stranieri che vengono in Messico per offrire servizi di consulenza tecnica con un salario interamente coperto dal datore di lavoro straniero. In questo caso, anche i familiari della persona in questione possono richiedere questo tipo di permesso.<\/p>\n<h2>Come ottenere la residenza permanente in Messico<\/h2>\n<p>Una delle opzioni pi\u00f9 richieste \u00e8 il soggiorno temporaneo con permesso di lavoro. Viene rilasciata agli stranieri che hanno un&#8217;offerta di lavoro in Messico e ricevono il loro stipendio l\u00ec. Il documento \u00e8 valido per un anno, ma pu\u00f2 essere prorogato fino a quattro anni.<\/p>\n<p>Invece, la residenza temporanea, senza permesso di lavoro, \u00e8 concessa agli stranieri il cui stipendio \u00e8 interamente pagato da un&#8217;azienda con sede fuori dal Messico. Il documento \u00e8 inoltre valido per 12 mesi ed \u00e8 prorogabile per quattro anni.<\/p>\n<p>Per ottenere la residenza permanente \u00e8 necessario soddisfare uno dei tre requisiti richiesti: stranieri entrati nel Paese come rifugiati o titolari di asilo politico. Viene concesso anche a chi vuole preservare l&#8217;unit\u00e0 familiare. Se i tuoi genitori, il coniuge o i figli sono messicani, puoi fare domanda.<\/p>\n<p>Infine, anche coloro che sono stati residenti temporanei in Messico per quattro anni possono richiedere la residenza permanente.<\/p>\n<p>Con la residenza permanente in Messico \u00e8 possibile svolgere ogni tipo di attivit\u00e0 retribuita. Inoltre, \u00e8 possibile studiare in istituzioni educative pubbliche e private.<\/p>\n<p>Vuoi ottenere una residenza in Messico? Contattaci subito<\/p>\n<form style=\"max-width: 300px; border-radius: 10px; padding: 5px;\" action=\"https:\/\/www.paypal.com\/cgi-bin\/webscr\" method=\"post\" target=\"_top\"><input style=\"max-width: 300px; border-radius: 10px; padding: 5px;\" name=\"hosted_button_id\" type=\"hidden\" value=\"F4V9VVN5H6MHN\" \/><\/p>\n<table>\n<tbody>\n<tr>\n<td><input style=\"max-width: 300px; border-radius: 10px; padding: 5px;\" name=\"on0\" type=\"hidden\" value=\"Consulenze telefoniche\" \/>Consulenze telefoniche<\/td>\n<\/tr>\n<tr>\n<td><select style=\"max-width: 300px; border-radius: 10px; padding: 5px;\" name=\"os0\"><option value=\"10 Minuti\">10 Minuti \u20ac50.00 EUR<\/option><option value=\"20 Minuti\">20 Minuti \u20ac80.00 EUR<\/option><option value=\"30 Minuti\">30 Minuti \u20ac120.00 EUR<\/option><\/select><\/td>\n<\/tr>\n<tr>\n<td><input style=\"max-width: 300px; border-radius: 10px; padding: 5px;\" name=\"on1\" type=\"hidden\" value=\"Inserire numero telefonico\" \/>Inserire numero telefonico<\/td>\n<\/tr>\n<tr>\n<td><input style=\"max-width: 300px; border-radius: 10px; padding: 5px;\" maxlength=\"200\" name=\"os1\" type=\"text\" \/><\/td>\n<\/tr>\n<\/tbody>\n<\/table>\n<p><input style=\"max-width: 300px; border-radius: 10px; padding: 5px;\" alt=\"PayPal - The safer, easier way to pay online!\" name=\"submit\" src=\"https:\/\/www.paypalobjects.com\/en_US\/i\/btn\/btn_buynowCC_LG.gif\" type=\"image\" \/><\/p>\n<\/form>\n","protected":false},"excerpt":{"rendered":"<h2>Con la residenza permanente in Messico \u00e8 possibile svolgere ogni tipo di attivit\u00e0 retribuita.<\/h2>\n<p>Il Governo offre diverse opportunit\u00e0 per ottenere la residenza in Messico per motivi accademici, commerciali e professionali.<\/p>\n","protected":false},"featured_media":4494,"template":"","meta":{"inline_featured_image":false},"product_brand":[],"product_cat":[124],"product_tag":[],"class_list":{"0":"post-2921","1":"product","2":"type-product","3":"status-publish","4":"has-post-thumbnail","6":"product_cat-immigrazione-it","8":"first","9":"instock","10":"shipping-taxable","11":"purchasable","12":"product-type-variable"},"_links":{"self":[{"href":"https:\/\/opm01.com\/it\/wp-json\/wp\/v2\/product\/2921","targetHints":{"allow":["GET"]}}],"collection":[{"href":"https:\/\/opm01.com\/it\/wp-json\/wp\/v2\/product"}],"about":[{"href":"https:\/\/opm01.com\/it\/wp-json\/wp\/v2\/types\/product"}],"version-history":[{"count":1,"href":"https:\/\/opm01.com\/it\/wp-json\/wp\/v2\/product\/2921\/revisions"}],"predecessor-version":[{"id":2922,"href":"https:\/\/opm01.com\/it\/wp-json\/wp\/v2\/product\/2921\/revisions\/2922"}],"wp:featuredmedia":[{"embeddable":true,"href":"https:\/\/opm01.com\/it\/wp-json\/wp\/v2\/media\/4494"}],"wp:attachment":[{"href":"https:\/\/opm01.com\/it\/wp-json\/wp\/v2\/media?parent=2921"}],"wp:term":[{"taxonomy":"product_brand","embeddable":true,"href":"https:\/\/opm01.com\/it\/wp-json\/wp\/v2\/product_brand?post=2921"},{"taxonomy":"product_cat","embeddable":true,"href":"https:\/\/opm01.com\/it\/wp-json\/wp\/v2\/product_cat?post=2921"},{"taxonomy":"product_tag","embeddable":true,"href":"https:\/\/opm01.com\/it\/wp-json\/wp\/v2\/product_tag?post=2921"}],"curies":[{"name":"wp","href":"https:\/\/api.w.org\/{rel}","templated":true}]}}