{"id":2906,"date":"2022-06-22T19:57:39","date_gmt":"2022-06-23T00:57:39","guid":{"rendered":"https:\/\/opm01.com\/?post_type=product&#038;p=2906"},"modified":"2022-09-27T15:50:18","modified_gmt":"2022-09-27T20:50:18","slug":"i-codici-qr-uno-strumento-di-marketing-efficace","status":"publish","type":"product","link":"https:\/\/opm01.com\/it\/prodotto\/i-codici-qr-uno-strumento-di-marketing-efficace\/","title":{"rendered":"I codici QR, uno strumento di marketing efficace"},"content":{"rendered":"<h2><strong>I codici QR hanno un&#8217;ampia gamma di utilizzo<\/strong><\/h2>\n<p>Ovunque si guardi, \u00e8 probabile che ci siano dei codici QR: alle fermate degli autobus, alle casse dei prodotti, nei caff\u00e8 o nei ristoranti, si possono trovare questi codici che collegano il mondo fisico con quello virtuale. In questo articolo spieghiamo cosa sono i codici QR e come sfruttarli al meglio.<\/p>\n<h2><strong>Caratteristiche dei codici QR<\/strong><\/h2>\n<p>Il codice Quick Response (QR) \u00e8 un tipo di codice a barre bidimensionale che, se scansionato da un dispositivo mobile, consente di eseguire una determinata azione. Pu\u00f2 portare l&#8217;utente a un sito web, a un&#8217;e-mail di contatto o all&#8217;esecuzione di una transazione finanziaria. Oggi, sia i dispositivi Android che iOS contengono funzioni che facilitano la scansione di questi codici.<\/p>\n<div id=\"attachment_2913\" style=\"width: 1034px\" class=\"wp-caption alignnone\"><img fetchpriority=\"high\" decoding=\"async\" aria-describedby=\"caption-attachment-2913\" class=\"wp-image-2913 size-large\" src=\"https:\/\/opm01.com\/wp-content\/uploads\/2022\/06\/banner-chica-qr2-1024x237.jpg\" alt=\"I codici QR, uno strumento di marketing efficace\" width=\"1024\" height=\"237\" srcset=\"https:\/\/opm01.com\/wp-content\/uploads\/2022\/06\/banner-chica-qr2-1024x237.jpg 1024w, https:\/\/opm01.com\/wp-content\/uploads\/2022\/06\/banner-chica-qr2-800x185.jpg 800w, https:\/\/opm01.com\/wp-content\/uploads\/2022\/06\/banner-chica-qr2-300x69.jpg 300w, https:\/\/opm01.com\/wp-content\/uploads\/2022\/06\/banner-chica-qr2-768x178.jpg 768w, https:\/\/opm01.com\/wp-content\/uploads\/2022\/06\/banner-chica-qr2-260x60.jpg 260w, https:\/\/opm01.com\/wp-content\/uploads\/2022\/06\/banner-chica-qr2-50x12.jpg 50w, https:\/\/opm01.com\/wp-content\/uploads\/2022\/06\/banner-chica-qr2-150x35.jpg 150w\" sizes=\"(max-width:767px) 480px, (max-width:1024px) 100vw, 1024px\" \/><p id=\"caption-attachment-2913\" class=\"wp-caption-text\"><em>I codici QR, uno strumento di marketing efficace<\/em><\/p><\/div>\n<h2><strong>Cosa si pu\u00f2 fare con i codici QR<\/strong><\/h2>\n<p>I codici QR hanno colmato il divario tra spazio fisico e virtuale, diventando una grande opportunit\u00e0 per le aziende e gli inserzionisti. I siti web che commercializzano prodotti e servizi possono integrare il QR negli ordini di acquisto. Attualmente, sia Alipay che PayPal funzionano con il QR. I portafogli digitali delle criptovalute includono anche i QR, rendendo pi\u00f9 facile l&#8217;invio e la ricezione di denaro. Inoltre, i QR sono molto utili per le campagne pubblicitarie.<\/p>\n<p>Caff\u00e8 e ristoranti si affidano costantemente ai codici QR per condividere e aggiornare il proprio menu in modo semplice e veloce. Dove prima bisognava aspettare che un lungo menu stampato con tutte le offerte venisse portato al tavolo, oggi basta scansionare un QR. Si ha immediatamente accesso all&#8217;intero menu, che pu\u00f2 anche includere foto e video dei piatti.<\/p>\n<h2><strong>Altri vantaggi dell&#8217;utilizzo dei codici QR<\/strong><\/h2>\n<p>Con un codice QR puoi aumentare il numero di visitatori del tuo sito web. Basta inserire il codice QR su una brochure, cartacea o digitale, nelle pubblicit\u00e0 e nel marketing via e-mail. Quando la persona scansiona il codice, viene indirizzata alla tua piattaforma. Qualcosa di simile a quanto sopra pu\u00f2 essere fatto per promuovere l&#8217;accesso o l&#8217;acquisto della tua applicazione mobile.<\/p>\n<p>Se realizzi vendite attraverso il tuo sito web, puoi creare un buono sconto con un codice QR e promuoverlo sui tuoi social media digitali o su manifesti, stampati o digitali. In questo modo \u00e8 possibile attirare nuovi clienti. \u00c8 inoltre possibile utilizzare un QR per far conoscere l&#8217;esatta posizione geografica della tua attivit\u00e0 su una mappa. A tal fine, si posiziona il QR su diversi messaggi e, quando viene scansionato, si apre Google Maps, ad esempio, con la posizione della tua attivit\u00e0.<\/p>\n<p style=\"text-align: center;\"><a href=\"https:\/\/opm01.com\/qr\/\" target=\"_blank\" rel=\"noopener\"><button style=\"background-color: #0e3657; font-size: 24px; padding: 10px 20px; border-radius: 10px; width: auto; height: auto; color: white; cursor: pointer;\">Crea GRATIS i tuoi codici QR<\/button><\/a><\/p>\n","protected":false},"excerpt":{"rendered":"<h2>Con i codici QR mostri immediatamente le informazioni che il tuo potenziale cliente sta cercando.<\/h2>\n<p>Attraverso un QR, un utente pu\u00f2 accedere non solo a un sito web, ma anche a video, audio e a tutte le informazioni di contatto di quel marchio.<\/p>\n","protected":false},"featured_media":4266,"template":"","meta":{"inline_featured_image":false},"product_brand":[],"product_cat":[120],"product_tag":[],"class_list":{"0":"post-2906","1":"product","2":"type-product","3":"status-publish","4":"has-post-thumbnail","6":"product_cat-web-services","8":"first","9":"instock","10":"virtual","11":"purchasable","12":"product-type-simple"},"_links":{"self":[{"href":"https:\/\/opm01.com\/it\/wp-json\/wp\/v2\/product\/2906","targetHints":{"allow":["GET"]}}],"collection":[{"href":"https:\/\/opm01.com\/it\/wp-json\/wp\/v2\/product"}],"about":[{"href":"https:\/\/opm01.com\/it\/wp-json\/wp\/v2\/types\/product"}],"version-history":[{"count":1,"href":"https:\/\/opm01.com\/it\/wp-json\/wp\/v2\/product\/2906\/revisions"}],"predecessor-version":[{"id":2908,"href":"https:\/\/opm01.com\/it\/wp-json\/wp\/v2\/product\/2906\/revisions\/2908"}],"wp:featuredmedia":[{"embeddable":true,"href":"https:\/\/opm01.com\/it\/wp-json\/wp\/v2\/media\/4266"}],"wp:attachment":[{"href":"https:\/\/opm01.com\/it\/wp-json\/wp\/v2\/media?parent=2906"}],"wp:term":[{"taxonomy":"product_brand","embeddable":true,"href":"https:\/\/opm01.com\/it\/wp-json\/wp\/v2\/product_brand?post=2906"},{"taxonomy":"product_cat","embeddable":true,"href":"https:\/\/opm01.com\/it\/wp-json\/wp\/v2\/product_cat?post=2906"},{"taxonomy":"product_tag","embeddable":true,"href":"https:\/\/opm01.com\/it\/wp-json\/wp\/v2\/product_tag?post=2906"}],"curies":[{"name":"wp","href":"https:\/\/api.w.org\/{rel}","templated":true}]}}