{"id":2454,"date":"2022-06-12T22:40:55","date_gmt":"2022-06-13T03:40:55","guid":{"rendered":"https:\/\/opm01.com\/01\/crear-una-ico-sociedad-o-fundacion-offshore\/"},"modified":"2022-09-26T16:50:24","modified_gmt":"2022-09-26T21:50:24","slug":"creazione-di-una-ico-societa-o-fondazione-offshore","status":"publish","type":"product","link":"https:\/\/opm01.com\/it\/prodotto\/creazione-di-una-ico-societa-o-fondazione-offshore\/","title":{"rendered":"Creazione di una ICO + societ\u00e0 o fondazione offshore"},"content":{"rendered":"<h2>I vantaggi fiscali di creare una ICO e la relativa criptomoneta per mezzo di una societ\u00e0 offshore<\/h2>\n<p>Attraverso una ICO \u00e8 possibile ottenere finanziamenti, con l&#8217;emissione di token di quella criptovaluta, ma il supporto legale consiste nel creare una ICO + societ\u00e0 o fondazione offshore. Questi token possono essere acquistati e venduti, in modo completamente libero. \u00c8 il mercato a stabilirne il prezzo, in base alla domanda e all&#8217;offerta. Pertanto, se si acquista a un certo prezzo e si vende a un prezzo pi\u00f9 alto, si ottiene un profitto. Pu\u00f2 anche accadere il contrario e si finisce per perdere denaro.<\/p>\n<p>Uno dei modi che gli imprenditori hanno trovato per proteggere il proprio capitale \u00e8 quello di creare una ICO attraverso una societ\u00e0 o una fondazione offshore. In questo modo, si mantiene il controllo dell&#8217;attivit\u00e0, perch\u00e9 si ricevono le entrate; tuttavia, non si condividono le quote del progetto di criptovaluta con l&#8217;investitore. State solo vendendo loro un servizio futuro. Il vostro capitale personale non \u00e8 legato a quell&#8217;ICO, poich\u00e9 \u00e8 la societ\u00e0 offshore a metterci il nome.<\/p>\n<h3>Il paese che offre pi\u00f9 vantaggi per la creazione di una ICO<\/h3>\n<p>Attualmente, diversi Paesi offrono la creazione di societ\u00e0 offshore attraverso le quali \u00e8 possibile lanciare una ICO. La giurisdizione che offre i maggiori vantaggi per questo tipo di azione \u00e8 Panama. La costituzione di una societ\u00e0 offshore a Panama \u00e8 un processo semplice, che pu\u00f2 essere completato interamente online.<\/p>\n<p>Chiunque nel mondo pu\u00f2 creare una societ\u00e0 offshore di questo tipo, che non paga le tasse sulle attivit\u00e0 che svolge al di fuori di Panama. Pertanto, tutto ci\u00f2 che si genera con l&#8217;ICO sar\u00e0 esente da imposte a Panama. Il costo di costituzione di una societ\u00e0 offshore \u00e8 basso e si dovr\u00e0 pagare solo una quota annuale per il suo mantenimento.<\/p>\n<p>Le leggi panamensi sono cambiate un po&#8217; negli ultimi tempi; tuttavia, \u00e8 ancora possibile mantenere la riservatezza sui proprietari di una societ\u00e0 offshore. Le informazioni sulla propriet\u00e0 beneficiaria saranno conservate solo dall&#8217;agente residente. Quindi, se state cercando di lanciare un&#8217;ICO con una societ\u00e0 offshore, potete essere certi che la vostra privacy sar\u00e0 protetta.<\/p>\n<p>Altre giurisdizioni vantaggiose per registrare la vostra societ\u00e0 offshore per i progetti ICO sono Singapore, Gibilterra e Svizzera, ma i prezzi salgono esponenzialmente.<\/p>\n<div id=\"gtx-trans\" style=\"position: absolute; left: 129px; top: 276px;\">\n<div class=\"gtx-trans-icon\"><\/div>\n<\/div>\n","protected":false},"excerpt":{"rendered":"<h2>La creazione di una ICO ed il lancio iniziale di una criptovaluta possono offrire maggiori vantaggi se effettuati in una giurisdizione offshore e mediante l&#8217;utilizzo di una societ\u00e0 offshore oppure di una fondazione.<\/h2>\n","protected":false},"featured_media":4244,"template":"","meta":{"inline_featured_image":false},"product_brand":[],"product_cat":[126,122,83],"product_tag":[],"class_list":{"0":"post-2454","1":"product","2":"type-product","3":"status-publish","4":"has-post-thumbnail","6":"product_cat-fondazioni","7":"product_cat-servizi-blockchain","8":"product_cat-sociedades-offshore-it","10":"first","11":"instock","12":"shipping-taxable","13":"purchasable","14":"product-type-variable"},"_links":{"self":[{"href":"https:\/\/opm01.com\/it\/wp-json\/wp\/v2\/product\/2454","targetHints":{"allow":["GET"]}}],"collection":[{"href":"https:\/\/opm01.com\/it\/wp-json\/wp\/v2\/product"}],"about":[{"href":"https:\/\/opm01.com\/it\/wp-json\/wp\/v2\/types\/product"}],"version-history":[{"count":1,"href":"https:\/\/opm01.com\/it\/wp-json\/wp\/v2\/product\/2454\/revisions"}],"predecessor-version":[{"id":3327,"href":"https:\/\/opm01.com\/it\/wp-json\/wp\/v2\/product\/2454\/revisions\/3327"}],"wp:featuredmedia":[{"embeddable":true,"href":"https:\/\/opm01.com\/it\/wp-json\/wp\/v2\/media\/4244"}],"wp:attachment":[{"href":"https:\/\/opm01.com\/it\/wp-json\/wp\/v2\/media?parent=2454"}],"wp:term":[{"taxonomy":"product_brand","embeddable":true,"href":"https:\/\/opm01.com\/it\/wp-json\/wp\/v2\/product_brand?post=2454"},{"taxonomy":"product_cat","embeddable":true,"href":"https:\/\/opm01.com\/it\/wp-json\/wp\/v2\/product_cat?post=2454"},{"taxonomy":"product_tag","embeddable":true,"href":"https:\/\/opm01.com\/it\/wp-json\/wp\/v2\/product_tag?post=2454"}],"curies":[{"name":"wp","href":"https:\/\/api.w.org\/{rel}","templated":true}]}}