{"id":2442,"date":"2022-06-12T22:24:53","date_gmt":"2022-06-13T03:24:53","guid":{"rendered":"https:\/\/opm01.com\/01\/agencia-de-viaje-con-actividad-uninominal\/"},"modified":"2022-08-21T16:48:44","modified_gmt":"2022-08-21T21:48:44","slug":"agenzia-viaggi-con-ditta-individuale","status":"publish","type":"product","link":"https:\/\/opm01.com\/it\/prodotto\/agenzia-viaggi-con-ditta-individuale\/","title":{"rendered":"Creare un\u2019Agenzia viaggi con ditta individuale"},"content":{"rendered":"<h3>Come creare un&#8217;agenzia viaggi<\/h3>\n<p>Quando si cerca di avviare un&#8217;agenzia viaggi da soli, ci si imbatte in un gran numero di ostacoli. Nella maggior parte dei Paesi la burocrazia \u00e8 opprimente. Pertanto, si spender\u00e0 molto tempo e denaro nel processo. Non hai nemmeno la garanzia di poter arrivare alla fine, cio\u00e8 di ottenere la licenza. Il suggerimento principale \u00e8 quello di rivolgersi a esperti che ti sostengano in modo che il processo di creazione dell&#8217;agenzia non diventi un problema.<\/p>\n<p>Lo studio legale Caporaso &amp; Partners pu\u00f2 aiutarti ad aprire la tua agenzia viaggi. Questa societ\u00e0 con un solo nome sar\u00e0 registrata nel Registro Nazionale del Turismo colombiano come agenzia viaggi. La licenza ricevuta consente di lavorare a livello internazionale.<\/p>\n<p>Per formare la tua agenzia non \u00e8 necessario avere un manager con esperienza nel settore del turismo, n\u00e9 titoli accademici. Inoltre, grazie alla nostra gestione non dovrai soddisfare i requisiti che si applicano in altri Paesi per aprire un&#8217;agenzia viaggi. Con la licenza si possono anche stipulare contratti con gli alberghi e aderire alle reti turistiche.<\/p>\n<h3>Trovare la nicchia per la tua agenzia viaggi<\/h3>\n<p>Una volta creata la tua agenzia viaggi, \u00e8 fondamentale individuare una nicchia di mercato. Ricordiamo che questo settore \u00e8 il terzo pi\u00f9 forte a livello globale. La concorrenza \u00e8 quindi molto forte. Tuttavia, ci sono sempre nicchie che si possono sfruttare.<\/p>\n<p>Per questo \u00e8 necessario, innanzitutto, un sito web ottimizzato e ben posizionato. Possiamo aiutarti anche in questo, poich\u00e9 abbiamo esperienza nella progettazione visiva e informativa di piattaforme online. Inoltre, \u00e8 essenziale studiare bene il mercato, in modo da poter creare offerte competitive che attirino i tuoi potenziali clienti.<\/p>\n<p>Se desideri una consulenza, puoi prenotarla ora.<\/p>\n<div id=\"gtx-trans\" style=\"position: absolute; left: -10px; top: -2px;\">\n<div class=\"gtx-trans-icon\"><\/div>\n<\/div>\n","protected":false},"excerpt":{"rendered":"<h2>Il momento migliore per avviare un&#8217;agenzia viaggi \u00e8 proprio adesso, se questo \u00e8 uno dei tuoi sogni.<\/h2>\n<p>Nel tentativo di avviare un&#8217;agenzia\u00a0 viaggi per conto proprio, ti imbatterai in molte sfide. La maggior parte delle nazioni ha una burocrazia eccessiva. Prendi in considerazione l&#8217;idea di chiedere l&#8217;aiuto di un professionista per la creazione della tua agenzia viaggi, in modo che tutto vada come previsto.<\/p>\n","protected":false},"featured_media":4228,"template":"","meta":{"inline_featured_image":false},"product_brand":[],"product_cat":[83],"product_tag":[],"class_list":{"0":"post-2442","1":"product","2":"type-product","3":"status-publish","4":"has-post-thumbnail","6":"product_cat-sociedades-offshore-it","8":"first","9":"instock","10":"virtual","11":"purchasable","12":"product-type-simple"},"_links":{"self":[{"href":"https:\/\/opm01.com\/it\/wp-json\/wp\/v2\/product\/2442","targetHints":{"allow":["GET"]}}],"collection":[{"href":"https:\/\/opm01.com\/it\/wp-json\/wp\/v2\/product"}],"about":[{"href":"https:\/\/opm01.com\/it\/wp-json\/wp\/v2\/types\/product"}],"version-history":[{"count":2,"href":"https:\/\/opm01.com\/it\/wp-json\/wp\/v2\/product\/2442\/revisions"}],"predecessor-version":[{"id":3675,"href":"https:\/\/opm01.com\/it\/wp-json\/wp\/v2\/product\/2442\/revisions\/3675"}],"wp:featuredmedia":[{"embeddable":true,"href":"https:\/\/opm01.com\/it\/wp-json\/wp\/v2\/media\/4228"}],"wp:attachment":[{"href":"https:\/\/opm01.com\/it\/wp-json\/wp\/v2\/media?parent=2442"}],"wp:term":[{"taxonomy":"product_brand","embeddable":true,"href":"https:\/\/opm01.com\/it\/wp-json\/wp\/v2\/product_brand?post=2442"},{"taxonomy":"product_cat","embeddable":true,"href":"https:\/\/opm01.com\/it\/wp-json\/wp\/v2\/product_cat?post=2442"},{"taxonomy":"product_tag","embeddable":true,"href":"https:\/\/opm01.com\/it\/wp-json\/wp\/v2\/product_tag?post=2442"}],"curies":[{"name":"wp","href":"https:\/\/api.w.org\/{rel}","templated":true}]}}