{"id":2116,"date":"2022-06-08T21:49:34","date_gmt":"2022-06-09T02:49:34","guid":{"rendered":"https:\/\/opm01.com\/01\/servicio-de-nominados\/"},"modified":"2022-09-28T10:32:40","modified_gmt":"2022-09-28T15:32:40","slug":"servizio-di-nomina","status":"publish","type":"product","link":"https:\/\/opm01.com\/it\/prodotto\/servizio-di-nomina\/","title":{"rendered":"Servizio di nomina degli amministratori"},"content":{"rendered":"<h2>Come avere il pieno controllo su una societ\u00e0 offshore senza che il tuo nome appaia nel registro pubblico<\/h2>\n<p>Esistono diversi tipi di servizi di nomina, dagli amministratori agli azionisti e ai titolari di conti correnti. Possiamo offrirti questo servizio, attualmente molto utile e sicuro, perch\u00e9 ti permette di mantenere i pieni diritti sulla tua azienda, ma senza che il tuo nome compaia nei registri pubblici.<\/p>\n<p>La procedura per richiedere un servizio di nomina \u00e8 molto semplice. \u00c8 sufficiente selezionare il tipo di servizio di cui hai bisogno. Dopodich\u00e9, ci trasmetti i dati reali del titolare dell&#8217;azienda: una copia del passaporto e un documento che attesti l&#8217;indirizzo di residenza. Inoltre, abbiamo bisogno delle tue referenze bancarie o di un estratto conto della tua banca.<\/p>\n<h3>Servizio di direttore designato<\/h3>\n<p>Nelle strutture societarie offshore \u00e8 essenziale nominare un direttore. Offriamo questo servizio incluso nel prezzo della societ\u00e0 offshore. Non c&#8217;\u00e8 alcun rischio perch\u00e9 tutti i diritti della societ\u00e0 sono tutelati da una procura notarile (da pagare separatamente), che viene postillata. Questo documento garantisce il mantenimento del controllo da parte tua, mentre l&#8217;amministratore \u00e8 solo il tuo rappresentante che firma qualsiasi contratto o documento associato alla societ\u00e0. Potete anche gestire la societ\u00e0 senza la procura, nel qual caso dovrai richiedere e pagare separatamente le firme degli amministratori, quando necessario.<\/p>\n<h3>Servizio di azionista designato<\/h3>\n<p>Un&#8217;altra variante per proteggere la propria identit\u00e0 all&#8217;interno di una struttura societaria \u00e8 quella dell&#8217;azionista designato. In questo caso, un azionista designato, sia esso una persona fisica o giuridica, agisce per tuo conto. Sono i dati di questa persona che vengono registrati nei registri pubblici. Per proteggere i tuoi diritti su queste azioni viene preparata una dichiarazione fiduciaria. Questo documento consente di confermare che sei il proprietario di tutte le azioni. Questo servizio ha prezzi diversi a seconda della giurisdizione e della nazionalit\u00e0 dell&#8217;azionista designato, nonch\u00e9 dell&#8217;attivit\u00e0 della tua societ\u00e0. Ci riserviamo il diritto di non fornire questo servizio.<\/p>\n<h3>Servizio di intestatario del conto corrente<\/h3>\n<p>Uno dei vantaggi della creazione di una societ\u00e0 offshore \u00e8 che offre la possibilit\u00e0 di aprire un conto bancario, wallet e exchange. In questa procedura le banche richiedono una serie di documenti per identificare il beneficiario. I dati dell&#8217;intestatario del conto corrente saranno forniti alla banca per garantire che le tue informazioni private non siano accessibili a nessun altro.<\/p>\n","protected":false},"excerpt":{"rendered":"<h2>Il servizio di nomina \u00e8 una strategia utilizzata per proteggere l&#8217;identit\u00e0 del beneficiario.<\/h2>\n<p>Esistono diversi tipi di servizi di nominee, dagli amministratori agli azionisti e ai titolari di conti correnti. Possiamo offrirti questo servizio, attualmente molto utile e sicuro, perch\u00e9 ti permette di mantenere i pieni diritti sulla tua azienda, ma senza che il tuo nome compaia nei registri pubblici.<\/p>\n","protected":false},"featured_media":4331,"template":"","meta":{"inline_featured_image":false},"product_brand":[],"product_cat":[83,128,126,122],"product_tag":[],"class_list":{"0":"post-2116","1":"product","2":"type-product","3":"status-publish","4":"has-post-thumbnail","6":"product_cat-sociedades-offshore-it","7":"product_cat-conto-in-banca","8":"product_cat-fondazioni","9":"product_cat-servizi-blockchain","11":"first","12":"instock","13":"shipping-taxable","14":"purchasable","15":"product-type-variable"},"_links":{"self":[{"href":"https:\/\/opm01.com\/it\/wp-json\/wp\/v2\/product\/2116","targetHints":{"allow":["GET"]}}],"collection":[{"href":"https:\/\/opm01.com\/it\/wp-json\/wp\/v2\/product"}],"about":[{"href":"https:\/\/opm01.com\/it\/wp-json\/wp\/v2\/types\/product"}],"version-history":[{"count":1,"href":"https:\/\/opm01.com\/it\/wp-json\/wp\/v2\/product\/2116\/revisions"}],"predecessor-version":[{"id":2300,"href":"https:\/\/opm01.com\/it\/wp-json\/wp\/v2\/product\/2116\/revisions\/2300"}],"wp:featuredmedia":[{"embeddable":true,"href":"https:\/\/opm01.com\/it\/wp-json\/wp\/v2\/media\/4331"}],"wp:attachment":[{"href":"https:\/\/opm01.com\/it\/wp-json\/wp\/v2\/media?parent=2116"}],"wp:term":[{"taxonomy":"product_brand","embeddable":true,"href":"https:\/\/opm01.com\/it\/wp-json\/wp\/v2\/product_brand?post=2116"},{"taxonomy":"product_cat","embeddable":true,"href":"https:\/\/opm01.com\/it\/wp-json\/wp\/v2\/product_cat?post=2116"},{"taxonomy":"product_tag","embeddable":true,"href":"https:\/\/opm01.com\/it\/wp-json\/wp\/v2\/product_tag?post=2116"}],"curies":[{"name":"wp","href":"https:\/\/api.w.org\/{rel}","templated":true}]}}