{"id":2085,"date":"2024-10-01T21:21:35","date_gmt":"2024-10-02T02:21:35","guid":{"rendered":"https:\/\/opm01.com\/01\/sociedad-holding-con-acciones-al-portador\/"},"modified":"2024-10-02T22:07:22","modified_gmt":"2024-10-03T03:07:22","slug":"societa-holding-con-azioni-al-portatore","status":"publish","type":"product","link":"https:\/\/opm01.com\/it\/prodotto\/societa-holding-con-azioni-al-portatore\/","title":{"rendered":"Societ\u00e0 holding con azioni al portatore"},"content":{"rendered":"<h2><strong>Una societ\u00e0 holding con azioni al portatore \u00e8 il modo migliore per gestire i tuoi beni immobili garantendo la privacy del beneficiario<\/strong><\/h2>\n<p>Con una societ\u00e0 holding con azioni al portatore si riduce notevolmente il rischio dell&#8217;investimento nel settore e, allo stesso tempo, si protegge il proprio patrimonio.<\/p>\n<p>La holding con azioni al portatore viene costituita per controllare diversi tipi di beni, come immobili, azioni, titoli e azioni, flotta di veicoli, navi, ecc. In questo modo, la tua identit\u00e0, in quanto vero proprietario di questi beni, \u00e8 nascosta dietro la societ\u00e0. La holding ha la possibilit\u00e0 giuridica di operare in diverse giurisdizioni. Pertanto, \u00e8 possibile avere propriet\u00e0 in diversi Paesi, tutte sotto la stessa holding.<\/p>\n<p>Questo tipo di societ\u00e0 non ha un conto bancario, n\u00e9 svolge alcun altro tipo di attivit\u00e0. Se hai diversi immobili e vuoi affittarli, puoi riunirli sotto un&#8217;unica holding.<\/p>\n<p>Possiamo aiutarti a strutturare la tua holding con una societ\u00e0 offshore registrata a Panama, con azioni al portatore. A seguito delle modifiche apportate alla legge panamense, queste azioni devono essere custodite da una banca o da un agente autorizzato (il nostro studio legale offre questo servizio). In questo modo si garantisce il massimo anonimato possibile.<\/p>\n<h3><strong>Vantaggi della holding con azioni al portatore<\/strong><\/h3>\n<p>Un altro vantaggio di una holding con azioni al portatore \u00e8 la facilit\u00e0 di trasferimento, anche in caso di morte del beneficiario. Gli eredi devono solo rivendicare la propriet\u00e0 delle azioni. Ci\u00f2 significa che non \u00e8 necessario ricorrere a costose e lunghe azioni legali.<\/p>\n<p>Una delle varianti pi\u00f9 utilizzate consiste nel collocare una fondazione di interesse privato a Panama come beneficiario delle azioni al portatore della holding immobiliare. Attraverso questa Fondazione, potrai anche organizzare la distribuzione della tua eredit\u00e0 nel modo che ritieni pi\u00f9 opportuno. Possiamo anche aiutarti a creare una Fondazione di interesse privato a Panama.<\/p>\n<p>Inoltre, se hai intenzione di investire in diverse propriet\u00e0 immobiliari, un&#8217;altra opzione \u00e8 quella di acquisire ogni propriet\u00e0 attraverso una societ\u00e0 offshore specifica per ogni propriet\u00e0. Con questa strategia, quando venderai l&#8217;immobile, dovrai trasferire solo le azioni della societ\u00e0 offshore che lo possiede. In questo modo si evita di pagare le imposte di trasferimento della propriet\u00e0, che di solito sono molto elevate. La holding pu\u00f2 essere proprietaria di immobili, azioni, obbligazioni, beni mobili, ecc.<\/p>\n<p><a href=\"https:\/\/opm01.com\/wp-content\/uploads\/2022\/06\/5-W-delle-societa-di-Panama-4.jpg\"><img fetchpriority=\"high\" decoding=\"async\" class=\"alignnone wp-image-22846 size-full\" src=\"https:\/\/opm01.com\/wp-content\/uploads\/2022\/06\/5-W-delle-societa-di-Panama-4.jpg\" alt=\"Sociedades holding con acciones al portador - Societ\u00e0 holding con azioni al portatore - Holding companies with bearer shares\" width=\"1792\" height=\"1024\" srcset=\"https:\/\/opm01.com\/wp-content\/uploads\/2022\/06\/5-W-delle-societa-di-Panama-4.jpg 1792w, https:\/\/opm01.com\/wp-content\/uploads\/2022\/06\/5-W-delle-societa-di-Panama-4-800x457.jpg 800w, https:\/\/opm01.com\/wp-content\/uploads\/2022\/06\/5-W-delle-societa-di-Panama-4-300x171.jpg 300w, https:\/\/opm01.com\/wp-content\/uploads\/2022\/06\/5-W-delle-societa-di-Panama-4-1024x585.jpg 1024w, https:\/\/opm01.com\/wp-content\/uploads\/2022\/06\/5-W-delle-societa-di-Panama-4-230x131.jpg 230w, https:\/\/opm01.com\/wp-content\/uploads\/2022\/06\/5-W-delle-societa-di-Panama-4-768x439.jpg 768w, https:\/\/opm01.com\/wp-content\/uploads\/2022\/06\/5-W-delle-societa-di-Panama-4-1536x878.jpg 1536w, https:\/\/opm01.com\/wp-content\/uploads\/2022\/06\/5-W-delle-societa-di-Panama-4-131x75.jpg 131w, https:\/\/opm01.com\/wp-content\/uploads\/2022\/06\/5-W-delle-societa-di-Panama-4-480x274.jpg 480w\" sizes=\"(max-width:767px) 480px, (max-width:1792px) 100vw, 1792px\" \/><\/a><\/p>\n<h2><strong>Azioni al portatore a Panama<\/strong><\/h2>\n<p>Le azioni al portatore a Panama devono essere <a href=\"https:\/\/opm01.com\/it\/come-funziona-la-custodia-delle-azioni-al-portatore-a-panama\/\" target=\"_blank\" rel=\"noopener\">custodite<\/a> da un agente residente di Panama o da un&#8217;altra entit\u00e0 autorizzata a Panama, come Caporaso &amp; Partners con <a href=\"http:\/\/chrome-extension:\/\/efaidnbmnnnibpcajpcglclefindmkaj\/https:\/\/www.organojudicial.gob.pa\/uploads\/blogs.dir\/1\/2024\/06\/406\/lista-de-abogados-y-firmas-de-abogados-registradas-como-custodios-de-acciones-emitidas-al-portador.pdf\" target=\"_blank\" rel=\"noopener\">Registro No 0045<\/a>.<\/p>\n<p>Fino al 2015, le societ\u00e0 offshore registrate a Panama potevano emettere azioni al portatore, senza che venissero registrati i dati del proprietario di tali azioni. La situazione \u00e8 cambiata con la promulgazione della Legge 47, entrata in vigore nel 2015. Questa legge \u00e8 nata dopo che Panama ha subito pressioni per essere stata inserita nella lista grigia delle nazioni con problemi nella prevenzione e nel controllo del riciclaggio di denaro.<\/p>\n<p>Da quella data, il regime delle azioni al portatore \u00e8 stato modificato. Le societ\u00e0 o le fondazioni possono ora emettere tali azioni, ma a tal fine l&#8217;assemblea degli azionisti o il consiglio di amministrazione devono approvare il regime di immobilizzazione delle azioni. Tale approvazione deve essere presentata al Registro Pubblico di Panama. Il nuovo regime prevede l&#8217;identificazione di un depositario autorizzato. Il depositario \u00e8 responsabile della custodia delle azioni.<\/p>\n<p>Nel caso in cui riceva un ordine dalle autorit\u00e0 competenti, il depositario autorizzato deve consegnare le informazioni del beneficiario effettivo delle azioni al portatore.<\/p>\n<h3><strong>Il miglior utilizzo delle azioni al portatore a Panama<\/strong><\/h3>\n<p>La legge 47 autorizza come depositari autorizzati gli agenti residenti autorizzati, le banche, le societ\u00e0 di intermediazione mobiliare e gli enti fiduciari.<\/p>\n<p>Le azioni al portatore continuano a essere molto utili. Ad esempio, per strutturare una holding, attraverso una societ\u00e0 offshore registrata a Panama. La holding viene costituita per gestire diversi tipi di beni, come immobili, navi, azioni e flotte di veicoli. La vera identit\u00e0 del proprietario di questi beni \u00e8 protetta dalla holding.<\/p>\n<p>Con le azioni al portatore \u00e8 pi\u00f9 facile ed economico vendere o trasmettere in eredit\u00e0 questa struttura giuridica. Gli eredi devono solo rivendicare la propriet\u00e0 di queste azioni. In questo modo si evita di incorrere in lunghe e costose azioni legali. La maggior parte delle banche NON ACCETTA azioni al portatore per l&#8217;apertura di conti.<\/p>\n<h2><strong>Tre modi per utilizzare le azioni al portatore<\/strong><\/h2>\n<p>Le azioni al portatore sono state vietate in molte parti del mondo, ma esistono modi per utilizzarle. Vedere come<\/p>\n<p>Le autorit\u00e0 ritengono che questo documento sia uno dei modi utilizzati dai singoli per eludere le norme antiriciclaggio. Tuttavia, ancora oggi esistono modi per utilizzare le azioni al portatore. Qui ve ne parliamo.<\/p>\n<h2><strong>Cosa sono le azioni al portatore?<\/strong><\/h2>\n<p>Un&#8217;azione al portatore \u00e8 emessa da una societ\u00e0 e non \u00e8 nominale. Pertanto, a differenza delle azioni nominative, non riporta il nome del titolare. La persona che detiene fisicamente il certificato \u00e8 considerata il proprietario dell&#8217;azione. Queste azioni possono essere facilmente trasferite a un&#8217;altra persona, fisica o giuridica.<\/p>\n<p>Attualmente, le societ\u00e0 che detengono azioni al portatore sono obbligate a raccogliere tutti i dati del titolare di tali azioni e a consegnarli all&#8217;agente residente della societ\u00e0 o a una banca, in qualit\u00e0 di depositario autorizzato.<\/p>\n<h2><strong>Cosa si pu\u00f2 fare con una holding con azioni al portatore?<\/strong><\/h2>\n<p>Mantenere l&#8217;anonimato sta diventando sempre pi\u00f9 difficile. Tuttavia, \u00e8 ancora possibile utilizzare le azioni al portatore in modo vantaggioso in diversi scenari.<\/p>\n<h3><strong>Trasferimento di propriet\u00e0 in forma anonima<\/strong><\/h3>\n<p>Attraverso una holding con azioni al portatore \u00e8 possibile acquistare immobili in modo anonimo. Ad esempio, \u00e8 sufficiente trasferire le azioni al portatore alla societ\u00e0 proprietaria dell&#8217;immobile. In questo modo si evita di pagare le tasse sul trasferimento di propriet\u00e0. In realt\u00e0, la propriet\u00e0 della casa non cambia mai. La societ\u00e0 che ha emesso le azioni al portatore \u00e8 il titolare, ma il proprietario delle azioni al portatore pu\u00f2 cambiare senza complicazioni.<\/p>\n<h3><strong>Detenzione di criptovalute in una holding con azioni al portatore<\/strong><\/h3>\n<p>Con una holding con azioni al portatore \u00e8 possibile detenere criptovalute. Se non si desidera detenere le criptovalute individualmente, le societ\u00e0 che emettono le azioni al portatore possono essere le titolari di tali criptovalute. In questo modo, puoi negare di avere questi beni sotto il tuo controllo. In realt\u00e0, per\u00f2, poich\u00e9 sei tu a detenere le azioni al portatore, sei tu che gestisci\u00a0 le criptovalute.<\/p>\n<h3><strong>Possesso di metalli preziosi<\/strong><\/h3>\n<p>\u00c8 possibile possedere metalli preziosi attraverso una holding con azioni al portatore. La propriet\u00e0 di questi metalli cambier\u00e0 quando le azioni al portatore saranno consegnate al nuovo titolare.<\/p>\n<p>&nbsp;<\/p>\n","protected":false},"excerpt":{"rendered":"<p>Una holding con azioni al portatore \u00e8 il modo migliore per gestire i tuoi beni immobili garantendo la privacy del beneficiario.<\/p>\n<p>Con una holding con azioni al portatore si riduce notevolmente il rischio dell&#8217;investimento nel settore e, allo stesso tempo, si protegge il proprio patrimonio.<\/p>\n","protected":false},"featured_media":22843,"template":"","meta":{"inline_featured_image":false},"product_brand":[],"product_cat":[83],"product_tag":[],"class_list":{"0":"post-2085","1":"product","2":"type-product","3":"status-publish","4":"has-post-thumbnail","6":"product_cat-sociedades-offshore-it","8":"first","9":"instock","10":"shipping-taxable","11":"purchasable","12":"product-type-variable"},"_links":{"self":[{"href":"https:\/\/opm01.com\/it\/wp-json\/wp\/v2\/product\/2085","targetHints":{"allow":["GET"]}}],"collection":[{"href":"https:\/\/opm01.com\/it\/wp-json\/wp\/v2\/product"}],"about":[{"href":"https:\/\/opm01.com\/it\/wp-json\/wp\/v2\/types\/product"}],"version-history":[{"count":1,"href":"https:\/\/opm01.com\/it\/wp-json\/wp\/v2\/product\/2085\/revisions"}],"predecessor-version":[{"id":2306,"href":"https:\/\/opm01.com\/it\/wp-json\/wp\/v2\/product\/2085\/revisions\/2306"}],"wp:featuredmedia":[{"embeddable":true,"href":"https:\/\/opm01.com\/it\/wp-json\/wp\/v2\/media\/22843"}],"wp:attachment":[{"href":"https:\/\/opm01.com\/it\/wp-json\/wp\/v2\/media?parent=2085"}],"wp:term":[{"taxonomy":"product_brand","embeddable":true,"href":"https:\/\/opm01.com\/it\/wp-json\/wp\/v2\/product_brand?post=2085"},{"taxonomy":"product_cat","embeddable":true,"href":"https:\/\/opm01.com\/it\/wp-json\/wp\/v2\/product_cat?post=2085"},{"taxonomy":"product_tag","embeddable":true,"href":"https:\/\/opm01.com\/it\/wp-json\/wp\/v2\/product_tag?post=2085"}],"curies":[{"name":"wp","href":"https:\/\/api.w.org\/{rel}","templated":true}]}}