{"id":2077,"date":"2022-06-08T21:09:42","date_gmt":"2022-06-09T02:09:42","guid":{"rendered":"https:\/\/opm01.com\/01\/registrar-una-sociedad-offshore-en-nevis\/"},"modified":"2023-06-15T20:39:19","modified_gmt":"2023-06-16T01:39:19","slug":"registrare-una-societa-offshore-in-nevis","status":"publish","type":"product","link":"https:\/\/opm01.com\/it\/prodotto\/registrare-una-societa-offshore-in-nevis\/","title":{"rendered":"Registrare una societ\u00e0 offshore in Nevis"},"content":{"rendered":"<h2>Una societ\u00e0 offshore in Nevis \u00e8 una delle strutture legali pi\u00f9 sicure e affidabili al mondo.<\/h2>\n<p>Questa piccola isola caraibica offre grandi vantaggi per l&#8217;incorporazione di questo tipo di societ\u00e0 che non pagano tasse sui profitti e sugli utili realizzati in attivit\u00e0 al di fuori di tale giurisdizione. Inoltre, le leggi locali proteggono i dati personali dei proprietari.<\/p>\n<p>Una societ\u00e0 a responsabilit\u00e0 limitata (LLC) del Nevis pu\u00f2 essere utilizzata per qualsiasi tipo di attivit\u00e0 commerciale lecita. Non ci sono restrizioni sulla nazionalit\u00e0 del proprietario e dei membri della LLC. Non \u00e8 previsto alcun requisito di capitale minimo ed \u00e8 vietato solo l&#8217;esercizio dell&#8217;attivit\u00e0 all&#8217;interno dell&#8217;isola.<\/p>\n<p>Di solito vengono utilizzate come denominazione sociale per le societ\u00e0 del Delaware o di altri Stati Uniti.<\/p>\n<p>In Nevis esiste un Registro delle Imprese, che tuttavia riporta solo il nome della societ\u00e0 e l&#8217;articolo di organizzazione, i dettagli dell&#8217;agente registrato e l&#8217;indirizzo del domicilio locale. Le informazioni sulla propriet\u00e0 effettiva sono in possesso solo dell&#8217;agente residente.<\/p>\n<h3 class=\"tw-data-text tw-text-large tw-ta\" dir=\"ltr\" data-placeholder=\"Traducci\u00f3n\"><span class=\"Y2IQFc\" lang=\"it\">Perch\u00e9 gli imprenditori scelgono <\/span>una societ\u00e0 offshore in Nevis <span class=\"Y2IQFc\" lang=\"it\">per la protezione patrimoniale?<br \/>\n<\/span><\/h3>\n<p class=\"tw-data-text tw-text-large tw-ta\" dir=\"ltr\" data-placeholder=\"Traducci\u00f3n\"><span class=\"Y2IQFc\" lang=\"it\">In che modo la protezione patrimoniale in Nevis \u00e8 diversa dalle altre giurisdizioni? Una caratteristica fondamentale di Nevis \u00e8 che le decisioni dei tribunali esteri non vengono prese in considerazione. Sono accettate solo le decisioni prese da un tribunale locale. Il costo per la presentazione di una causa \u00e9 piuttosto elevato e dovr\u00e0 essere pagato in anticipo, quindi scoraggia le rogatorie.<\/span><\/p>\n<h2>Come registrare una societ\u00e0 offshore in Nevis<\/h2>\n<p>Tutte le societ\u00e0 registrate in Nevis sono tenute ad avere un agente residente, con licenza di agente residente. Non \u00e8 possibile presentare una richiesta di costituzione di una societ\u00e0 offshore in Nevis per proprio conto. Abbiamo una vasta esperienza nella costituzione di LLC in Nevis. Ti garantiamo che entro pochi giorni lavorativi la tua societ\u00e0 sar\u00e0 completamente attivata.<\/p>\n<p>Tra i documenti che dovrai presentare nella richiesta di costituzione di una societ\u00e0 offshore in Nevis, ci sono: il KYC elettronico e la copia del tuo passaporto, una referenza bancaria, nonch\u00e9 una bolletta, a tuo nome e con il tuo indirizzo. Tutti i documenti devono essere autenticati (possiamo farlo noi). Le LLC del Nevis vengono rinnovate ogni anno a gennaio, quindi \u00e8 necessario pagare una tassa annuale fissa al governo, l&#8217;agente residente e la tassa di registrazione dell&#8217;ufficio.<\/p>\n<p>Le LLC del Nevis sono tenute a tenere report contabili (offriamo un semplice software di gestione contabile) che mostrino le fatture e i contratti dell&#8217;azienda. Questi report vengono redatti su base annuale e devono essere conservati per cinque anni presso l&#8217;ufficio dell&#8217;agente residente. Con questo documento sar\u00e0 possibile mostrare, in qualsiasi momento, la situazione finanziaria dell&#8217;azienda.<\/p>\n<p>&nbsp;<\/p>\n<div class=\"button_align align_center\"><a class=\"button  button_size_2\" href=\"https:\/\/www.nevisfsrc.com\/restricted-words\/\" style=\"background-color:#ff0000!important;\" target=\"_blank\" title=\"\" rel=\"noopener\"><span class=\"button_label\">Vedi i nomi vietati<\/span><\/a><\/div>\n\n","protected":false},"excerpt":{"rendered":"<p>Questa piccola isola caraibica offre grandi vantaggi per l&#8217;incorporazione di questo tipo di societ\u00e0 che non pagano tasse sui profitti e sugli utili realizzati in attivit\u00e0 al di fuori di tale giurisdizione. Inoltre, le leggi locali proteggono i dati personali dei proprietari. Inoltre, <span class=\"Y2IQFc\" lang=\"it\"> le decisioni dei tribunali esteri non vengono prese in considerazione, fatto che scoraggia le rogatorie.<\/span><\/p>\n","protected":false},"featured_media":4247,"template":"","meta":{"inline_featured_image":false},"product_brand":[],"product_cat":[83],"product_tag":[],"class_list":{"0":"post-2077","1":"product","2":"type-product","3":"status-publish","4":"has-post-thumbnail","6":"product_cat-sociedades-offshore-it","8":"first","9":"instock","10":"shipping-taxable","11":"purchasable","12":"product-type-variable"},"_links":{"self":[{"href":"https:\/\/opm01.com\/it\/wp-json\/wp\/v2\/product\/2077","targetHints":{"allow":["GET"]}}],"collection":[{"href":"https:\/\/opm01.com\/it\/wp-json\/wp\/v2\/product"}],"about":[{"href":"https:\/\/opm01.com\/it\/wp-json\/wp\/v2\/types\/product"}],"version-history":[{"count":1,"href":"https:\/\/opm01.com\/it\/wp-json\/wp\/v2\/product\/2077\/revisions"}],"predecessor-version":[{"id":2315,"href":"https:\/\/opm01.com\/it\/wp-json\/wp\/v2\/product\/2077\/revisions\/2315"}],"wp:featuredmedia":[{"embeddable":true,"href":"https:\/\/opm01.com\/it\/wp-json\/wp\/v2\/media\/4247"}],"wp:attachment":[{"href":"https:\/\/opm01.com\/it\/wp-json\/wp\/v2\/media?parent=2077"}],"wp:term":[{"taxonomy":"product_brand","embeddable":true,"href":"https:\/\/opm01.com\/it\/wp-json\/wp\/v2\/product_brand?post=2077"},{"taxonomy":"product_cat","embeddable":true,"href":"https:\/\/opm01.com\/it\/wp-json\/wp\/v2\/product_cat?post=2077"},{"taxonomy":"product_tag","embeddable":true,"href":"https:\/\/opm01.com\/it\/wp-json\/wp\/v2\/product_tag?post=2077"}],"curies":[{"name":"wp","href":"https:\/\/api.w.org\/{rel}","templated":true}]}}