{"id":17997,"date":"2024-02-19T14:20:36","date_gmt":"2024-02-19T19:20:36","guid":{"rendered":"https:\/\/opm01.com\/producto\/eleva-tu-autoridad-de-dominio-alcanza-un-da-de-50\/"},"modified":"2024-05-19T03:03:34","modified_gmt":"2024-05-19T08:03:34","slug":"aumenta-la-tua-autorita-di-dominio-raggiungi-un-da-di-30","status":"publish","type":"product","link":"https:\/\/opm01.com\/it\/prodotto\/aumenta-la-tua-autorita-di-dominio-raggiungi-un-da-di-30\/","title":{"rendered":"Aumenta la tua Autorit\u00e0 di Dominio: raggiungi un DA di 30+"},"content":{"rendered":"<h2><strong>Con il nostro servizio di incremento dell&#8217;Autorit\u00e0<\/strong><strong> di Dominio, raggiungi un DA di 30+ per il tuo sito web<\/strong><\/h2>\n<p>Nel mondo digitale di oggi, distinguersi dalla massa \u00e8 pi\u00f9 che mai cruciale e la Autorit\u00e0 di Dominio o DA \u00e8 essenziale. Vista la crescente importanza di una forte presenza online, siamo lieti di presentare il nostro servizio SEO unico nel suo genere, progettato per catapultare l&#8217;autorit\u00e0 del tuo dominio a un impressionante 30+ sulla scala dell&#8217;Autorit\u00e0 di Dominio (DA). Ma cosa significa veramente avere una DA elevata e perch\u00e9 dovrebbe interessarti?<\/p>\n<h3><strong>Capire l&#8217;autorit\u00e0 di dominio<\/strong><\/h3>\n<p>L&#8217;Autorit\u00e0 di Dominio \u00e8 una metrica essenziale per la SEO, che misura la rilevanza e la qualit\u00e0 di un sito web rispetto ad altri nel vasto oceano di Internet. Un DA pi\u00f9 alto significa maggiore visibilit\u00e0 e preferenza nei risultati di ricerca di Google, sulla base di tre pilastri fondamentali: la rilevanza della pagina per le ricerche, l&#8217;autorit\u00e0 che esercita sull&#8217;argomento e l&#8217;esperienza utente che offre.<\/p>\n<h3><strong>Perch\u00e9 un DA elevato \u00e8 importante?<\/strong><\/h3>\n<p>Viviamo in un&#8217;epoca in cui la prima impressione della tua azienda si forma online. Un dominio con un&#8217;elevata autorit\u00e0 non solo attira pi\u00f9 traffico, ma crea anche fiducia nel pubblico. \u00c8 la differenza tra l&#8217;essere un leader di pensiero nella tua nicchia o solo uno della folla.<\/p>\n<p>Il punteggio di autorit\u00e0 di dominio \u00e8 un indicatore chiave dell&#8217;affidabilit\u00e0 di un dominio. Un punteggio pi\u00f9 alto su questa scala da 1 a 100 riflette un livello pi\u00f9 elevato di fiducia e autorit\u00e0. Si noti che 100 \u00e8 il valore di Google, mentre altri siti di grande reputazione hanno un punteggio di poco superiore a 90.<\/p>\n<p>I domini hanno in media un punteggio DA compreso tra 10 e 20, oltre a 30 pu\u00f2 essere considerato buono, oltre 50 molto buono e da 70 a 100 eccellente.<\/p>\n<p>La metrica di Autorit\u00e0 di Dominio \u00e8 stata creata da<a href=\"https:\/\/moz.com\/domain-analysis?\" target=\"_blank\" rel=\"noopener\"> MOZ<\/a> e consente di misurare gratuitamente l&#8217;autorit\u00e0 del proprio dominio.<\/p>\n<p>I tag del punteggio di autorit\u00e0 di Dominio forniscono una rapida panoramica della forza e della rilevanza di un dominio nel contesto della SEO. Se un dominio ha un basso numero di backlink e non mostra segni di manipolazione, \u00e8 improbabile che un link da questo sito aumenti significativamente il tuo profilo SEO. Tuttavia, se un dominio con pochi backlink ha link da siti molto rilevanti per il suo settore, potrebbe aggiungere un valore modesto al suo profilo.<\/p>\n<p>Un dominio &#8220;medio&#8221; ha un profilo di link e un traffico organico adeguato, anche se potrebbe non essere rilevante all&#8217;interno della sua nicchia. D&#8217;altro canto, un dominio &#8220;medio&#8221;, ma con link significativi per il suo settore, pu\u00f2 offrire un notevole vantaggio al suo profilo.<\/p>\n<h3><strong>Come possiamo valutare l&#8217;autorit\u00e0 del dominio?<\/strong><\/h3>\n<p>I domini classificati come &#8220;buoni&#8221; hanno un solido profilo di backlink e un buon traffico organico, il che suggerisce che un link da questi siti sarebbe vantaggioso per il tuo profilo SEO. Questo valore aumenta se il dominio \u00e8 anche rilevante per la tua area di interesse.<\/p>\n<p>I domini &#8220;molto buoni&#8221; sono riconosciuti per la loro forte presenza del marchio e per il loro impressionante profilo di backlink, il che garantisce un impatto positivo sul tuo profilo quando ricevi un link da essi. Questo vantaggio \u00e8 amplificato se il dominio \u00e8 particolarmente rilevante per la tua nicchia.<\/p>\n<p>Un dominio &#8220;eccellente&#8221; si distingue per un profilo di backlink eccezionale e un elevato volume di traffico organico, il che indica che un link proveniente da questi siti sarebbe altamente vantaggioso per il tuo profilo. I domini leader del settore, con un ottimo profilo di backlink e molto traffico organico, rappresentano un&#8217;opportunit\u00e0 d&#8217;oro per rafforzare il tuo profilo SEO.<\/p>\n<p>\u00c8 fondamentale prestare attenzione ai segni di spam o di manipolazione nel profilo di backlink di un dominio. La presenza di questi indicatori suggerisce che un link proveniente da quel dominio potrebbe non essere redditizio per il tuo sito web.<\/p>\n<p>I domini con un basso traffico organico, nonostante abbiano un solido profilo di link, possono avere problemi tecnici o mancare di contenuti di qualit\u00e0, limitando la loro attrattiva per Google e quindi la loro utilit\u00e0 per il tuo profilo SEO. Allo stesso modo, un rapporto scarso tra traffico e backlink indica che, nonostante l&#8217;abbondanza di link, il sito web pu\u00f2 presentare carenze che ne diminuiscono il valore.<\/p>\n<p>D&#8217;altro canto, un dominio con un elevato rapporto tra traffico e backlink, anche se non \u00e8 ricco di link, pu\u00f2 essere molto prezioso se il traffico \u00e8 significativo e rilevante per la tua nicchia, con conseguente effetto positivo sull&#8217;Autorit\u00e0 di Dominio.<\/p>\n<h3><strong>Il nostro servizio esclusivo comprende:<\/strong><\/h3>\n<p>Aggiornamento dell&#8217;autorit\u00e0 di dominio a 50+ DA. Con la nostra offerta, non \u00e8 necessario essere un esperto SEO per migliorare la tua autorit\u00e0 di dominio. Il nostro team di professionisti \u00e8 pronto a fare tutto per te. Tuttavia, se sei veramente interessato ad apparire sulla pagina 1 di Google, dovresti investire, in base al tuo budget, in un <a href=\"https:\/\/opm01.com\/it\/prodotto\/seo-di-base\/\">servizio SEO mensile<\/a> per iniziare il tuo viaggio verso il successo digitale.<\/p>\n<p>Porta il tuo sito in alto con la nostra offerta esclusiva e guarda la tua Autorit\u00e0 di Dominio salire a 30+ DA, aprendo un mondo di possibilit\u00e0 per il tuo business online. Il costo \u00e8 di soli 200 euro e il tempo di realizzazione \u00e8 di 30 giorni.<\/p>\n","protected":false},"excerpt":{"rendered":"<p>Se vuoi distinguerti dalla massa, un fattore molto importante \u00e8 la Autorit\u00e0 di Dominio o DA del tuo sito web.<\/p>\n<p>Approfitta dei nostri servizi SEO esclusivi e guarda la tua autorit\u00e0 di dominio salire a 50+ DA.<\/p>\n<p>&nbsp;<\/p>\n","protected":false},"featured_media":17994,"template":"","meta":{"inline_featured_image":false},"product_brand":[],"product_cat":[120],"product_tag":[],"class_list":{"0":"post-17997","1":"product","2":"type-product","3":"status-publish","4":"has-post-thumbnail","6":"product_cat-web-services","8":"first","9":"instock","10":"virtual","11":"purchasable","12":"product-type-simple"},"_links":{"self":[{"href":"https:\/\/opm01.com\/it\/wp-json\/wp\/v2\/product\/17997","targetHints":{"allow":["GET"]}}],"collection":[{"href":"https:\/\/opm01.com\/it\/wp-json\/wp\/v2\/product"}],"about":[{"href":"https:\/\/opm01.com\/it\/wp-json\/wp\/v2\/types\/product"}],"version-history":[{"count":1,"href":"https:\/\/opm01.com\/it\/wp-json\/wp\/v2\/product\/17997\/revisions"}],"predecessor-version":[{"id":17999,"href":"https:\/\/opm01.com\/it\/wp-json\/wp\/v2\/product\/17997\/revisions\/17999"}],"wp:featuredmedia":[{"embeddable":true,"href":"https:\/\/opm01.com\/it\/wp-json\/wp\/v2\/media\/17994"}],"wp:attachment":[{"href":"https:\/\/opm01.com\/it\/wp-json\/wp\/v2\/media?parent=17997"}],"wp:term":[{"taxonomy":"product_brand","embeddable":true,"href":"https:\/\/opm01.com\/it\/wp-json\/wp\/v2\/product_brand?post=17997"},{"taxonomy":"product_cat","embeddable":true,"href":"https:\/\/opm01.com\/it\/wp-json\/wp\/v2\/product_cat?post=17997"},{"taxonomy":"product_tag","embeddable":true,"href":"https:\/\/opm01.com\/it\/wp-json\/wp\/v2\/product_tag?post=17997"}],"curies":[{"name":"wp","href":"https:\/\/api.w.org\/{rel}","templated":true}]}}