{"id":16993,"date":"2024-01-25T10:39:50","date_gmt":"2024-01-25T15:39:50","guid":{"rendered":"https:\/\/opm01.com\/producto\/consultoria-para-apertura-cuenta-bancaria-criptoamigable\/"},"modified":"2024-02-18T22:43:09","modified_gmt":"2024-02-19T03:43:09","slug":"consulenza-per-lapertura-di-un-conto-bancario-crypto-amichevole","status":"publish","type":"product","link":"https:\/\/opm01.com\/it\/prodotto\/consulenza-per-lapertura-di-un-conto-bancario-crypto-amichevole\/","title":{"rendered":"Consulenza per l&#8217;apertura di un conto bancario crypto-amichevole"},"content":{"rendered":"<h2>Apri un conto bancario crypto-amichevole e ricevi i tuoi guadagni in criptovaluta senza problemi!<\/h2>\n<p>Aprire un conto bancario crypto-amichevole non \u00e8 sempre cos\u00ec facile Ricevere denaro da una transazione di criptovaluta pu\u00f2 portare alla chiusura del vostro conto bancario, da qui l&#8217;importanza di aprire un conto bancario crypto-amichevole. Nel panorama odierno in cui le criptovalute stanno rapidamente cambiando il settore finanziario, sebbene poche banche offrano conti cripto-amichevole, si \u00e8 registrato un notevole progresso. Entro il 2024, il 74% delle maggiori banche a livello globale, che rappresentano 37 delle prime 50 in termini di asset gestiti, hanno iniziato a fornire questi conti. Questo sviluppo \u00e8 stato facilitato dalla loro connessione a borse di criptovalute regolamentate come Binance e Coinbase, consentendo un flusso efficiente di fondi dai conti bancari tradizionali al trading di criptovalute e viceversa. Nonostante questa integrazione, molte di queste banche non offrono ancora servizi di trading diretto di criptovalute per il segmento dei clienti retail.<\/p>\n<p>In questo contesto, lo studio legale Caporaso &amp; Partners di Panama si presenta come un consulente affidabile per l&#8217;apertura di un conto bancario crypto-amichevole. Offriamo un servizio completo che comprende una consulenza telefonica a pagamento di 50 euro, in cui vengono analizzate le esigenze specifiche e fornite indicazioni sulle migliori opzioni bancarie. Inoltre, per coloro che necessitano di un&#8217;assistenza pi\u00f9 dettagliata, forniamo un servizio video esplicativo e un aiuto nella compilazione dei moduli necessari per l&#8217;apertura del conto, al costo di 300 euro. Questo servizio \u00e8 prezioso per chi cerca una guida passo passo in questo complesso processo.<\/p>\n<p>I nostri servizi sono particolarmente utili in un momento in cui la popolarit\u00e0 delle criptovalute sta crescendo in modo esponenziale, spingendo le imprese ad adottare sistemi di pagamento adeguati e trasformando il rapporto tra banche e criptovalute. I conti bancari crypto-amichevoli sono essenziali per gestire le transazioni e i servizi legati alle valute digitali e offrono la possibilit\u00e0 di ricevere denaro dalle transazioni in criptovaluta.<\/p>\n<p>Per scegliere il miglior conto bancario crypto-amichevole, \u00e8 essenziale comprendere le esigenze specifiche del cliente, tra cui la compatibilit\u00e0 con le criptovalute, le commissioni e le spese e altri fattori come la sicurezza, la facilit\u00e0 d&#8217;uso, il servizio clienti e la reputazione della banca. Quando si apre un conto, \u00e8 importante considerare la sicurezza e la protezione dalle frodi, le commissioni di transazione, l&#8217;integrazione con gli scambi di criptovalute e la qualit\u00e0 del servizio clienti.<\/p>\n<p>Le neobanche, come Revolut e Wirex, stanno cogliendo l&#8217;opportunit\u00e0 lasciata dalle banche tradizionali pi\u00f9 riluttanti, ma tendono a operare esclusivamente con clienti in Europa. In questo senso, Panama si sta posizionando come opzione leader per i clienti globali. Le banche favorevoli alle criptovalute offrono servizi che facilitano una perfetta integrazione tra il sistema finanziario tradizionale e quello digitale, rappresentando un progressivo cambiamento nel settore bancario.<br \/>\nSe sei interessato a esplorare le tue opzioni e a trovare il conto bancario crypto-friendly pi\u00f9 adatto alla tua situazione, il nostro team di esperti \u00e8 pronto a consigliarti. Con la nostra consulenza telefonica e il nostro video, ti guideremo in ogni fase del processo, assicurandoti una transizione fluida e sicura nel mondo finanziario digitalizzato.<\/p>\n<p>&nbsp;<\/p>\n<div id=\"attachment_16983\" style=\"width: 812px\" class=\"wp-caption aligncenter\"><a href=\"https:\/\/opm01.com\/wp-content\/uploads\/2024\/01\/cuenta-bancaria-criptoamigable-10d-300x171.jpg\"><img fetchpriority=\"high\" decoding=\"async\" aria-describedby=\"caption-attachment-16983\" class=\" wp-image-16983\" src=\"https:\/\/opm01.com\/wp-content\/uploads\/2024\/01\/cuenta-bancaria-criptoamigable-10d-300x171.jpg\" alt=\"Requisitos para la apertura remota de una cuenta bancaria criptoamigable en Panam\u00e1\" width=\"802\" height=\"457\" srcset=\"https:\/\/opm01.com\/wp-content\/uploads\/2024\/01\/cuenta-bancaria-criptoamigable-10d-300x171.jpg 300w, https:\/\/opm01.com\/wp-content\/uploads\/2024\/01\/cuenta-bancaria-criptoamigable-10d-800x457.jpg 800w, https:\/\/opm01.com\/wp-content\/uploads\/2024\/01\/cuenta-bancaria-criptoamigable-10d-230x131.jpg 230w, https:\/\/opm01.com\/wp-content\/uploads\/2024\/01\/cuenta-bancaria-criptoamigable-10d-768x439.jpg 768w, https:\/\/opm01.com\/wp-content\/uploads\/2024\/01\/cuenta-bancaria-criptoamigable-10d-131x75.jpg 131w, https:\/\/opm01.com\/wp-content\/uploads\/2024\/01\/cuenta-bancaria-criptoamigable-10d-480x274.jpg 480w\" sizes=\"(max-width:767px) 480px, (max-width:802px) 100vw, 802px\" \/><\/a><p id=\"caption-attachment-16983\" class=\"wp-caption-text\"><strong>Requisiti per l&#8217;apertura a distanza di un conto bancario crypto-friendly a Panama<\/strong><\/p><\/div>\n<p>&nbsp;<\/p>\n<h3><strong>Requisiti per l&#8217;apertura a distanza di un conto bancario crypto-amichevole a Panama<\/strong><\/h3>\n<ul>\n<li>Colloquio video con un consulente bancario (programmato in 24-48 ore)<\/li>\n<li>Copia del passaporto o della carta d&#8217;identit\u00e0 in corso di validit\u00e0 se si \u00e8 panamensi o residenti<\/li>\n<li>Selfie del tuoo viso<\/li>\n<li>Selfie con il documento d&#8217;identit\u00e0 accanto al viso<\/li>\n<li>Copia di una bolletta (acqua, elettricit\u00e0 o telefono) con il tuo indirizzo attuale<\/li>\n<li>Prova di reddito in base alla tua attivit\u00e0 economica (busta paga, dichiarazione dei redditi o lettera di lavoro)<\/li>\n<li>Indirizzo del tuoo Cold Wallet o indirizzo di deposito (screenshot)<\/li>\n<li>Nome dell&#8217;Exchange che utilizzi e relativo numero ID (screenshot)<\/li>\n<li>Se sei un titolare effettivo del conto, allega il tuo documento d&#8217;identit\u00e0.<\/li>\n<\/ul>\n<h5><strong>Compilare e firmare i seguenti moduli:<\/strong><\/h5>\n<ul>\n<li>Registrazione della firma<\/li>\n<li>Accordo di deposito<\/li>\n<li>OnLine<\/li>\n<\/ul>\n<h5>Inoltre, si prega di rispondere alle seguenti domande relative all&#8217;apertura del conto:<\/h5>\n<ul>\n<li>\u00bfPer cosa utilizzerai il conto?<\/li>\n<li>Qual \u00e8 la fonte del tuo reddito?<\/li>\n<li>Come ricevi le tue entrate?<\/li>\n<li>Se in contanti, quanto e perch\u00e9 (la banca non ama i depositi in contanti)?<\/li>\n<li>Oltre che dal tuo Paese di residenza, riceverai redditi da altri Paesi; ti preghiamo di specificare quali Paesi e quali legami hai con questi Paesi?<\/li>\n<li>Quali sono i principali destinatari dei tuoi pagamenti?<\/li>\n<li>Quali sono all&#8217;estero? Si prega di specificare i Paesi dei destinatari dei pagamenti, se del caso<\/li>\n<li>.Se ricevi un reddito da dividendi o altri investimenti: qual \u00e8 la fonte dei tuoi dividendi? Societ\u00e0 private\/investimenti in borsa<\/li>\n<li>Quali altri investimenti hai?<\/li>\n<li>Qual \u00e8 il tuo volume mensile di P2P?<\/li>\n<li>Qual \u00e8 il tuo reddito netto da P2P?<\/li>\n<\/ul>\n<h5><strong>Spese del conto<\/strong><\/h5>\n<ul>\n<li>Il deposito iniziale del conto \u00e8 di USD 200,00<\/li>\n<li>Carta di debito Visa: USD 26,75 (annuale)<\/li>\n<li>Assicurazione contro le frodi USD 3,00 al mese<\/li>\n<li>Token di sicurezza per le transazioni bancarie online: USD 10,70 (annuale).<\/li>\n<li>Scambio di USDT in FIAT 2% (attualmente il conto consente solo lo scambio di USDT in USD, presto sar\u00e0 disponibile anche quello di BTC in USD).<\/li>\n<\/ul>\n<p>&nbsp;<\/p>\n<p>&nbsp;<\/p>\n","protected":false},"excerpt":{"rendered":"<h3>Apri un conto bancario crypto-amichevole e ricevi i tuoi guadagni in criptovaluta in modo rapido e sicuro!<\/h3>\n","protected":false},"featured_media":16973,"template":"","meta":{"inline_featured_image":false},"product_brand":[],"product_cat":[128,122],"product_tag":[],"class_list":{"0":"post-16993","1":"product","2":"type-product","3":"status-publish","4":"has-post-thumbnail","6":"product_cat-conto-in-banca","7":"product_cat-servizi-blockchain","9":"first","10":"instock","11":"downloadable","12":"virtual","13":"purchasable","14":"product-type-simple"},"_links":{"self":[{"href":"https:\/\/opm01.com\/it\/wp-json\/wp\/v2\/product\/16993","targetHints":{"allow":["GET"]}}],"collection":[{"href":"https:\/\/opm01.com\/it\/wp-json\/wp\/v2\/product"}],"about":[{"href":"https:\/\/opm01.com\/it\/wp-json\/wp\/v2\/types\/product"}],"version-history":[{"count":1,"href":"https:\/\/opm01.com\/it\/wp-json\/wp\/v2\/product\/16993\/revisions"}],"predecessor-version":[{"id":17000,"href":"https:\/\/opm01.com\/it\/wp-json\/wp\/v2\/product\/16993\/revisions\/17000"}],"wp:featuredmedia":[{"embeddable":true,"href":"https:\/\/opm01.com\/it\/wp-json\/wp\/v2\/media\/16973"}],"wp:attachment":[{"href":"https:\/\/opm01.com\/it\/wp-json\/wp\/v2\/media?parent=16993"}],"wp:term":[{"taxonomy":"product_brand","embeddable":true,"href":"https:\/\/opm01.com\/it\/wp-json\/wp\/v2\/product_brand?post=16993"},{"taxonomy":"product_cat","embeddable":true,"href":"https:\/\/opm01.com\/it\/wp-json\/wp\/v2\/product_cat?post=16993"},{"taxonomy":"product_tag","embeddable":true,"href":"https:\/\/opm01.com\/it\/wp-json\/wp\/v2\/product_tag?post=16993"}],"curies":[{"name":"wp","href":"https:\/\/api.w.org\/{rel}","templated":true}]}}