{"id":12530,"date":"2023-09-13T16:11:53","date_gmt":"2023-09-13T21:11:53","guid":{"rendered":"https:\/\/opm01.com\/producto\/tramite-de-proceso-de-naturalizacion-pasaporte-panameno\/"},"modified":"2023-09-13T17:08:51","modified_gmt":"2023-09-13T22:08:51","slug":"processo-di-naturalizzazione-passaporto-panamense","status":"publish","type":"product","link":"https:\/\/opm01.com\/it\/prodotto\/processo-di-naturalizzazione-passaporto-panamense\/","title":{"rendered":"Processo di naturalizzazione &#8211; Passaporto panamense"},"content":{"rendered":"<h2><strong>Il passaporto panamense: pi\u00f9 che un sogno, una realt\u00e0 Fai di Panama la tua casa e apri le porte a innumerevoli opportunit\u00e0!<\/strong><\/h2>\n<h3><strong>Sei idoneo?<\/strong><\/h3>\n<p>Residenti permanenti: se risiedi a Panama da pi\u00f9 di 5 anni, questa \u00e8 la tua opportunit\u00e0.<\/p>\n<p>Famiglia panamense: tempi di attesa ridotti se hai figli nati a Panama o se sei sposato con un cittadino panamense.<\/p>\n<p>Latinoamericani e spagnoli: vantaggi speciali in riconoscimento dei legami fraterni con Panama.<\/p>\n<p>Processo semplificato: attraverso il nostro studio legale, ti guidiamo in ogni fase, dalla preparazione dei documenti alle prove richieste. Ci assicuriamo che il processo sia il pi\u00f9 agevole possibile.<\/p>\n<p>Vantaggi dell&#8217;essere panamense: la cittadinanza panamense non solo d\u00e0 diritto al passaporto, ma anche al visto:<\/p>\n<h3><strong>Accesso a professioni esclusive<\/strong><\/h3>\n<p>Possibilit\u00e0 di lavorare in qualsiasi settore senza dover rinnovare continuamente i permessi.<\/p>\n<p>Diritto di voto e possibilit\u00e0 di aspirare a cariche pubbliche.<\/p>\n<p>Un impegno per il futuro! Sebbene sia previsto un impegno simbolico a Panama, la vostra nazionalit\u00e0 originaria rimane intatta, offrendovi il meglio dei due mondi.<\/p>\n<p>Agisci ora! Entra a far parte della crescente e vivace comunit\u00e0 panamense. Se stai pensando di naturalizzarti, contatta i nostri avvocati specializzati per assicurarti un processo senza intoppi.<\/p>\n<p>Panama vi aspetta! Diventa cittadino del mondo con un passaporto panamense senza visto in 133 Paesi, compresa l&#8217;Europa.<\/p>\n<h3><strong>Requisiti per la richiesta di lettera di naturalizzazione a Panama<\/strong><\/h3>\n<p>1.PROCURA ALLO STUDIO LEGALE CAPORASO &amp; PARTNERS:<\/p>\n<p>Dati completi del richiedente: nome, indirizzo, sesso, et\u00e0, stato civile, luogo e nazionalit\u00e0 di nascita, numero di carta di soggiorno permanente, numero di passaporto e numeri di telefono.<\/p>\n<p>Dati dei genitori del richiedente.<\/p>\n<p>Rinuncia alla cittadinanza precedente.<\/p>\n<p>Espressione del desiderio di richiedere la cittadinanza panamense.<\/p>\n<ol start=\"2\">\n<li>DOMANDA:<\/li>\n<\/ol>\n<p>Dati dell&#8217;avvocato: nome, contatto, copia della carta d&#8217;identit\u00e0 e idoneit\u00e0.<\/p>\n<p>Basato su fatti e prove.<\/p>\n<p>Specificare la base giuridica (numeri 1-2-3 dell&#8217;articolo 10 della Costituzione).<\/p>\n<ol start=\"3\">\n<li>CERTIFICAZIONE DELLO STATO DI MIGRATORIO: con il numero della carta di soggiorno (90 giorni di validit\u00e0).<\/li>\n<li>COPIA DELLA CARTA DI RESIDENZA: autenticata dal Tribunale elettorale.<\/li>\n<li>DICHIARAZIONE GIURATA: davanti a un notaio, sui motivi della richiesta e della volont\u00e0 di richiedere la cittadinanza panamense.<\/li>\n<li>CERTIFICATO MEDICO: di buona salute (90 giorni di validit\u00e0).<\/li>\n<li>RECORD PENALE: ad uso dell&#8217;Immigrazione o della Naturalizzazione (30 giorni di validit\u00e0).<\/li>\n<li>SOLVENZA ECONOMICA: tramite:<\/li>\n<\/ol>\n<p>Lettera di lavoro e carta di previdenza sociale (90 giorni).<\/p>\n<p>Dichiarazione dei redditi dell&#8217;anno precedente.<\/p>\n<p>Lettera della banca (90 giorni).<\/p>\n<ol start=\"9\">\n<li>PAZ Y SALVO (DGI): con i dati del richiedente.<\/li>\n<li>COPIA COMPLETA DEL PASSAPORTO: autenticata e tradotta se non in spagnolo.<\/li>\n<li>FOTO: formato passaporto. Donne: formale. Uomini: giacca e cravatta.<\/li>\n<li>MODULO DI INTERVISTA: scaricato, compilato con penna blu.<\/li>\n<\/ol>\n<h3><strong>Documenti aggiuntivi (a seconda dei casi):<\/strong><\/h3>\n<p>Numero 2: Certificati di matrimonio, nascita del coniuge e dei figli panamensi.<\/p>\n<p>Num. 3: Fotocopia della Legge di Reciprocit\u00e0 e certificazione della sua esistenza e validit\u00e0.<\/p>\n<p>Per i familiari a carico:<\/p>\n<p>Lettera di responsabilit\u00e0 autenticata.<\/p>\n<p>Copia della carta d&#8217;identit\u00e0 della persona responsabile.<\/p>\n<p>Solvibilit\u00e0 economica del responsabile.<\/p>\n<p>DGI (codice fiscale) del responsabile.<\/p>\n<p>Nota: i vari documenti hanno costi e periodi di validit\u00e0 specifici.<\/p>\n","protected":false},"excerpt":{"rendered":"<h3>Il passaporto panamense: contattate i nostri avvocati specializzati per la preparazione dei documenti fino alle prove richieste.<\/h3>\n","protected":false},"featured_media":12528,"template":"","meta":{"inline_featured_image":false},"product_brand":[],"product_cat":[124],"product_tag":[],"class_list":{"0":"post-12530","1":"product","2":"type-product","3":"status-publish","4":"has-post-thumbnail","6":"product_cat-immigrazione-it","8":"first","9":"instock","10":"virtual","11":"purchasable","12":"product-type-simple"},"_links":{"self":[{"href":"https:\/\/opm01.com\/it\/wp-json\/wp\/v2\/product\/12530","targetHints":{"allow":["GET"]}}],"collection":[{"href":"https:\/\/opm01.com\/it\/wp-json\/wp\/v2\/product"}],"about":[{"href":"https:\/\/opm01.com\/it\/wp-json\/wp\/v2\/types\/product"}],"version-history":[{"count":1,"href":"https:\/\/opm01.com\/it\/wp-json\/wp\/v2\/product\/12530\/revisions"}],"predecessor-version":[{"id":12532,"href":"https:\/\/opm01.com\/it\/wp-json\/wp\/v2\/product\/12530\/revisions\/12532"}],"wp:featuredmedia":[{"embeddable":true,"href":"https:\/\/opm01.com\/it\/wp-json\/wp\/v2\/media\/12528"}],"wp:attachment":[{"href":"https:\/\/opm01.com\/it\/wp-json\/wp\/v2\/media?parent=12530"}],"wp:term":[{"taxonomy":"product_brand","embeddable":true,"href":"https:\/\/opm01.com\/it\/wp-json\/wp\/v2\/product_brand?post=12530"},{"taxonomy":"product_cat","embeddable":true,"href":"https:\/\/opm01.com\/it\/wp-json\/wp\/v2\/product_cat?post=12530"},{"taxonomy":"product_tag","embeddable":true,"href":"https:\/\/opm01.com\/it\/wp-json\/wp\/v2\/product_tag?post=12530"}],"curies":[{"name":"wp","href":"https:\/\/api.w.org\/{rel}","templated":true}]}}