{"id":11176,"date":"2023-06-29T17:34:07","date_gmt":"2023-06-29T22:34:07","guid":{"rendered":"https:\/\/opm01.com\/producto\/servicios-de-agente-residente-en-panama\/"},"modified":"2023-07-06T14:16:10","modified_gmt":"2023-07-06T19:16:10","slug":"servizi-di-un-agente-residente-a-panama","status":"publish","type":"product","link":"https:\/\/opm01.com\/it\/prodotto\/servizi-di-un-agente-residente-a-panama\/","title":{"rendered":"Cambio di Agente Residente a Panama"},"content":{"rendered":"<h2>Se hai bisogno del Cambio di un Agente Residente a Panama, Caporaso &amp; Partners \u00e8 la tua soluzione!<\/h2>\n<p>Alla luce delle recenti normative e delle sfide che le societ\u00e0 panamensi devono affrontare, comprendiamo l&#8217;importanza di poter usufruire dei Servizi di un Agente Residente a Panama che sia affidabile ed esperto. Noi di Caporaso &amp; Partners siamo lieti di offrire i nostri servizi come Agente Residente per la tua societ\u00e0 esistente. Se sei rimasto senza un Agente Residente, Caporaso &amp; Partners \u00e8 la tua soluzione!<\/p>\n<p>La nostra offerta di cambio o nomina di Agente Residente a Panama comprende:<\/p>\n<p><strong>Cambio di Agente Residente<\/strong>: per soli 850 euro, registreremo il cambio di Agente Residente per la tua societ\u00e0 esistente. Questo costo copre il primo anno di servizio e comprende l&#8217;indirizzo della societ\u00e0 e l&#8217;atto registrato presso il Registro Pubblico di Panama. Ci occuperemo dell&#8217;intero processo per garantire una transizione fluida e senza problemi. Opzionalmente puoi richiedere il servizio di amministratore designato, per mantenere la tua privacy e non apparire nei registri pubblici e\/o il servizio di custodia delle azioni al portatore (obbligatorio per legge se hai azioni al portatore).<\/p>\n<p><strong>Rinnovi annuali<\/strong>: a partire dal secondo anno, i nostri rinnovi annuali sono disponibili a partire da 350 euro all&#8217;anno. Questo servizio continuo assicura che la tua azienda sia sempre conforme alla legge e in regola.<\/p>\n<h3><strong>Approfitta dell&#8217;offerta speciale di servizi di agente residente a Panama<\/strong><\/h3>\n<p>Inoltre, nell&#8217;ambito dei nostri Servizi di un Agente Residente a Panama, ti offriamo la possibilit\u00e0 di apportare gratuitamente altre modifiche allo statuto nello stesso atto. Questo ti d\u00e0 la flessibilit\u00e0 necessaria per adattare la tua societ\u00e0 all&#8217;evoluzione della tua attivit\u00e0.<\/p>\n<p>Sappiamo che trovare un agente residente a Panama a prezzi accessibili \u00e8 diventato sempre pi\u00f9 difficile a causa delle nuove normative e delle massicce dimissioni. Noi di Caporaso &amp; Partners ci impegniamo a fornire un servizio affidabile e conveniente che soddisfi tutti i requisiti legali e normativi.<\/p>\n<p>Il nostro team di professionisti altamente qualificati \u00e8 pronto ad aiutarti in ogni fase del processo. Lavoreremo a stretto contatto con te per garantire che la tua azienda sia conforme e possa operare senza problemi.<\/p>\n<p>Non lasciare che i regolamenti ti fermino. Approfitta della nostra offerta speciale e assicurati la continuit\u00e0 della tua azienda con un agente residente affidabile. Contattaci oggi stesso per maggiori informazioni e per iniziare il processo di cambio del tuo Agente Residente.<\/p>\n<p>Noi di Caporaso &amp; Partners siamo a tua disposizione per aiutarti a superare le sfide attuali e a raggiungere il successo commerciale a Panama; per qualsiasi domanda, contattaci via e-mail o WhatsApp.<\/p>\n","protected":false},"excerpt":{"rendered":"<h2>Hai bisogno di cambiare l&#8217;agente residente a Panama?<\/h2>\n<p>Trovare un Agente Residente a Panama a prezzi accessibili \u00e8 diventato sempre pi\u00f9 difficile. \u00c8 possibile cambiare il proprio Agente Residente a partire da 850 euro, e il rinnovo annuale a solo 350 euro.<\/p>\n","protected":false},"featured_media":4427,"template":"","meta":{"inline_featured_image":false},"product_brand":[],"product_cat":[83,126],"product_tag":[],"class_list":{"0":"post-11176","1":"product","2":"type-product","3":"status-publish","4":"has-post-thumbnail","6":"product_cat-sociedades-offshore-it","7":"product_cat-fondazioni","9":"first","10":"instock","11":"shipping-taxable","12":"purchasable","13":"product-type-variable","14":"has-default-attributes"},"_links":{"self":[{"href":"https:\/\/opm01.com\/it\/wp-json\/wp\/v2\/product\/11176","targetHints":{"allow":["GET"]}}],"collection":[{"href":"https:\/\/opm01.com\/it\/wp-json\/wp\/v2\/product"}],"about":[{"href":"https:\/\/opm01.com\/it\/wp-json\/wp\/v2\/types\/product"}],"version-history":[{"count":1,"href":"https:\/\/opm01.com\/it\/wp-json\/wp\/v2\/product\/11176\/revisions"}],"predecessor-version":[{"id":11183,"href":"https:\/\/opm01.com\/it\/wp-json\/wp\/v2\/product\/11176\/revisions\/11183"}],"wp:featuredmedia":[{"embeddable":true,"href":"https:\/\/opm01.com\/it\/wp-json\/wp\/v2\/media\/4427"}],"wp:attachment":[{"href":"https:\/\/opm01.com\/it\/wp-json\/wp\/v2\/media?parent=11176"}],"wp:term":[{"taxonomy":"product_brand","embeddable":true,"href":"https:\/\/opm01.com\/it\/wp-json\/wp\/v2\/product_brand?post=11176"},{"taxonomy":"product_cat","embeddable":true,"href":"https:\/\/opm01.com\/it\/wp-json\/wp\/v2\/product_cat?post=11176"},{"taxonomy":"product_tag","embeddable":true,"href":"https:\/\/opm01.com\/it\/wp-json\/wp\/v2\/product_tag?post=11176"}],"curies":[{"name":"wp","href":"https:\/\/api.w.org\/{rel}","templated":true}]}}