{"id":4761,"date":"2022-11-04T20:44:37","date_gmt":"2022-11-05T01:44:37","guid":{"rendered":"https:\/\/opm01.com\/inversiones\/"},"modified":"2025-03-30T05:04:49","modified_gmt":"2025-03-30T10:04:49","slug":"investimenti","status":"publish","type":"page","link":"https:\/\/opm01.com\/it\/investimenti\/","title":{"rendered":"INVESTIMENTI"},"content":{"rendered":"\t\t<div data-elementor-type=\"wp-page\" data-elementor-id=\"4761\" class=\"elementor elementor-4761 elementor-4755\" data-elementor-post-type=\"page\">\n\t\t\t\t\t\t<section class=\"elementor-section elementor-top-section elementor-element elementor-element-01e3803 elementor-section-boxed elementor-section-height-default elementor-section-height-default\" data-id=\"01e3803\" data-element_type=\"section\" data-e-type=\"section\">\n\t\t\t\t\t\t<div class=\"elementor-container elementor-column-gap-wider\">\n\t\t\t\t\t<div class=\"elementor-column elementor-col-100 elementor-top-column elementor-element elementor-element-d040c50\" data-id=\"d040c50\" data-element_type=\"column\" data-e-type=\"column\">\n\t\t\t<div class=\"elementor-widget-wrap elementor-element-populated\">\n\t\t\t\t\t\t<section class=\"elementor-section elementor-inner-section elementor-element elementor-element-1b2d239 elementor-section-boxed elementor-section-height-default elementor-section-height-default\" data-id=\"1b2d239\" data-element_type=\"section\" data-e-type=\"section\">\n\t\t\t\t\t\t<div class=\"elementor-container elementor-column-gap-default\">\n\t\t\t\t\t<div class=\"elementor-column elementor-col-50 elementor-inner-column elementor-element elementor-element-1eeee1a\" data-id=\"1eeee1a\" data-element_type=\"column\" data-e-type=\"column\">\n\t\t\t<div class=\"elementor-widget-wrap elementor-element-populated\">\n\t\t\t\t\t\t<div class=\"elementor-element elementor-element-197b063 elementor-widget elementor-widget-image\" data-id=\"197b063\" data-element_type=\"widget\" data-e-type=\"widget\" data-widget_type=\"image.default\">\n\t\t\t\t<div class=\"elementor-widget-container\">\n\t\t\t\t\t\t\t\t\t\t\t\t\t\t\t<img decoding=\"async\" src=\"https:\/\/opm01.com\/wp-content\/uploads\/elementor\/thumbs\/Inversiones-qrnf4l3mcywl5az2cvim4c28hkyy6mpx9y2m4w4tts.png\" title=\"Inversiones\" alt=\"Inversiones\" loading=\"lazy\" \/>\t\t\t\t\t\t\t\t\t\t\t\t\t\t\t<\/div>\n\t\t\t\t<\/div>\n\t\t\t\t\t<\/div>\n\t\t<\/div>\n\t\t\t\t<div class=\"elementor-column elementor-col-50 elementor-inner-column elementor-element elementor-element-a32a774\" data-id=\"a32a774\" data-element_type=\"column\" data-e-type=\"column\">\n\t\t\t<div class=\"elementor-widget-wrap elementor-element-populated\">\n\t\t\t\t\t\t<div class=\"elementor-element elementor-element-07e42b7 elementor-widget elementor-widget-heading\" data-id=\"07e42b7\" data-element_type=\"widget\" data-e-type=\"widget\" data-widget_type=\"heading.default\">\n\t\t\t\t<div class=\"elementor-widget-container\">\n\t\t\t\t\t<h2 class=\"elementor-heading-title elementor-size-default\">Investimenti<\/h2>\t\t\t\t<\/div>\n\t\t\t\t<\/div>\n\t\t\t\t\t<\/div>\n\t\t<\/div>\n\t\t\t\t\t<\/div>\n\t\t<\/section>\n\t\t\t\t<section class=\"elementor-section elementor-inner-section elementor-element elementor-element-aa224a1 elementor-section-full_width elementor-section-height-default elementor-section-height-default\" data-id=\"aa224a1\" data-element_type=\"section\" data-e-type=\"section\">\n\t\t\t\t\t\t<div class=\"elementor-container elementor-column-gap-no\">\n\t\t\t\t\t<div class=\"elementor-column elementor-col-100 elementor-inner-column elementor-element elementor-element-9eb6d66\" data-id=\"9eb6d66\" data-element_type=\"column\" data-e-type=\"column\">\n\t\t\t<div class=\"elementor-widget-wrap elementor-element-populated\">\n\t\t\t\t\t\t<div class=\"elementor-element elementor-element-43163ce elementor-widget elementor-widget-text-editor\" data-id=\"43163ce\" data-element_type=\"widget\" data-e-type=\"widget\" data-widget_type=\"text-editor.default\">\n\t\t\t\t<div class=\"elementor-widget-container\">\n\t\t\t\t\t\t\t\t\t<p>In cosa investire? Questa \u00e8 la domanda da un milione di dollari. Dopo Covid e nel bel mezzo della recessione, gli investimenti offshore possono essere una buona opzione. Cerca nicchie e mercati inesplorati e, se necessario, prenditi un po&#8217; di rischio investendo nell&#8217;ignoto. Gli investimenti offshore online, il settore immobiliare, l&#8217;agricoltura e l&#8217;allevamento sembrano essere le opzioni migliori per il 2025.<\/p>\t\t\t\t\t\t\t\t<\/div>\n\t\t\t\t<\/div>\n\t\t\t\t<div class=\"elementor-element elementor-element-838b8ab elementor-widget elementor-widget-toggle\" data-id=\"838b8ab\" data-element_type=\"widget\" data-e-type=\"widget\" data-widget_type=\"toggle.default\">\n\t\t\t\t<div class=\"elementor-widget-container\">\n\t\t\t\t\t\t\t<div class=\"elementor-toggle\">\n\t\t\t\t\t\t\t<div class=\"elementor-toggle-item\">\n\t\t\t\t\t<div id=\"elementor-tab-title-1371\" class=\"elementor-tab-title\" data-tab=\"1\" role=\"button\" aria-controls=\"elementor-tab-content-1371\" aria-expanded=\"false\">\n\t\t\t\t\t\t\t\t\t\t\t\t<a class=\"elementor-toggle-title\" tabindex=\"0\">Leer <\/a>\n\t\t\t\t\t<\/div>\n\n\t\t\t\t\t<div id=\"elementor-tab-content-1371\" class=\"elementor-tab-content elementor-clearfix\" data-tab=\"1\" role=\"region\" aria-labelledby=\"elementor-tab-title-1371\"><p>Negli investimenti online \u00e8 possibile scegliere tra attivit\u00e0 &#8220;chiavi in mano&#8221; e attivit\u00e0 di sviluppo. Anche la compravendita di cibo in scatola \u00e8 un&#8217;ottima opzione. Ma se hai un capitale sufficiente, ti consigliamo di investire in un pozzo di acqua minerale o in una fabbrica di conserve.&nbsp;<\/p><p>Ci sono molte ragioni per cui investire all&#8217;estero pu\u00f2 essere una buona scelta per gli investitori.&nbsp;<\/p><p>Ecco alcune delle principali:<\/p><p>1.<span style=\"white-space:pre\">\t<\/span>Diversificazione: Investire all&#8217;estero pu\u00f2 aiutare a diversificare il proprio portafoglio, riducendo cos\u00ec il rischio complessivo degli investimenti. Ci\u00f2 \u00e8 particolarmente importante perch\u00e9 gli investimenti in un unico paese o mercato possono essere esposti a rischi specifici, come la fluttuazione delle valute o le crisi economiche locali.<\/p><p>2.<span style=\"white-space:pre\">\t<\/span>Maggiori opportunit\u00e0: Investire all&#8217;estero pu\u00f2 offrire maggiori opportunit\u00e0 di investimento in settori o mercati che potrebbero non essere disponibili o sviluppati in patria. Ad esempio, alcuni paesi potrebbero avere un forte sviluppo tecnologico o un&#8217;industria emergente che potrebbe essere interessante per gli investitori.<\/p><p>3.<span style=\"white-space:pre\">\t<\/span>Crescita economica: Alcuni paesi in via di sviluppo potrebbero offrire maggiori opportunit\u00e0 di crescita economica rispetto ai paesi pi\u00f9 sviluppati, il che potrebbe tradursi in maggiori opportunit\u00e0 di investimento e di guadagno.<\/p><p>4.<span style=\"white-space:pre\">\t<\/span>Protezione dalle crisi locali: Investire all&#8217;estero pu\u00f2 anche offrire una certa protezione dalle crisi locali che potrebbero colpire un determinato mercato o un paese. Ad esempio, se il mercato immobiliare in patria \u00e8 in crisi, gli investimenti immobiliari all&#8217;estero potrebbero offrire una maggiore stabilit\u00e0.<\/p><p>5.<span style=\"white-space:pre\">\t<\/span>Benefici fiscali: In alcuni casi, investire all&#8217;estero pu\u00f2 offrire anche benefici fiscali, come la riduzione delle tasse.<\/p>\n<p><\/p><\/div>\n\t\t\t\t<\/div>\n\t\t\t\t\t\t\t\t<\/div>\n\t\t\t\t\t\t<\/div>\n\t\t\t\t<\/div>\n\t\t\t\t<div class=\"elementor-element elementor-element-d8d49c3 elementor-widget elementor-widget-spacer\" data-id=\"d8d49c3\" data-element_type=\"widget\" data-e-type=\"widget\" data-widget_type=\"spacer.default\">\n\t\t\t\t<div class=\"elementor-widget-container\">\n\t\t\t\t\t\t\t<div class=\"elementor-spacer\">\n\t\t\t<div class=\"elementor-spacer-inner\"><\/div>\n\t\t<\/div>\n\t\t\t\t\t\t<\/div>\n\t\t\t\t<\/div>\n\t\t\t\t\t<\/div>\n\t\t<\/div>\n\t\t\t\t\t<\/div>\n\t\t<\/section>\n\t\t\t\t<div class=\"elementor-element elementor-element-c31a293 elementor-widget elementor-widget-shortcode\" data-id=\"c31a293\" data-element_type=\"widget\" data-e-type=\"widget\" data-widget_type=\"shortcode.default\">\n\t\t\t\t<div class=\"elementor-widget-container\">\n\t\t\t\t\t\t\t<div class=\"elementor-shortcode\"><div class=\"woocommerce columns-4 \">\n<div class=\"products_wrapper mfn-woo-products isotope_wrapper default-woo-loop lm_wrapper\">\n\t<ul class=\"products mfn-product-badges-left\">\n<li class=\"isotope-item align-center product type-product post-23184 status-publish first instock product_cat-investimenti product_cat-conto-in-banca has-post-thumbnail shipping-taxable purchasable product-type-variable\" >\n\n\t<div class=\"mfn-li-product-row mfn-li-product-row-image\"><div class=\"image_frame scale-with-grid product-loop-thumb\"><div data-offset=\"0\" class=\"image_wrapper\"><a href=\"https:\/\/opm01.com\/it\/prodotto\/conto-di-investimento-a-panama\/\" aria-label=\"Conto di Investimento a Panama\" tabindex=\"-1\"><div class=\"mask\"><\/div><div data-index=\"0\" class=\"mfn-product-list-gallery-item mfn-slide-current mfn-slide-first\"><img fetchpriority=\"high\" decoding=\"async\" width=\"1024\" height=\"1024\" src=\"https:\/\/opm01.com\/wp-content\/uploads\/2024\/11\/inversionista.jpg\" class=\"attachment-shop_catalog size-shop_catalog\" alt=\"conto di investimento a Panama\" srcset=\"https:\/\/opm01.com\/wp-content\/uploads\/2024\/11\/inversionista.jpg 1024w, https:\/\/opm01.com\/wp-content\/uploads\/2024\/11\/inversionista-300x300.jpg 300w, https:\/\/opm01.com\/wp-content\/uploads\/2024\/11\/inversionista-230x230.jpg 230w, https:\/\/opm01.com\/wp-content\/uploads\/2024\/11\/inversionista-768x768.jpg 768w, https:\/\/opm01.com\/wp-content\/uploads\/2024\/11\/inversionista-150x150.jpg 150w, https:\/\/opm01.com\/wp-content\/uploads\/2024\/11\/inversionista-75x75.jpg 75w, https:\/\/opm01.com\/wp-content\/uploads\/2024\/11\/inversionista-480x480.jpg 480w, https:\/\/opm01.com\/wp-content\/uploads\/2024\/11\/inversionista-800x800.jpg 800w\" sizes=\"(max-width:767px) 480px, (max-width:1024px) 100vw, 1024px\" \/><\/div><\/a><div class=\"image_links\"><a class=\"link\" tabindex=\"-1\" href=\"https:\/\/opm01.com\/it\/prodotto\/conto-di-investimento-a-panama\/\"><svg viewBox=\"0 0 26 26\"><defs><style>.path{fill:none;stroke:#333;stroke-miterlimit:10;stroke-width:1.5px;}<\/style><\/defs><g><path d=\"M10.17,8.76l2.12-2.12a5,5,0,0,1,7.07,0h0a5,5,0,0,1,0,7.07l-2.12,2.12\" class=\"path\"\/><path d=\"M15.83,17.24l-2.12,2.12a5,5,0,0,1-7.07,0h0a5,5,0,0,1,0-7.07l2.12-2.12\" class=\"path\"\/><line x1=\"10.17\" y1=\"15.83\" x2=\"15.83\" y2=\"10.17\" class=\"path\"\/><\/g><\/svg><\/a><\/div><\/div><a href=\"https:\/\/opm01.com\/it\/prodotto\/conto-di-investimento-a-panama\/\" aria-label=\"Conto di Investimento a Panama\" tabindex=\"-1\"><span class=\"product-loading-icon added-cart\"><\/span><\/a><\/div><\/div>\n\t<div class=\"desc\">\n\n\t\t\n\t\t<h5 class=\"mfn-woo-product-title \"><a href=\"https:\/\/opm01.com\/it\/prodotto\/conto-di-investimento-a-panama\/\">Conto di Investimento a Panama<\/a><\/h5>\n\t\t<div class=\"mfn-variations-wrapper-loop\"><\/div>\n\t<span class=\"price\"><span class=\"woocs_price_code woocs_preloader_ajax\" data-currency=\"EUR\" data-redraw-id=\"69eead29d8ab2\"  data-product-id=\"23184\"><span class=\"woocommerce-Price-amount amount\" aria-hidden=\"true\"><bdi><span class=\"woocommerce-Price-currencySymbol\">&euro;<\/span>&nbsp;1,200.00<\/bdi><\/span> <span aria-hidden=\"true\">-<\/span> <span class=\"woocommerce-Price-amount amount\" aria-hidden=\"true\"><bdi><span class=\"woocommerce-Price-currencySymbol\">&euro;<\/span>&nbsp;2,000.00<\/bdi><\/span><span class=\"screen-reader-text\">Fascia di prezzo: da &euro;&nbsp;1,200.00 a &euro;&nbsp;2,000.00<\/span><\/span><\/span>\n<div class=\"mfn-li-product-row mfn-li-product-row-button hide-button\"><\/div>\n\t<\/div>\n\n<\/li>\n<li class=\"isotope-item align-center product type-product post-11260 status-publish instock product_cat-investimenti has-post-thumbnail virtual purchasable product-type-simple\" >\n\n\t<div class=\"mfn-li-product-row mfn-li-product-row-image\"><div class=\"image_frame scale-with-grid product-loop-thumb\"><div data-offset=\"0\" class=\"image_wrapper\"><a href=\"https:\/\/opm01.com\/it\/prodotto\/pacchetto-di-4-appartamenti-a-panama\/\" aria-label=\"Pacchetto di 4 appartamenti a Panama\" tabindex=\"-1\"><div class=\"mask\"><\/div><div data-index=\"0\" class=\"mfn-product-list-gallery-item mfn-slide-current mfn-slide-first\"><img decoding=\"async\" width=\"800\" height=\"800\" src=\"https:\/\/opm01.com\/wp-content\/uploads\/2023\/07\/Apartamentos-Panama.jpeg\" class=\"attachment-shop_catalog size-shop_catalog\" alt=\"Paquete de 4 apartamentos en Panam\u00e1 \" srcset=\"https:\/\/opm01.com\/wp-content\/uploads\/2023\/07\/Apartamentos-Panama.jpeg 800w, https:\/\/opm01.com\/wp-content\/uploads\/2023\/07\/Apartamentos-Panama-300x300.jpeg 300w, https:\/\/opm01.com\/wp-content\/uploads\/2023\/07\/Apartamentos-Panama-230x230.jpeg 230w, https:\/\/opm01.com\/wp-content\/uploads\/2023\/07\/Apartamentos-Panama-768x768.jpeg 768w, https:\/\/opm01.com\/wp-content\/uploads\/2023\/07\/Apartamentos-Panama-146x146.jpeg 146w, https:\/\/opm01.com\/wp-content\/uploads\/2023\/07\/Apartamentos-Panama-50x50.jpeg 50w, https:\/\/opm01.com\/wp-content\/uploads\/2023\/07\/Apartamentos-Panama-75x75.jpeg 75w, https:\/\/opm01.com\/wp-content\/uploads\/2023\/07\/Apartamentos-Panama-85x85.jpeg 85w, https:\/\/opm01.com\/wp-content\/uploads\/2023\/07\/Apartamentos-Panama-80x80.jpeg 80w\" sizes=\"(max-width:767px) 480px, (max-width:800px) 100vw, 800px\" \/><\/div><\/a><div class=\"image_links\"><a rel=\"nofollow\" tabindex=\"-1\" href=\"\/it\/wp-json\/wp\/v2\/pages\/4761?add-to-cart=11260\" data-quantity=\"1\" data-product_id=\"11260\" class=\"add_to_cart_button ajax_add_to_cart product_type_simple\"><svg viewBox=\"0 0 26 26\"><defs><style>.path{fill:none;stroke:#333;stroke-miterlimit:10;stroke-width:1.5px;}<\/style><\/defs><polygon class=\"path\" points=\"20.4 20.4 5.6 20.4 6.83 10.53 19.17 10.53 20.4 20.4\"><\/polygon><path class=\"path\" d=\"M9.3,10.53V9.3a3.7,3.7,0,1,1,7.4,0v1.23\"><\/path><\/svg><\/a><a class=\"link\" tabindex=\"-1\" href=\"https:\/\/opm01.com\/it\/prodotto\/pacchetto-di-4-appartamenti-a-panama\/\"><svg viewBox=\"0 0 26 26\"><defs><style>.path{fill:none;stroke:#333;stroke-miterlimit:10;stroke-width:1.5px;}<\/style><\/defs><g><path d=\"M10.17,8.76l2.12-2.12a5,5,0,0,1,7.07,0h0a5,5,0,0,1,0,7.07l-2.12,2.12\" class=\"path\"\/><path d=\"M15.83,17.24l-2.12,2.12a5,5,0,0,1-7.07,0h0a5,5,0,0,1,0-7.07l2.12-2.12\" class=\"path\"\/><line x1=\"10.17\" y1=\"15.83\" x2=\"15.83\" y2=\"10.17\" class=\"path\"\/><\/g><\/svg><\/a><\/div><\/div><a href=\"https:\/\/opm01.com\/it\/prodotto\/pacchetto-di-4-appartamenti-a-panama\/\" aria-label=\"Pacchetto di 4 appartamenti a Panama\" tabindex=\"-1\"><span class=\"product-loading-icon added-cart\"><\/span><\/a><\/div><\/div>\n\t<div class=\"desc\">\n\n\t\t\n\t\t<h5 class=\"mfn-woo-product-title \"><a href=\"https:\/\/opm01.com\/it\/prodotto\/pacchetto-di-4-appartamenti-a-panama\/\">Pacchetto di 4 appartamenti a Panama<\/a><\/h5>\n\t\t\n\t<span class=\"price\"><span class=\"woocs_price_code woocs_preloader_ajax\" data-currency=\"EUR\" data-redraw-id=\"69eead29da736\"  data-product-id=\"11260\"><span class=\"woocommerce-Price-amount amount\"><bdi><span class=\"woocommerce-Price-currencySymbol\">&euro;<\/span>&nbsp;168,000.00<\/bdi><\/span><\/span><\/span>\n<div class=\"mfn-li-product-row mfn-li-product-row-button hide-button\"><\/div>\n\t<\/div>\n\n<\/li>\n<li class=\"isotope-item align-center product type-product post-7373 status-publish instock product_cat-investimenti has-post-thumbnail virtual purchasable product-type-simple\" >\n\n\t<div class=\"mfn-li-product-row mfn-li-product-row-image\"><div class=\"image_frame scale-with-grid product-loop-thumb\"><div data-offset=\"0\" class=\"image_wrapper\"><a href=\"https:\/\/opm01.com\/it\/prodotto\/case-a-1-euro-in-italia\/\" aria-label=\"Case a 1 euro in Italia\" tabindex=\"-1\"><div class=\"mask\"><\/div><div data-index=\"0\" class=\"mfn-product-list-gallery-item mfn-slide-current mfn-slide-first\"><img decoding=\"async\" width=\"800\" height=\"800\" src=\"https:\/\/opm01.com\/wp-content\/uploads\/2023\/01\/sambuca.jpg\" class=\"attachment-shop_catalog size-shop_catalog\" alt=\"1 euro houses in Italy\" srcset=\"https:\/\/opm01.com\/wp-content\/uploads\/2023\/01\/sambuca.jpg 800w, https:\/\/opm01.com\/wp-content\/uploads\/2023\/01\/sambuca-300x300.jpg 300w, https:\/\/opm01.com\/wp-content\/uploads\/2023\/01\/sambuca-230x230.jpg 230w, https:\/\/opm01.com\/wp-content\/uploads\/2023\/01\/sambuca-768x768.jpg 768w, https:\/\/opm01.com\/wp-content\/uploads\/2023\/01\/sambuca-146x146.jpg 146w, https:\/\/opm01.com\/wp-content\/uploads\/2023\/01\/sambuca-50x50.jpg 50w, https:\/\/opm01.com\/wp-content\/uploads\/2023\/01\/sambuca-75x75.jpg 75w, https:\/\/opm01.com\/wp-content\/uploads\/2023\/01\/sambuca-85x85.jpg 85w, https:\/\/opm01.com\/wp-content\/uploads\/2023\/01\/sambuca-80x80.jpg 80w\" sizes=\"(max-width:767px) 480px, (max-width:800px) 100vw, 800px\" \/><\/div><\/a><div class=\"image_links\"><a rel=\"nofollow\" tabindex=\"-1\" href=\"\/it\/wp-json\/wp\/v2\/pages\/4761?add-to-cart=7373\" data-quantity=\"1\" data-product_id=\"7373\" class=\"add_to_cart_button ajax_add_to_cart product_type_simple\"><svg viewBox=\"0 0 26 26\"><defs><style>.path{fill:none;stroke:#333;stroke-miterlimit:10;stroke-width:1.5px;}<\/style><\/defs><polygon class=\"path\" points=\"20.4 20.4 5.6 20.4 6.83 10.53 19.17 10.53 20.4 20.4\"><\/polygon><path class=\"path\" d=\"M9.3,10.53V9.3a3.7,3.7,0,1,1,7.4,0v1.23\"><\/path><\/svg><\/a><a class=\"link\" tabindex=\"-1\" href=\"https:\/\/opm01.com\/it\/prodotto\/case-a-1-euro-in-italia\/\"><svg viewBox=\"0 0 26 26\"><defs><style>.path{fill:none;stroke:#333;stroke-miterlimit:10;stroke-width:1.5px;}<\/style><\/defs><g><path d=\"M10.17,8.76l2.12-2.12a5,5,0,0,1,7.07,0h0a5,5,0,0,1,0,7.07l-2.12,2.12\" class=\"path\"\/><path d=\"M15.83,17.24l-2.12,2.12a5,5,0,0,1-7.07,0h0a5,5,0,0,1,0-7.07l2.12-2.12\" class=\"path\"\/><line x1=\"10.17\" y1=\"15.83\" x2=\"15.83\" y2=\"10.17\" class=\"path\"\/><\/g><\/svg><\/a><\/div><\/div><a href=\"https:\/\/opm01.com\/it\/prodotto\/case-a-1-euro-in-italia\/\" aria-label=\"Case a 1 euro in Italia\" tabindex=\"-1\"><span class=\"product-loading-icon added-cart\"><\/span><\/a><\/div><\/div>\n\t<div class=\"desc\">\n\n\t\t\n\t\t<h5 class=\"mfn-woo-product-title \"><a href=\"https:\/\/opm01.com\/it\/prodotto\/case-a-1-euro-in-italia\/\">Case a 1 euro in Italia<\/a><\/h5>\n\t\t\n\t<span class=\"price\"><span class=\"woocs_price_code woocs_preloader_ajax\" data-currency=\"EUR\" data-redraw-id=\"69eead29dc1e9\"  data-product-id=\"7373\"><span class=\"woocommerce-Price-amount amount\"><bdi><span class=\"woocommerce-Price-currencySymbol\">&euro;<\/span>&nbsp;1,000.00<\/bdi><\/span><\/span><\/span>\n<div class=\"mfn-li-product-row mfn-li-product-row-button hide-button\"><\/div>\n\t<\/div>\n\n<\/li>\n<li class=\"isotope-item align-center product type-product post-5704 status-publish last instock product_cat-investimenti product_cat-immigrazione-it has-post-thumbnail virtual purchasable product-type-simple\" >\n\n\t<div class=\"mfn-li-product-row mfn-li-product-row-image\"><div class=\"image_frame scale-with-grid product-loop-thumb\"><div data-offset=\"0\" class=\"image_wrapper\"><a href=\"https:\/\/opm01.com\/it\/prodotto\/vivere-e-investire-nellisla-margarita-b\/\" aria-label=\"Vivere e investire nell\u2019Isla Margarita\" tabindex=\"-1\"><div class=\"mask\"><\/div><div data-index=\"0\" class=\"mfn-product-list-gallery-item mfn-slide-current mfn-slide-first\"><img loading=\"lazy\" decoding=\"async\" width=\"800\" height=\"800\" src=\"https:\/\/opm01.com\/wp-content\/uploads\/2022\/11\/vivir-e-invertir-en-isla-margarita-d.jpg\" class=\"attachment-shop_catalog size-shop_catalog\" alt=\"Vivere e investire nell\u2019Isla Margarita\" srcset=\"https:\/\/opm01.com\/wp-content\/uploads\/2022\/11\/vivir-e-invertir-en-isla-margarita-d.jpg 800w, https:\/\/opm01.com\/wp-content\/uploads\/2022\/11\/vivir-e-invertir-en-isla-margarita-d-300x300.jpg 300w, https:\/\/opm01.com\/wp-content\/uploads\/2022\/11\/vivir-e-invertir-en-isla-margarita-d-230x230.jpg 230w, https:\/\/opm01.com\/wp-content\/uploads\/2022\/11\/vivir-e-invertir-en-isla-margarita-d-768x768.jpg 768w, https:\/\/opm01.com\/wp-content\/uploads\/2022\/11\/vivir-e-invertir-en-isla-margarita-d-146x146.jpg 146w, https:\/\/opm01.com\/wp-content\/uploads\/2022\/11\/vivir-e-invertir-en-isla-margarita-d-50x50.jpg 50w, https:\/\/opm01.com\/wp-content\/uploads\/2022\/11\/vivir-e-invertir-en-isla-margarita-d-75x75.jpg 75w, https:\/\/opm01.com\/wp-content\/uploads\/2022\/11\/vivir-e-invertir-en-isla-margarita-d-85x85.jpg 85w, https:\/\/opm01.com\/wp-content\/uploads\/2022\/11\/vivir-e-invertir-en-isla-margarita-d-80x80.jpg 80w\" sizes=\"(max-width:767px) 480px, (max-width:800px) 100vw, 800px\" \/><\/div><\/a><div class=\"image_links\"><a rel=\"nofollow\" tabindex=\"-1\" href=\"\/it\/wp-json\/wp\/v2\/pages\/4761?add-to-cart=5704\" data-quantity=\"1\" data-product_id=\"5704\" class=\"add_to_cart_button ajax_add_to_cart product_type_simple\"><svg viewBox=\"0 0 26 26\"><defs><style>.path{fill:none;stroke:#333;stroke-miterlimit:10;stroke-width:1.5px;}<\/style><\/defs><polygon class=\"path\" points=\"20.4 20.4 5.6 20.4 6.83 10.53 19.17 10.53 20.4 20.4\"><\/polygon><path class=\"path\" d=\"M9.3,10.53V9.3a3.7,3.7,0,1,1,7.4,0v1.23\"><\/path><\/svg><\/a><a class=\"link\" tabindex=\"-1\" href=\"https:\/\/opm01.com\/it\/prodotto\/vivere-e-investire-nellisla-margarita-b\/\"><svg viewBox=\"0 0 26 26\"><defs><style>.path{fill:none;stroke:#333;stroke-miterlimit:10;stroke-width:1.5px;}<\/style><\/defs><g><path d=\"M10.17,8.76l2.12-2.12a5,5,0,0,1,7.07,0h0a5,5,0,0,1,0,7.07l-2.12,2.12\" class=\"path\"\/><path d=\"M15.83,17.24l-2.12,2.12a5,5,0,0,1-7.07,0h0a5,5,0,0,1,0-7.07l2.12-2.12\" class=\"path\"\/><line x1=\"10.17\" y1=\"15.83\" x2=\"15.83\" y2=\"10.17\" class=\"path\"\/><\/g><\/svg><\/a><\/div><\/div><a href=\"https:\/\/opm01.com\/it\/prodotto\/vivere-e-investire-nellisla-margarita-b\/\" aria-label=\"Vivere e investire nell\u2019Isla Margarita\" tabindex=\"-1\"><span class=\"product-loading-icon added-cart\"><\/span><\/a><\/div><\/div>\n\t<div class=\"desc\">\n\n\t\t\n\t\t<h5 class=\"mfn-woo-product-title \"><a href=\"https:\/\/opm01.com\/it\/prodotto\/vivere-e-investire-nellisla-margarita-b\/\">Vivere e investire nell\u2019Isla Margarita<\/a><\/h5>\n\t\t\n\t<span class=\"price\"><span class=\"woocs_price_code woocs_preloader_ajax\" data-currency=\"EUR\" data-redraw-id=\"69eead29ddbd9\"  data-product-id=\"5704\"><span class=\"woocommerce-Price-amount amount\"><bdi><span class=\"woocommerce-Price-currencySymbol\">&euro;<\/span>&nbsp;150.00<\/bdi><\/span><\/span><\/span>\n<div class=\"mfn-li-product-row mfn-li-product-row-button hide-button\"><\/div>\n\t<\/div>\n\n<\/li>\n\n\t<\/ul>\n<\/div><\/div><\/div>\n\t\t\t\t\t\t<\/div>\n\t\t\t\t<\/div>\n\t\t\t\t\t<\/div>\n\t\t<\/div>\n\t\t\t\t\t<\/div>\n\t\t<\/section>\n\t\t\t\t<\/div>\n\t\t","protected":false},"excerpt":{"rendered":"<p>Investimenti In cosa investire? Questa \u00e8 la domanda da un milione di dollari. Dopo Covid e nel bel mezzo della recessione, gli investimenti offshore possono essere<span class=\"excerpt-hellip\"> [\u2026]<\/span><\/p>\n","protected":false},"author":1,"featured_media":0,"parent":0,"menu_order":0,"comment_status":"closed","ping_status":"closed","template":"","meta":{"inline_featured_image":false,"footnotes":""},"class_list":["post-4761","page","type-page","status-publish","hentry"],"_links":{"self":[{"href":"https:\/\/opm01.com\/it\/wp-json\/wp\/v2\/pages\/4761","targetHints":{"allow":["GET"]}}],"collection":[{"href":"https:\/\/opm01.com\/it\/wp-json\/wp\/v2\/pages"}],"about":[{"href":"https:\/\/opm01.com\/it\/wp-json\/wp\/v2\/types\/page"}],"author":[{"embeddable":true,"href":"https:\/\/opm01.com\/it\/wp-json\/wp\/v2\/users\/1"}],"replies":[{"embeddable":true,"href":"https:\/\/opm01.com\/it\/wp-json\/wp\/v2\/comments?post=4761"}],"version-history":[{"count":41,"href":"https:\/\/opm01.com\/it\/wp-json\/wp\/v2\/pages\/4761\/revisions"}],"predecessor-version":[{"id":25214,"href":"https:\/\/opm01.com\/it\/wp-json\/wp\/v2\/pages\/4761\/revisions\/25214"}],"wp:attachment":[{"href":"https:\/\/opm01.com\/it\/wp-json\/wp\/v2\/media?parent=4761"}],"curies":[{"name":"wp","href":"https:\/\/api.w.org\/{rel}","templated":true}]}}