{"id":30862,"date":"2026-03-18T04:18:33","date_gmt":"2026-03-18T09:18:33","guid":{"rendered":"https:\/\/opm01.com\/?page_id=30862"},"modified":"2026-03-18T19:36:36","modified_gmt":"2026-03-19T00:36:36","slug":"glossario-w","status":"publish","type":"page","link":"https:\/\/opm01.com\/it\/glossario\/glossario-w\/","title":{"rendered":"Glossario \u2013 W"},"content":{"rendered":"\t\t<div data-elementor-type=\"wp-page\" data-elementor-id=\"30862\" class=\"elementor elementor-30862\" data-elementor-post-type=\"page\">\n\t\t\t\t<div class=\"elementor-element elementor-element-7a15dcb e-flex e-con-boxed e-con e-parent\" data-id=\"7a15dcb\" data-element_type=\"container\" data-e-type=\"container\">\n\t\t\t\t\t<div class=\"e-con-inner\">\n\t\t\t\t<div class=\"elementor-element elementor-element-2358b8a elementor-widget elementor-widget-shortcode\" data-id=\"2358b8a\" data-element_type=\"widget\" data-e-type=\"widget\" data-widget_type=\"shortcode.default\">\n\t\t\t\t<div class=\"elementor-widget-container\">\n\t\t\t\t\t\t\t<div class=\"elementor-shortcode\">\n<style>\n  :root {\n    --navy: #0D1B2A;\n    --gold: #C9A84C;\n    --gold-light: #E8C97A;\n    --cream: #F8F4ED;\n    --text: #2C2C2C;\n    --muted: #6B6B6B;\n    --border: #D9D0C0;\n    --white: #FFFFFF;\n  }\n\n\n  .page-header {\n    background: var(--navy);\n    padding: 48px 40px 36px;\n    display: flex;\n    align-items: center;\n    justify-content: space-between;\n    flex-wrap: wrap;\n    gap: 16px;\n  }\n  .page-header-left h1 {\n    font-family: 'Playfair Display', serif;\n    font-size: clamp(2.5rem, 8vw, 5rem);\n    color: var(--gold);\n    line-height: 1;\n    letter-spacing: -0.02em;\n  }\n  .page-header-left p {\n    color: rgba(255,255,255,0.6);\n    font-size: 0.9rem;\n    margin-top: 6px;\n    letter-spacing: 0.04em;\n    text-transform: uppercase;\n  }\n  .back-btn {\n    display: inline-flex;\n    align-items: center;\n    gap: 8px;\n    background: transparent;\n    border: 2px solid var(--gold);\n    color: var(--gold);\n    padding: 10px 22px;\n    border-radius: 4px;\n    font-family: 'Source Sans 3', sans-serif;\n    font-size: 0.9rem;\n    font-weight: 600;\n    text-decoration: none;\n    letter-spacing: 0.04em;\n    text-transform: uppercase;\n    transition: all 0.2s;\n    cursor: pointer;\n  }\n  .back-btn:hover {\n    background: var(--gold);\n    color: var(--navy);\n  }\n\n  \/* Mini alphabet nav *\/\n  .mini-alpha {\n    background: var(--white);\n    border-bottom: 1px solid var(--border);\n    padding: 14px 40px;\n    display: flex;\n    flex-wrap: wrap;\n    gap: 6px;\n    justify-content: center;\n  }\n  .mini-alpha a {\n    display: inline-flex;\n    align-items: center;\n    justify-content: center;\n    min-width: 34px; height: 34px;\n    padding: 0 6px;\n    border: 1px solid var(--border);\n    border-radius: 3px;\n    font-family: 'Playfair Display', serif;\n    font-size: 0.95rem;\n    font-weight: 700;\n    color: var(--navy);\n    text-decoration: none;\n    background: var(--cream);\n    transition: all 0.15s;\n  }\n  .mini-alpha a:hover { background: var(--navy); color: var(--gold); border-color: var(--navy); }\n  .mini-alpha a.current { background: var(--navy); color: var(--gold); border-color: var(--navy); }\n\n  \/* Terms *\/\n  .terms-container {\n    max-width: 860px;\n    margin: 52px auto 80px;\n    padding: 0 40px;\n  }\n\n  .term-entry {\n    margin-bottom: 48px;\n    padding-bottom: 48px;\n    border-bottom: 1px solid var(--border);\n    scroll-margin-top: 20px;\n  }\n  .term-entry:last-child { border-bottom: none; }\n\n  .term-entry h3 {\n    font-family: 'Playfair Display', serif;\n    font-size: 1.45rem;\n    color: var(--navy);\n    margin-bottom: 14px;\n    line-height: 1.3;\n  }\n  .term-entry h3 .term-label {\n    display: inline-block;\n    background: var(--gold);\n    color: var(--navy);\n    font-family: 'Source Sans 3', sans-serif;\n    font-size: 0.7rem;\n    font-weight: 600;\n    padding: 3px 9px;\n    border-radius: 2px;\n    letter-spacing: 0.06em;\n    text-transform: uppercase;\n    margin-left: 10px;\n    vertical-align: middle;\n    position: relative;\n    top: -3px;\n  }\n  .term-entry p {\n    font-size: 1rem;\n    color: #3A3A3A;\n    line-height: 1.8;\n  }\n\n  .bottom-nav {\n    background: var(--white);\n    border-top: 1px solid var(--border);\n    padding: 28px 40px;\n    text-align: center;\n  }\n  .bottom-nav a.back-btn-bottom {\n    display: inline-flex;\n    align-items: center;\n    gap: 8px;\n    background: var(--navy);\n    color: var(--gold);\n    padding: 12px 28px;\n    border-radius: 4px;\n    font-family: 'Source Sans 3', sans-serif;\n    font-size: 0.9rem;\n    font-weight: 600;\n    text-decoration: none;\n    letter-spacing: 0.04em;\n    text-transform: uppercase;\n    transition: all 0.2s;\n  }\n  .bottom-nav a.back-btn-bottom:hover { background: var(--gold); color: var(--navy); }\n\n  @media (max-width: 600px) {\n    .page-header { padding: 36px 20px 28px; }\n    .mini-alpha { padding: 12px 16px; }\n    .terms-container { padding: 0 20px; margin: 36px auto 60px; }\n    .bottom-nav { padding: 20px; }\n  }\n<\/style>\n\n<div class=\"page-header\">\n  <div class=\"page-header-left\">\n      <h1>W<\/h1>\n      <p>Glossario Tecnico di Ottimizzazione Fiscale<\/p>\n<\/div>\n    <a href=\"\/it\/glossario\" class=\"back-btn\">\u2190 Torna al Glossario<\/a>\n<\/div>\n  <div class=\"mini-alpha\">\n          <a href=\"https:\/\/opm01.com\/it\/glossario\/glossario-a\/\" class=\"\">\n        A      <\/a>\n          <a href=\"https:\/\/opm01.com\/it\/glossario\/glossario-b\/\" class=\"\">\n        B      <\/a>\n          <a href=\"https:\/\/opm01.com\/it\/glossario\/glossario-c\/\" class=\"\">\n        C      <\/a>\n          <a href=\"https:\/\/opm01.com\/it\/glossario\/glossario-d\/\" class=\"\">\n        D      <\/a>\n          <a href=\"https:\/\/opm01.com\/it\/glossario\/glossario-e\/\" class=\"\">\n        E      <\/a>\n          <a href=\"https:\/\/opm01.com\/it\/glossario\/glossario-f\/\" class=\"\">\n        F      <\/a>\n          <a href=\"https:\/\/opm01.com\/it\/glossario\/glossario-g\/\" class=\"\">\n        G      <\/a>\n          <a href=\"https:\/\/opm01.com\/it\/glossario\/glossario-h\/\" class=\"\">\n        H      <\/a>\n          <a href=\"https:\/\/opm01.com\/it\/glossario\/glossario-i\/\" class=\"\">\n        I      <\/a>\n          <a href=\"https:\/\/opm01.com\/it\/glossario\/glossario-j\/\" class=\"\">\n        J      <\/a>\n          <a href=\"https:\/\/opm01.com\/it\/glossario\/glossario-k\/\" class=\"\">\n        K      <\/a>\n          <a href=\"https:\/\/opm01.com\/it\/glossario\/glossario-l\/\" class=\"\">\n        L      <\/a>\n          <a href=\"https:\/\/opm01.com\/it\/glossario\/glossario-m\/\" class=\"\">\n        M      <\/a>\n          <a href=\"https:\/\/opm01.com\/it\/glossario\/glossario-n\/\" class=\"\">\n        N      <\/a>\n          <a href=\"https:\/\/opm01.com\/it\/glossario\/glossario-o\/\" class=\"\">\n        O      <\/a>\n          <a href=\"https:\/\/opm01.com\/it\/glossario\/glossario-p\/\" class=\"\">\n        P      <\/a>\n          <a href=\"https:\/\/opm01.com\/it\/glossario\/glossario-q\/\" class=\"\">\n        Q      <\/a>\n          <a href=\"https:\/\/opm01.com\/it\/glossario\/glossario-r\/\" class=\"\">\n        R      <\/a>\n          <a href=\"https:\/\/opm01.com\/it\/glossario\/glossario-s\/\" class=\"\">\n        S      <\/a>\n          <a href=\"https:\/\/opm01.com\/it\/glossario\/glossario-t\/\" class=\"\">\n        T      <\/a>\n          <a href=\"https:\/\/opm01.com\/it\/glossario\/glossario-u\/\" class=\"\">\n        U      <\/a>\n          <a href=\"https:\/\/opm01.com\/it\/glossario\/glossario-v\/\" class=\"\">\n        V      <\/a>\n          <a href=\"https:\/\/opm01.com\/it\/glossario\/glossario-w\/\" class=\"current\">\n        W      <\/a>\n          <a href=\"https:\/\/opm01.com\/it\/glossario\/glossario-x\/\" class=\"\">\n        X      <\/a>\n          <a href=\"https:\/\/opm01.com\/it\/glossario\/glossario-y\/\" class=\"\">\n        Y      <\/a>\n          <a href=\"https:\/\/opm01.com\/it\/glossario\/glossario-z\/\" class=\"\">\n        Z      <\/a>\n      <\/div>\n \n<\/div>\n\t\t\t\t\t\t<\/div>\n\t\t\t\t<\/div>\n\t\t\t\t\t<\/div>\n\t\t\t\t<\/div>\n\t\t<div class=\"elementor-element elementor-element-3a17c20 e-flex e-con-boxed e-con e-parent\" data-id=\"3a17c20\" data-element_type=\"container\" data-e-type=\"container\">\n\t\t\t\t\t<div class=\"e-con-inner\">\n\t\t\t\t<div class=\"elementor-element elementor-element-5d2d87a elementor-widget elementor-widget-heading\" data-id=\"5d2d87a\" data-element_type=\"widget\" data-e-type=\"widget\" data-widget_type=\"heading.default\">\n\t\t\t\t<div class=\"elementor-widget-container\">\n\t\t\t\t\t<h2 class=\"elementor-heading-title elementor-size-default\">Glossario Tecnico di Ottimizzazione Fiscale Lettera W<\/h2>\t\t\t\t<\/div>\n\t\t\t\t<\/div>\n\t\t\t\t\t<\/div>\n\t\t\t\t<\/div>\n\t\t<div class=\"elementor-element elementor-element-307eda4 e-flex e-con-boxed e-con e-parent\" data-id=\"307eda4\" data-element_type=\"container\" data-e-type=\"container\">\n\t\t\t\t\t<div class=\"e-con-inner\">\n\t\t\t\t<div class=\"elementor-element elementor-element-1603218 elementor-widget elementor-widget-text-editor\" data-id=\"1603218\" data-element_type=\"widget\" data-e-type=\"widget\" data-widget_type=\"text-editor.default\">\n\t\t\t\t<div class=\"elementor-widget-container\">\n\t\t\t\t\t\t\t\t\t<div class=\"terms-container\"><div id=\"wealth-management-gestione-patrimoniale\" class=\"term-entry\"><h2>Wealth Management (Gestione Patrimoniale)<\/h2><p>Il Wealth Management \u00e8 un servizio professionale di alto livello che combina consulenza finanziaria, pianificazione fiscale e gestione legale del patrimonio. Nell&#8217;ottimizzazione internazionale, non si limita alla scelta degli investimenti, ma si occupa di strutturare il patrimonio (attraverso Trust, Fondazioni o Holding) in modo che sia protetto da rischi legali e ottimizzato sotto il profilo fiscale. Un buon Wealth Manager coordina la strategia tra diverse giurisdizioni per garantire che la crescita del capitale non sia erosa da doppie imposizioni o da una cattiva gestione della residenza fiscale.<\/p><\/div><div id=\"white-list-lista-bianca\" class=\"term-entry\"><h2>White List (Lista Bianca)<\/h2><p>La White List \u00e8 l&#8217;elenco degli Stati e territori che garantiscono un adeguato scambio di informazioni con le autorit\u00e0 fiscali e che hanno adottato standard di trasparenza riconosciuti a livello internazionale (OCSE). Operare attraverso giurisdizioni incluse nella White List \u00e8 fondamentale per la reputazione di un business: le transazioni verso questi paesi non subiscono le limitazioni o le maggiorazioni fiscali che invece colpiscono i paesi in Black List. Panam\u00e1 ha lavorato intensamente per consolidare la propria posizione nelle liste bianche, offrendo cos\u00ec ai propri residenti un ambiente operativo sicuro e rispettato globalmente.<\/p><\/div><div id=\"withholding-tax-ritenuta-alla-fonte\" class=\"term-entry\"><h2>Withholding Tax (Ritenuta alla Fonte)<\/h2><p>(Vedi anche Ritenuta alla Fonte). \u00c8 l&#8217;imposta prelevata direttamente alla sorgente su pagamenti verso non residenti (dividendi, interessi, royalties). Nell&#8217;ottimizzazione, la riduzione della Withholding Tax tramite l&#8217;uso di trattati fiscali bilaterali \u00e8 una delle priorit\u00e0. Ridurre una ritenuta dal 30% al 5% o allo 0% pu\u00f2 trasformare radicalmente la redditivit\u00e0 di un investimento internazionale.<\/p><\/div><div id=\"wll-with-limited-liability\" class=\"term-entry\"><h2>WLL &#8211; With Limited Liability<\/h2><p>La sigla WLL identifica un tipo di societ\u00e0 a responsabilit\u00e0 limitata tipica di alcune giurisdizioni mediorientali. Analogamente alla LLC statunitense o alla GmbH tedesca, la WLL limita il rischio dei soci al capitale sottoscritto. Nell&#8217;ottimizzazione fiscale, queste entit\u00e0 vengono spesso utilizzate da imprenditori che operano nei mercati del Golfo, ma che desiderano interfacciare tali attivit\u00e0 con holding in giurisdizioni a tassazione territoriale come Panam\u00e1, creando un ponte fiscale efficiente tra il Medio Oriente e il resto del mondo.<\/p><\/div><div id=\"world-wide-taxation-tassazione-globale\" class=\"term-entry\"><h2>World-Wide Taxation (Tassazione Globale)<\/h2><p>\u00c8 il principio fiscale in base al quale un paese tassa i propri residenti su tutti i redditi prodotti ovunque nel mondo. \u00c8 il sistema adottato dalla maggior parte dei paesi OCSE (Italia, Spagna, USA). L&#8217;ottimizzazione fiscale internazionale nasce proprio come risposta legittima alla World-Wide Taxation, permettendo ai contribuenti di spostare legalmente la propria residenza verso sistemi di Tassazione Territoriale, dove solo il reddito prodotto localmente \u00e8 soggetto a imposta.<\/p><\/div><\/div>\t\t\t\t\t\t\t\t<\/div>\n\t\t\t\t<\/div>\n\t\t\t\t\t<\/div>\n\t\t\t\t<\/div>\n\t\t<div class=\"elementor-element elementor-element-b8a8775 e-flex e-con-boxed e-con e-parent\" data-id=\"b8a8775\" data-element_type=\"container\" data-e-type=\"container\">\n\t\t\t\t\t<div class=\"e-con-inner\">\n\t\t\t\t<div class=\"elementor-element elementor-element-86f8e8f elementor-widget elementor-widget-shortcode\" data-id=\"86f8e8f\" data-element_type=\"widget\" data-e-type=\"widget\" data-widget_type=\"shortcode.default\">\n\t\t\t\t<div class=\"elementor-widget-container\">\n\t\t\t\t\t\t\t<div class=\"elementor-shortcode\"><div class=\"bottom-nav\">\n  <a href=\"https:\/\/opm01.com\/it\/glossario\" class=\"back-btn-bottom\">&#8592; Torna al Glossario<\/a>\n<\/div>\n\n<\/div>\n\t\t\t\t\t\t<\/div>\n\t\t\t\t<\/div>\n\t\t\t\t\t<\/div>\n\t\t\t\t<\/div>\n\t\t\t\t<\/div>\n\t\t","protected":false},"excerpt":{"rendered":"<p>Glossario Tecnico di Ottimizzazione Fiscale Lettera W Wealth Management (Gestione Patrimoniale) Il Wealth Management \u00e8 un servizio professionale di alto livello che combina consulenza finanziaria, pianificazione<span class=\"excerpt-hellip\"> [\u2026]<\/span><\/p>\n","protected":false},"author":3,"featured_media":0,"parent":29710,"menu_order":0,"comment_status":"closed","ping_status":"closed","template":"","meta":{"inline_featured_image":false,"footnotes":""},"class_list":["post-30862","page","type-page","status-publish","hentry"],"_links":{"self":[{"href":"https:\/\/opm01.com\/it\/wp-json\/wp\/v2\/pages\/30862","targetHints":{"allow":["GET"]}}],"collection":[{"href":"https:\/\/opm01.com\/it\/wp-json\/wp\/v2\/pages"}],"about":[{"href":"https:\/\/opm01.com\/it\/wp-json\/wp\/v2\/types\/page"}],"author":[{"embeddable":true,"href":"https:\/\/opm01.com\/it\/wp-json\/wp\/v2\/users\/3"}],"replies":[{"embeddable":true,"href":"https:\/\/opm01.com\/it\/wp-json\/wp\/v2\/comments?post=30862"}],"version-history":[{"count":10,"href":"https:\/\/opm01.com\/it\/wp-json\/wp\/v2\/pages\/30862\/revisions"}],"predecessor-version":[{"id":30875,"href":"https:\/\/opm01.com\/it\/wp-json\/wp\/v2\/pages\/30862\/revisions\/30875"}],"up":[{"embeddable":true,"href":"https:\/\/opm01.com\/it\/wp-json\/wp\/v2\/pages\/29710"}],"wp:attachment":[{"href":"https:\/\/opm01.com\/it\/wp-json\/wp\/v2\/media?parent=30862"}],"curies":[{"name":"wp","href":"https:\/\/api.w.org\/{rel}","templated":true}]}}